{"id":31454,"date":"2022-12-30T11:21:21","date_gmt":"2022-12-30T10:21:21","guid":{"rendered":"https:\/\/www.oafifoundation.com\/aviso-legal\/"},"modified":"2023-05-09T19:18:08","modified_gmt":"2023-05-09T17:18:08","slug":"avis-legal","status":"publish","type":"page","link":"https:\/\/www.oafifoundation.com\/ca\/avis-legal\/","title":{"rendered":"Av\u00eds legal i pol\u00edtica de privacitat"},"content":{"rendered":"\t\t<div data-elementor-type=\"wp-page\" data-elementor-id=\"31454\" class=\"elementor elementor-31454 elementor-3663\">\n\t\t\t\t\t\t<section class=\"has_eae_slider elementor-section elementor-top-section elementor-element elementor-element-5c752ab9 elementor-section-stretched elementor-section-content-middle elementor-section-boxed elementor-section-height-default elementor-section-height-default\" data-eae-slider=\"58612\" data-id=\"5c752ab9\" data-element_type=\"section\" data-settings=\"{&quot;stretch_section&quot;:&quot;section-stretched&quot;,&quot;background_background&quot;:&quot;classic&quot;}\">\n\t\t\t\t\t\t\t<div class=\"elementor-background-overlay\"><\/div>\n\t\t\t\t\t\t\t<div class=\"elementor-container elementor-column-gap-default\">\n\t\t\t\t\t<div class=\"has_eae_slider elementor-column elementor-col-100 elementor-top-column elementor-element elementor-element-65535864\" data-eae-slider=\"57539\" data-id=\"65535864\" data-element_type=\"column\">\n\t\t\t<div class=\"elementor-widget-wrap elementor-element-populated\">\n\t\t\t\t\t\t<div class=\"elementor-element elementor-element-5c413702 elementor-widget elementor-widget-heading\" data-id=\"5c413702\" data-element_type=\"widget\" data-widget_type=\"heading.default\">\n\t\t\t\t<div class=\"elementor-widget-container\">\n\t\t\t\t\t<h1 class=\"elementor-heading-title elementor-size-default\">Av\u00eds legal i pol\u00edtica de privacitat<\/h1>\t\t\t\t<\/div>\n\t\t\t\t<\/div>\n\t\t\t\t\t<\/div>\n\t\t<\/div>\n\t\t\t\t\t<\/div>\n\t\t<\/section>\n\t\t\t\t<section class=\"has_eae_slider elementor-section elementor-top-section elementor-element elementor-element-9fab173 elementor-section-boxed elementor-section-height-default elementor-section-height-default\" data-eae-slider=\"61989\" data-id=\"9fab173\" data-element_type=\"section\">\n\t\t\t\t\t\t<div class=\"elementor-container elementor-column-gap-default\">\n\t\t\t\t\t<div class=\"has_eae_slider elementor-column elementor-col-100 elementor-top-column elementor-element elementor-element-a4b2a45\" data-eae-slider=\"5048\" data-id=\"a4b2a45\" data-element_type=\"column\">\n\t\t\t<div class=\"elementor-widget-wrap elementor-element-populated\">\n\t\t\t\t\t\t<div class=\"elementor-element elementor-element-b593e6e elementor-widget elementor-widget-text-editor\" data-id=\"b593e6e\" data-element_type=\"widget\" data-widget_type=\"text-editor.default\">\n\t\t\t\t<div class=\"elementor-widget-container\">\n\t\t\t\t\t\t\t\t\t<h3><strong>DADES GENERALS<\/strong><\/h3><p>D\u2019acord amb l\u2019article 10 de la Llei 34\/2002, d\u201911 de juliol, de Serveis de la Societat de la Informaci\u00f3 i de Comer\u00e7 Electr\u00f2nic posem a la seva disposici\u00f3 les seg\u00fcents dades:<\/p><p>OSTEOARTHRITIS FOUNDATION INTERNATIONAL (en endavant OAFI) amb domicili al Carrer Tuset 19, 3r-2a, 08006 (Barcelona) i prove\u00efda de CIF G66727504 est\u00e0 inscrita al Registre d\u2019Entitats Jur\u00eddiques sense \u00e0nim de lucre i independent de la Generalitat de Catalunya amb el n\u00famero d\u2019inscripci\u00f3 2965.<\/p><p>A la web www.oafifoundation.com hi ha una s\u00e8rie de continguts referents al comprom\u00eds d\u2019OAFI per millorar la qualitat de vida dels pacients d\u2019artrosi i fer-ho des de tots els \u00e0mbits: la prevenci\u00f3, educaci\u00f3 en els h\u00e0bits saludables i en la recerca de nous tractaments per tractar la malaltia. El contingut i la informaci\u00f3 d\u2019aquest lloc web \u00e9s merament de car\u00e0cter informatiu i divulgatiu, i no constitueix assessorament ni diagn\u00f2stic m\u00e8dic de cap tipus.<\/p><h3><strong>POL\u00cdTICA DE PRIVACITAT<\/strong><\/h3><p>En compliment del que es disposa a la Llei Org\u00e0nica 15\/1999, del 13 de Desembre, de Protecci\u00f3 de Dades de Car\u00e0cter Personal (LOPD) s\u2019informa a l\u2019usuari que totes les dades que en proporcioni a trav\u00e9s de la web seran incorporades dins un fitxer, creat i mantingut sota la responsabilitat d\u2019OSTEOARTHRITIS FOUNDATION INTERNATIONAL.<\/p><p>Sempre es respectar\u00e0 la confidencialitat de les seves dades personals que nom\u00e9s seran utilitzades amb la finalitat de gestionar els serveis oferts, atendre les sol\u00b7licituds que ens plantegi, realitzar tasques administratives, aix\u00ed com enviar informaci\u00f3 t\u00e8cnica, comercial o publicit\u00e0ria per via ordin\u00e0ria o electr\u00f2nica.<\/p><p>Per exercir els seus drets d\u2019oposici\u00f3, rectificaci\u00f3 o cancel\u00b7laci\u00f3 haur\u00e0 d\u2019adre\u00e7ar-se a la seu de l\u2019empresa al carrer Tuset 19, 3r-2a, 08006 (Barcelona), escriure\u2019ns al seg\u00fcent correu: info@oafifoundation.com o trucar-nos al n\u00famero de tel\u00e8fon: 931 594 015.<\/p><h3><strong>CONDICIONS D\u2019\u00daS<\/strong><\/h3><p>Les condicions d\u2019acc\u00e9s i \u00fas del present lloc web es regeixen per la legalitat vigent i pel principi de bona fe comprometent-se l\u2019usuari a realitzar un bon \u00fas del web. No es permeten conductes que vagin en contra de la llei, els drets o interessos de tercers.<\/p><p>Ser usuari del web www.oafifoundation.com implica que reconeix haver llegir i acceptat les presents condicions i el que les estengui la normativa legal aplicable en aquesta mat\u00e8ria. Si pel motiu que fos no estigu\u00e9s d\u2019acord amb aquestes condicions no continu\u00ef utilitzant aquest web.<\/p><p>Qualsevol tipus de notificaci\u00f3 i\/o reclamaci\u00f3 nom\u00e9s ser\u00e0 validada per notificaci\u00f3 escrita i\/o per correu certificat.<\/p><h3><strong>RESPONSABILITATS<\/strong><\/h3><p>OAFI no es fa responsable de la informaci\u00f3 i continguts emmagatzemats a f\u00f2rums, xarxes socials o qualsevol altre mitj\u00e0 que permeti a tercers publicar continguts de manera independent al web del prestador.<\/p><p>Malgrat aix\u00f2, tenint en compte els art. 11 i 16 de la LSSI-CE, OAFI es compromet a la retirada o en el seu cas bloqueig d\u2019aquells continguts que poguessin afectar o contravenir la legislaci\u00f3 nacional o internacional, drets de tercers o la moral i l\u2019ordre p\u00fablic.<\/p><p>Tampoc la Fundaci\u00f3 es responsabilitzar\u00e0 dels danys i perjudicis que es produeixin per errades o males configuracions del software instal\u00b7lat a l\u2019ordinador de l\u2019internauta. S\u2019exclou de tota responsabilitat per alguna incid\u00e8ncia t\u00e8cnica o error que es produeixi quan l\u2019usuari es connecti a internet. Igualment, no es garanteix la inexist\u00e8ncia d\u2019interrupcions o errors a l\u2019acc\u00e9s del lloc web.<\/p><p>Aix\u00ed mateix, OAFI es reserva el dret d\u2019actualitzar, modificar o eliminar la informaci\u00f3 continguda en el seu web, aix\u00ed com la configuraci\u00f3 o presentaci\u00f3 del mateix, a qualsevol moment sense assumir alguna responsabilitat per aix\u00f2.<\/p><h3><strong>PROPIETAT INTEL\u00b7LECTUAL I INDUSTRIAL<\/strong><\/h3><p>OAFI \u00e9s titular de tots els drets sobre el software de la publicaci\u00f3 digital aix\u00ed com dels drets de propietat industrial i intel\u00b7lectual referents als continguts que s\u2019incloguin, a excepci\u00f3 dels drets sobre productes i serveis de car\u00e0cter p\u00fablic que no s\u00f3n propietat d\u2019aquesta Fundaci\u00f3.<\/p><p>Cap material publicat en aquesta web podr\u00e0 ser reprodu\u00eft, copiat o publicat sense el consentiment per escrit d\u2019OAFI.<\/p><p>Tota la informaci\u00f3 que es rebi al web, com comentaris, suggeriments o idees, es considerar\u00e0 cedida a OAFI de manera gratu\u00efta. No s\u2019ha d\u2019enviar informaci\u00f3 que NO pugui ser tractada d\u2019aquest mode.<\/p><p>Tots els productes i serveis d\u2019aquestes p\u00e0gines que NO s\u00f3n propietat d\u2019OAFI s\u00f3n marques registrades dels seus respectius propietaris i s\u00f3n reconegudes com a tals per la nostra Fundaci\u00f3. Nom\u00e9s apareixen al web d\u2019OAFI a efectes de promoci\u00f3 i de recopilaci\u00f3 d\u2019informaci\u00f3. Aquests propietaris poden sol\u00b7licitar la modificaci\u00f3 o eliminaci\u00f3 de la informaci\u00f3 que els hi pertany.<\/p><p>La mascota d\u2019OAFI, anomenada OAFITO va ser creada de manera exclusiva i altruista per l\u2019artista Xavier Mariscal. Els drets de propietat intel\u00b7lectual sobre aquesta obra s\u00f3n propietat de Xavier Mariscal, tenint OAFI els drets d\u2019explotaci\u00f3.<\/p><h3><strong>LLEI APLICABLE I JURISDICCI\u00d3<\/strong><\/h3><p>Les presents condicions generals es regeixen per la legislaci\u00f3 espanyola. Per a qualsevol litigi que pogu\u00e9s sorgir relacionat amb el lloc web o l\u2019activitat que en ell es desenvolupa seran competents Jutjats de Barcelona, renunciant expressament l\u2019usuari a qualsevol altre fur que pogu\u00e9s correspondre-li.<\/p>\t\t\t\t\t\t\t\t<\/div>\n\t\t\t\t<\/div>\n\t\t\t\t\t<\/div>\n\t\t<\/div>\n\t\t\t\t\t<\/div>\n\t\t<\/section>\n\t\t\t\t<\/div>\n\t\t","protected":false},"excerpt":{"rendered":"<p>Av\u00eds legal i pol\u00edtica de privacitat DADES GENERALS D\u2019acord amb l\u2019article 10 de la Llei 34\/2002, d\u201911 de juliol, de Serveis de la Societat de la Informaci\u00f3 i de Comer\u00e7 Electr\u00f2nic posem a la seva disposici\u00f3 les seg\u00fcents dades: OSTEOARTHRITIS FOUNDATION INTERNATIONAL (en endavant OAFI) amb domicili al Carrer Tuset 19, 3r-2a, 08006 (Barcelona) i [&hellip;]<\/p>\n","protected":false},"author":1,"featured_media":0,"parent":0,"menu_order":0,"comment_status":"closed","ping_status":"closed","template":"","meta":{"footnotes":""},"class_list":["post-31454","page","type-page","status-publish","hentry"],"_links":{"self":[{"href":"https:\/\/www.oafifoundation.com\/ca\/wp-json\/wp\/v2\/pages\/31454","targetHints":{"allow":["GET"]}}],"collection":[{"href":"https:\/\/www.oafifoundation.com\/ca\/wp-json\/wp\/v2\/pages"}],"about":[{"href":"https:\/\/www.oafifoundation.com\/ca\/wp-json\/wp\/v2\/types\/page"}],"author":[{"embeddable":true,"href":"https:\/\/www.oafifoundation.com\/ca\/wp-json\/wp\/v2\/users\/1"}],"replies":[{"embeddable":true,"href":"https:\/\/www.oafifoundation.com\/ca\/wp-json\/wp\/v2\/comments?post=31454"}],"version-history":[{"count":4,"href":"https:\/\/www.oafifoundation.com\/ca\/wp-json\/wp\/v2\/pages\/31454\/revisions"}],"predecessor-version":[{"id":31459,"href":"https:\/\/www.oafifoundation.com\/ca\/wp-json\/wp\/v2\/pages\/31454\/revisions\/31459"}],"wp:attachment":[{"href":"https:\/\/www.oafifoundation.com\/ca\/wp-json\/wp\/v2\/media?parent=31454"}],"curies":[{"name":"wp","href":"https:\/\/api.w.org\/{rel}","templated":true}]}}