{"id":31485,"date":"2023-01-15T21:10:25","date_gmt":"2023-01-15T20:10:25","guid":{"rendered":"https:\/\/www.oafifoundation.com\/actualidad-cientifica\/"},"modified":"2023-07-31T11:25:47","modified_gmt":"2023-07-31T09:25:47","slug":"actualitat-cientifica","status":"publish","type":"page","link":"https:\/\/www.oafifoundation.com\/ca\/actualitat-cientifica\/","title":{"rendered":"Actualitat cient\u00edfica"},"content":{"rendered":"\t\t<div data-elementor-type=\"wp-page\" data-elementor-id=\"31485\" class=\"elementor elementor-31485 elementor-28121\">\n\t\t\t\t\t\t<section class=\"has_eae_slider elementor-section elementor-top-section elementor-element elementor-element-6a15af8c elementor-section-stretched elementor-section-content-middle elementor-section-boxed elementor-section-height-default elementor-section-height-default\" data-eae-slider=\"52830\" data-id=\"6a15af8c\" data-element_type=\"section\" data-settings=\"{&quot;stretch_section&quot;:&quot;section-stretched&quot;,&quot;background_background&quot;:&quot;classic&quot;}\">\n\t\t\t\t\t\t\t<div class=\"elementor-background-overlay\"><\/div>\n\t\t\t\t\t\t\t<div class=\"elementor-container elementor-column-gap-default\">\n\t\t\t\t\t<div class=\"has_eae_slider elementor-column elementor-col-100 elementor-top-column elementor-element elementor-element-34ca0f38\" data-eae-slider=\"23698\" data-id=\"34ca0f38\" data-element_type=\"column\">\n\t\t\t<div class=\"elementor-widget-wrap elementor-element-populated\">\n\t\t\t\t\t\t<div class=\"elementor-element elementor-element-6f33ca96 elementor-widget elementor-widget-heading\" data-id=\"6f33ca96\" data-element_type=\"widget\" data-widget_type=\"heading.default\">\n\t\t\t\t<div class=\"elementor-widget-container\">\n\t\t\t\t\t<h1 class=\"elementor-heading-title elementor-size-default\">Actualitat cient\u00edfica<\/h1>\t\t\t\t<\/div>\n\t\t\t\t<\/div>\n\t\t\t\t\t<\/div>\n\t\t<\/div>\n\t\t\t\t\t<\/div>\n\t\t<\/section>\n\t\t\t\t<section class=\"has_eae_slider elementor-section elementor-top-section elementor-element elementor-element-a7eedfd elementor-section-boxed elementor-section-height-default elementor-section-height-default\" data-eae-slider=\"63933\" data-id=\"a7eedfd\" data-element_type=\"section\">\n\t\t\t\t\t\t<div class=\"elementor-container elementor-column-gap-default\">\n\t\t\t\t\t<div class=\"has_eae_slider elementor-column elementor-col-100 elementor-top-column elementor-element elementor-element-0ebe245\" data-eae-slider=\"1564\" data-id=\"0ebe245\" data-element_type=\"column\">\n\t\t\t<div class=\"elementor-widget-wrap elementor-element-populated\">\n\t\t\t\t\t\t<div class=\"elementor-element elementor-element-3835ed9 elementor-widget elementor-widget-spacer\" data-id=\"3835ed9\" data-element_type=\"widget\" data-widget_type=\"spacer.default\">\n\t\t\t\t<div class=\"elementor-widget-container\">\n\t\t\t\t\t\t\t<div class=\"elementor-spacer\">\n\t\t\t<div class=\"elementor-spacer-inner\"><\/div>\n\t\t<\/div>\n\t\t\t\t\t\t<\/div>\n\t\t\t\t<\/div>\n\t\t\t\t<div class=\"elementor-element elementor-element-e2a266c elementor-widget elementor-widget-text-editor\" data-id=\"e2a266c\" data-element_type=\"widget\" data-widget_type=\"text-editor.default\">\n\t\t\t\t<div class=\"elementor-widget-container\">\n\t\t\t\t\t\t\t\t\t<p>Aqu\u00ed trobar\u00e0s les \u00faltimes publicacions i assajos cl\u00ednics en el camp de la Salut Articular per a estar a l&#8217;\u00faltima en els avan\u00e7os terap\u00e8utics entorn a l&#8217;Artrosi.<\/p>\t\t\t\t\t\t\t\t<\/div>\n\t\t\t\t<\/div>\n\t\t\t\t\t<\/div>\n\t\t<\/div>\n\t\t\t\t\t<\/div>\n\t\t<\/section>\n\t\t\t\t<section class=\"has_eae_slider elementor-section elementor-top-section elementor-element elementor-element-0344b0c elementor-section-boxed elementor-section-height-default elementor-section-height-default\" data-eae-slider=\"39083\" data-id=\"0344b0c\" data-element_type=\"section\">\n\t\t\t\t\t\t<div class=\"elementor-container elementor-column-gap-default\">\n\t\t\t\t\t<div class=\"has_eae_slider elementor-column elementor-col-100 elementor-top-column elementor-element elementor-element-39de89c\" data-eae-slider=\"33532\" data-id=\"39de89c\" data-element_type=\"column\">\n\t\t\t<div class=\"elementor-widget-wrap elementor-element-populated\">\n\t\t\t\t\t\t<div class=\"elementor-element elementor-element-315e683 elementor-widget-divider--view-line_text elementor-widget-divider--element-align-left elementor-widget elementor-widget-divider\" data-id=\"315e683\" data-element_type=\"widget\" data-widget_type=\"divider.default\">\n\t\t\t\t<div class=\"elementor-widget-container\">\n\t\t\t\t\t\t\t<div class=\"elementor-divider\">\n\t\t\t<span class=\"elementor-divider-separator\">\n\t\t\t\t\t\t\t<span class=\"elementor-divider__text elementor-divider__element\">\n\t\t\t\tASSAJOS CL\u00cdNICS\t\t\t\t<\/span>\n\t\t\t\t\t\t<\/span>\n\t\t<\/div>\n\t\t\t\t\t\t<\/div>\n\t\t\t\t<\/div>\n\t\t\t\t<section class=\"has_eae_slider elementor-section elementor-inner-section elementor-element elementor-element-616a283 elementor-section-boxed elementor-section-height-default elementor-section-height-default\" data-eae-slider=\"90947\" data-id=\"616a283\" data-element_type=\"section\">\n\t\t\t\t\t\t<div class=\"elementor-container elementor-column-gap-default\">\n\t\t\t\t\t<div class=\"has_eae_slider elementor-column elementor-col-50 elementor-inner-column elementor-element elementor-element-33065a2\" data-eae-slider=\"23680\" data-id=\"33065a2\" data-element_type=\"column\">\n\t\t\t<div class=\"elementor-widget-wrap elementor-element-populated\">\n\t\t\t\t\t\t<div class=\"elementor-element elementor-element-fcc9457 elementor-widget__width-initial elementor-widget elementor-widget-image\" data-id=\"fcc9457\" data-element_type=\"widget\" data-widget_type=\"image.default\">\n\t\t\t\t<div class=\"elementor-widget-container\">\n\t\t\t\t\t\t\t\t\t\t\t\t\t\t\t\t<a href=\"https:\/\/reec.aemps.es\/reec\/public\/web.html%20\" target=\"_blank\" rel=\"noopener\">\n\t\t\t\t\t\t\t<img decoding=\"async\" width=\"300\" height=\"116\" src=\"https:\/\/www.oafifoundation.com\/wp-content\/uploads\/2023\/07\/registro-estudios-clinicos-oafi-aemps-1-300x116.png\" class=\"attachment-medium size-medium wp-image-33573\" alt=\"\" srcset=\"https:\/\/www.oafifoundation.com\/wp-content\/uploads\/2023\/07\/registro-estudios-clinicos-oafi-aemps-1-300x116.png 300w, https:\/\/www.oafifoundation.com\/wp-content\/uploads\/2023\/07\/registro-estudios-clinicos-oafi-aemps-1-600x231.png 600w, https:\/\/www.oafifoundation.com\/wp-content\/uploads\/2023\/07\/registro-estudios-clinicos-oafi-aemps-1.png 675w\" sizes=\"(max-width: 300px) 100vw, 300px\" \/>\t\t\t\t\t\t\t\t<\/a>\n\t\t\t\t\t\t\t\t\t\t\t\t\t\t\t<\/div>\n\t\t\t\t<\/div>\n\t\t\t\t\t<\/div>\n\t\t<\/div>\n\t\t\t\t<div class=\"has_eae_slider elementor-column elementor-col-50 elementor-inner-column elementor-element elementor-element-fe96353\" data-eae-slider=\"30627\" data-id=\"fe96353\" data-element_type=\"column\">\n\t\t\t<div class=\"elementor-widget-wrap elementor-element-populated\">\n\t\t\t\t\t\t<div class=\"elementor-element elementor-element-a11f476 elementor-widget__width-initial e-transform elementor-widget elementor-widget-image\" data-id=\"a11f476\" data-element_type=\"widget\" data-settings=\"{&quot;_transform_translateX_effect&quot;:{&quot;unit&quot;:&quot;px&quot;,&quot;size&quot;:185,&quot;sizes&quot;:[]},&quot;_transform_translateY_effect&quot;:{&quot;unit&quot;:&quot;px&quot;,&quot;size&quot;:12,&quot;sizes&quot;:[]},&quot;_transform_translateX_effect_tablet&quot;:{&quot;unit&quot;:&quot;px&quot;,&quot;size&quot;:&quot;&quot;,&quot;sizes&quot;:[]},&quot;_transform_translateX_effect_mobile&quot;:{&quot;unit&quot;:&quot;px&quot;,&quot;size&quot;:&quot;&quot;,&quot;sizes&quot;:[]},&quot;_transform_translateY_effect_tablet&quot;:{&quot;unit&quot;:&quot;px&quot;,&quot;size&quot;:&quot;&quot;,&quot;sizes&quot;:[]},&quot;_transform_translateY_effect_mobile&quot;:{&quot;unit&quot;:&quot;px&quot;,&quot;size&quot;:&quot;&quot;,&quot;sizes&quot;:[]}}\" data-widget_type=\"image.default\">\n\t\t\t\t<div class=\"elementor-widget-container\">\n\t\t\t\t\t\t\t\t\t\t\t\t\t\t\t\t<a href=\"https:\/\/www.oafifoundation.com\/estudio\/ensayos-clinicos\/\">\n\t\t\t\t\t\t\t<img decoding=\"async\" src=\"https:\/\/www.oafifoundation.com\/wp-content\/uploads\/2023\/07\/oafi-foundation-logo-small.svg\" title=\"oafi-foundation-logo-small.svg\" alt=\"oafi-foundation-logo-small.svg\" loading=\"lazy\" \/>\t\t\t\t\t\t\t\t<\/a>\n\t\t\t\t\t\t\t\t\t\t\t\t\t\t\t<\/div>\n\t\t\t\t<\/div>\n\t\t\t\t\t<\/div>\n\t\t<\/div>\n\t\t\t\t\t<\/div>\n\t\t<\/section>\n\t\t\t\t\t<\/div>\n\t\t<\/div>\n\t\t\t\t\t<\/div>\n\t\t<\/section>\n\t\t\t\t<section class=\"has_eae_slider elementor-section elementor-top-section elementor-element elementor-element-1f04401 elementor-section-boxed elementor-section-height-default elementor-section-height-default\" data-eae-slider=\"18027\" data-id=\"1f04401\" data-element_type=\"section\">\n\t\t\t\t\t\t<div class=\"elementor-container elementor-column-gap-default\">\n\t\t\t\t\t<div class=\"has_eae_slider elementor-column elementor-col-100 elementor-top-column elementor-element elementor-element-db1f26e\" data-eae-slider=\"40648\" data-id=\"db1f26e\" data-element_type=\"column\">\n\t\t\t<div class=\"elementor-widget-wrap elementor-element-populated\">\n\t\t\t\t\t\t<section class=\"has_eae_slider elementor-section elementor-inner-section elementor-element elementor-element-fa5359e elementor-section-boxed elementor-section-height-default elementor-section-height-default\" data-eae-slider=\"81289\" data-id=\"fa5359e\" data-element_type=\"section\">\n\t\t\t\t\t\t<div class=\"elementor-container elementor-column-gap-default\">\n\t\t\t\t\t<div class=\"has_eae_slider elementor-column elementor-col-50 elementor-inner-column elementor-element elementor-element-877fcc0\" data-eae-slider=\"6627\" data-id=\"877fcc0\" data-element_type=\"column\">\n\t\t\t<div class=\"elementor-widget-wrap elementor-element-populated\">\n\t\t\t\t\t\t<div class=\"elementor-element elementor-element-0b2c60e elementor-widget elementor-widget-text-editor\" data-id=\"0b2c60e\" data-element_type=\"widget\" data-widget_type=\"text-editor.default\">\n\t\t\t\t<div class=\"elementor-widget-container\">\n\t\t\t\t\t\t\t\t\t<p style=\"text-align: center;\"><strong>Registro Espa\u00f1ol de Ensayos Cl\u00ednicos (REEC)<\/strong><\/p><p>Base de dades p\u00fablica desenvolupada per la AEMPS. Podr\u00e0s trobar tots els assajos cl\u00ednics autoritzats a Espanya sobre qualsevol malaltia. Introdueix la paraula &#8220;artrosi&#8221; en el cercador per a veure els assajos en aquest camp.<\/p>\t\t\t\t\t\t\t\t<\/div>\n\t\t\t\t<\/div>\n\t\t\t\t<div class=\"elementor-element elementor-element-3b0e6f6 elementor-align-center elementor-widget elementor-widget-button\" data-id=\"3b0e6f6\" data-element_type=\"widget\" data-widget_type=\"button.default\">\n\t\t\t\t<div class=\"elementor-widget-container\">\n\t\t\t\t\t\t\t\t\t<div class=\"elementor-button-wrapper\">\n\t\t\t\t\t<a class=\"elementor-button elementor-button-link elementor-size-md\" href=\"https:\/\/reec.aemps.es\/reec\/public\/list.html\" target=\"_blank\" rel=\"noopener\">\n\t\t\t\t\t\t<span class=\"elementor-button-content-wrapper\">\n\t\t\t\t\t\t\t\t\t<span class=\"elementor-button-text\">Anar a REEC<\/span>\n\t\t\t\t\t<\/span>\n\t\t\t\t\t<\/a>\n\t\t\t\t<\/div>\n\t\t\t\t\t\t\t\t<\/div>\n\t\t\t\t<\/div>\n\t\t\t\t\t<\/div>\n\t\t<\/div>\n\t\t\t\t<div class=\"has_eae_slider elementor-column elementor-col-50 elementor-inner-column elementor-element elementor-element-aac1733\" data-eae-slider=\"17686\" data-id=\"aac1733\" data-element_type=\"column\">\n\t\t\t<div class=\"elementor-widget-wrap elementor-element-populated\">\n\t\t\t\t\t\t<div class=\"elementor-element elementor-element-a1e2fe6 elementor-widget elementor-widget-text-editor\" data-id=\"a1e2fe6\" data-element_type=\"widget\" data-widget_type=\"text-editor.default\">\n\t\t\t\t<div class=\"elementor-widget-container\">\n\t\t\t\t\t\t\t\t\t<p style=\"text-align: center;\"><strong>Osteoarthritis Foundation International<\/strong><\/p><p><span style=\"color: #ffffff;\"><span style=\"color: #000000;\">Des de OAFI tamb\u00e9 som promotors i col\u00b7laboradors en diferents assajos cl\u00ednics. Consulta la nostra web per a descobrir els projectes en actiu en aquest moment. <span style=\"color: #ffffff;\">descubrir<\/span><\/span>os poyectos en activo en este momento.<\/span><\/p>\t\t\t\t\t\t\t\t<\/div>\n\t\t\t\t<\/div>\n\t\t\t\t<div class=\"elementor-element elementor-element-3058627 elementor-align-center elementor-widget elementor-widget-button\" data-id=\"3058627\" data-element_type=\"widget\" data-widget_type=\"button.default\">\n\t\t\t\t<div class=\"elementor-widget-container\">\n\t\t\t\t\t\t\t\t\t<div class=\"elementor-button-wrapper\">\n\t\t\t\t\t<a class=\"elementor-button elementor-button-link elementor-size-md\" href=\"https:\/\/www.oafifoundation.com\/ca\/estudi\/assajos-clinics\/\" target=\"_blank\">\n\t\t\t\t\t\t<span class=\"elementor-button-content-wrapper\">\n\t\t\t\t\t\t\t\t\t<span class=\"elementor-button-text\">Anar a Assajos Cl\u00ednics<\/span>\n\t\t\t\t\t<\/span>\n\t\t\t\t\t<\/a>\n\t\t\t\t<\/div>\n\t\t\t\t\t\t\t\t<\/div>\n\t\t\t\t<\/div>\n\t\t\t\t\t<\/div>\n\t\t<\/div>\n\t\t\t\t\t<\/div>\n\t\t<\/section>\n\t\t\t\t\t<\/div>\n\t\t<\/div>\n\t\t\t\t\t<\/div>\n\t\t<\/section>\n\t\t\t\t<section class=\"has_eae_slider elementor-section elementor-top-section elementor-element elementor-element-e504f86 elementor-section-boxed elementor-section-height-default elementor-section-height-default\" data-eae-slider=\"69684\" data-id=\"e504f86\" data-element_type=\"section\">\n\t\t\t\t\t\t<div class=\"elementor-container elementor-column-gap-default\">\n\t\t\t\t\t<div class=\"has_eae_slider elementor-column elementor-col-100 elementor-top-column elementor-element elementor-element-d6f6948\" data-eae-slider=\"66501\" data-id=\"d6f6948\" data-element_type=\"column\">\n\t\t\t<div class=\"elementor-widget-wrap elementor-element-populated\">\n\t\t\t\t\t\t<div class=\"elementor-element elementor-element-8c15541 elementor-widget elementor-widget-spacer\" data-id=\"8c15541\" data-element_type=\"widget\" data-widget_type=\"spacer.default\">\n\t\t\t\t<div class=\"elementor-widget-container\">\n\t\t\t\t\t\t\t<div class=\"elementor-spacer\">\n\t\t\t<div class=\"elementor-spacer-inner\"><\/div>\n\t\t<\/div>\n\t\t\t\t\t\t<\/div>\n\t\t\t\t<\/div>\n\t\t\t\t<div class=\"elementor-element elementor-element-6d7a2e1 elementor-widget-divider--view-line_text elementor-widget-divider--element-align-left elementor-widget elementor-widget-divider\" data-id=\"6d7a2e1\" data-element_type=\"widget\" data-widget_type=\"divider.default\">\n\t\t\t\t<div class=\"elementor-widget-container\">\n\t\t\t\t\t\t\t<div class=\"elementor-divider\">\n\t\t\t<span class=\"elementor-divider-separator\">\n\t\t\t\t\t\t\t<span class=\"elementor-divider__text elementor-divider__element\">\n\t\t\t\tPUBLICACIONS CIENT\u00cdFIQUES\t\t\t\t<\/span>\n\t\t\t\t\t\t<\/span>\n\t\t<\/div>\n\t\t\t\t\t\t<\/div>\n\t\t\t\t<\/div>\n\t\t\t\t\t<\/div>\n\t\t<\/div>\n\t\t\t\t\t<\/div>\n\t\t<\/section>\n\t\t\t\t<section class=\"has_eae_slider elementor-section elementor-top-section elementor-element elementor-element-8c53f0d elementor-section-boxed elementor-section-height-default elementor-section-height-default\" data-eae-slider=\"3527\" data-id=\"8c53f0d\" data-element_type=\"section\">\n\t\t\t\t\t\t<div class=\"elementor-container elementor-column-gap-default\">\n\t\t\t\t\t<div class=\"has_eae_slider make-column-clickable-elementor elementor-column elementor-col-33 elementor-top-column elementor-element elementor-element-788b46f\" data-eae-slider=\"8257\" style=\"cursor: pointer;\" data-column-clickable=\"https:\/\/www.oafifoundation.com\/wp-content\/uploads\/2023\/04\/guia-tto-artrosis.pdf\" data-column-clickable-blank=\"_blank\" data-id=\"788b46f\" data-element_type=\"column\" data-settings=\"{&quot;background_background&quot;:&quot;classic&quot;}\">\n\t\t\t<div class=\"elementor-widget-wrap elementor-element-populated\">\n\t\t\t\t\t<div class=\"elementor-background-overlay\"><\/div>\n\t\t\t\t\t\t<div class=\"elementor-element elementor-element-59feef5 elementor-view-default elementor-position-block-start elementor-mobile-position-block-start elementor-widget elementor-widget-icon-box\" data-id=\"59feef5\" data-element_type=\"widget\" data-widget_type=\"icon-box.default\">\n\t\t\t\t<div class=\"elementor-widget-container\">\n\t\t\t\t\t\t\t<div class=\"elementor-icon-box-wrapper\">\n\n\t\t\t\t\t\t<div class=\"elementor-icon-box-icon\">\n\t\t\t\t<a href=\"https:\/\/www.oafifoundation.com\/wp-content\/uploads\/2023\/07\/20230728_Actualidad_cientifica_OAFI.pdf\" target=\"_blank\" class=\"elementor-icon\" tabindex=\"-1\" aria-label=\"ENFOCAMENT DE PREVENCI\u00d3 DE L&#039;ARTROSI Al llarg de LA VIDA\">\n\t\t\t\t<i aria-hidden=\"true\" class=\"far fa-file-pdf\"><\/i>\t\t\t\t<\/a>\n\t\t\t<\/div>\n\t\t\t\n\t\t\t\t\t\t<div class=\"elementor-icon-box-content\">\n\n\t\t\t\t\t\t\t\t\t<h3 class=\"elementor-icon-box-title\">\n\t\t\t\t\t\t<a href=\"https:\/\/www.oafifoundation.com\/wp-content\/uploads\/2023\/07\/20230728_Actualidad_cientifica_OAFI.pdf\" target=\"_blank\">\n\t\t\t\t\t\t\tENFOCAMENT DE PREVENCI\u00d3 DE L'ARTROSI Al llarg de LA VIDA\t\t\t\t\t\t<\/a>\n\t\t\t\t\t<\/h3>\n\t\t\t\t\n\t\t\t\t\t\t\t\t\t<p class=\"elementor-icon-box-description\">\n\t\t\t\t\t\tJulioL 2023 \/ \nWhittaker J.L., Runhaar J., Bierma-Zeinstra S., Roos E.M. A lifespan approach to osteoarthritis prevention. Osteoarthritis &amp; Cartilage, 2021, 29 (12), 1638-1653,\nISSN 1063-4584\n\t\t\t\t\t<\/p>\n\t\t\t\t\n\t\t\t<\/div>\n\t\t\t\n\t\t<\/div>\n\t\t\t\t\t\t<\/div>\n\t\t\t\t<\/div>\n\t\t\t\t\t<\/div>\n\t\t<\/div>\n\t\t\t\t<div class=\"has_eae_slider elementor-column elementor-col-33 elementor-top-column elementor-element elementor-element-d9fb874\" data-eae-slider=\"5863\" data-id=\"d9fb874\" data-element_type=\"column\">\n\t\t\t<div class=\"elementor-widget-wrap\">\n\t\t\t\t\t\t\t<\/div>\n\t\t<\/div>\n\t\t\t\t<div class=\"has_eae_slider elementor-column elementor-col-33 elementor-top-column elementor-element elementor-element-49d3379\" data-eae-slider=\"38119\" data-id=\"49d3379\" data-element_type=\"column\">\n\t\t\t<div class=\"elementor-widget-wrap\">\n\t\t\t\t\t\t\t<\/div>\n\t\t<\/div>\n\t\t\t\t\t<\/div>\n\t\t<\/section>\n\t\t\t\t<section class=\"has_eae_slider elementor-section elementor-top-section elementor-element elementor-element-eb186b6 elementor-section-boxed elementor-section-height-default elementor-section-height-default\" data-eae-slider=\"19202\" data-id=\"eb186b6\" data-element_type=\"section\">\n\t\t\t\t\t\t<div class=\"elementor-container elementor-column-gap-default\">\n\t\t\t\t\t<div class=\"has_eae_slider elementor-column elementor-col-100 elementor-top-column elementor-element elementor-element-9f5bc36\" data-eae-slider=\"71017\" data-id=\"9f5bc36\" data-element_type=\"column\">\n\t\t\t<div class=\"elementor-widget-wrap elementor-element-populated\">\n\t\t\t\t\t\t<div class=\"elementor-element elementor-element-0978833 elementor-widget elementor-widget-spacer\" data-id=\"0978833\" data-element_type=\"widget\" data-widget_type=\"spacer.default\">\n\t\t\t\t<div class=\"elementor-widget-container\">\n\t\t\t\t\t\t\t<div class=\"elementor-spacer\">\n\t\t\t<div class=\"elementor-spacer-inner\"><\/div>\n\t\t<\/div>\n\t\t\t\t\t\t<\/div>\n\t\t\t\t<\/div>\n\t\t\t\t\t<\/div>\n\t\t<\/div>\n\t\t\t\t\t<\/div>\n\t\t<\/section>\n\t\t\t\t<\/div>\n\t\t","protected":false},"excerpt":{"rendered":"<p>Actualitat cient\u00edfica Aqu\u00ed trobar\u00e0s les \u00faltimes publicacions i assajos cl\u00ednics en el camp de la Salut Articular per a estar a l&#8217;\u00faltima en els avan\u00e7os terap\u00e8utics entorn a l&#8217;Artrosi. ASSAJOS CL\u00cdNICS Registro Espa\u00f1ol de Ensayos Cl\u00ednicos (REEC) Base de dades p\u00fablica desenvolupada per la AEMPS. Podr\u00e0s trobar tots els assajos cl\u00ednics autoritzats a Espanya sobre [&hellip;]<\/p>\n","protected":false},"author":1,"featured_media":0,"parent":0,"menu_order":0,"comment_status":"closed","ping_status":"closed","template":"","meta":{"footnotes":""},"class_list":["post-31485","page","type-page","status-publish","hentry"],"_links":{"self":[{"href":"https:\/\/www.oafifoundation.com\/ca\/wp-json\/wp\/v2\/pages\/31485","targetHints":{"allow":["GET"]}}],"collection":[{"href":"https:\/\/www.oafifoundation.com\/ca\/wp-json\/wp\/v2\/pages"}],"about":[{"href":"https:\/\/www.oafifoundation.com\/ca\/wp-json\/wp\/v2\/types\/page"}],"author":[{"embeddable":true,"href":"https:\/\/www.oafifoundation.com\/ca\/wp-json\/wp\/v2\/users\/1"}],"replies":[{"embeddable":true,"href":"https:\/\/www.oafifoundation.com\/ca\/wp-json\/wp\/v2\/comments?post=31485"}],"version-history":[{"count":10,"href":"https:\/\/www.oafifoundation.com\/ca\/wp-json\/wp\/v2\/pages\/31485\/revisions"}],"predecessor-version":[{"id":33587,"href":"https:\/\/www.oafifoundation.com\/ca\/wp-json\/wp\/v2\/pages\/31485\/revisions\/33587"}],"wp:attachment":[{"href":"https:\/\/www.oafifoundation.com\/ca\/wp-json\/wp\/v2\/media?parent=31485"}],"curies":[{"name":"wp","href":"https:\/\/api.w.org\/{rel}","templated":true}]}}