{"id":31495,"date":"2023-01-15T20:54:43","date_gmt":"2023-01-15T19:54:43","guid":{"rendered":"https:\/\/www.oafifoundation.com\/articulando-deporte\/"},"modified":"2023-05-09T19:31:12","modified_gmt":"2023-05-09T17:31:12","slug":"articulant-esport","status":"publish","type":"page","link":"https:\/\/www.oafifoundation.com\/ca\/articulant-esport\/","title":{"rendered":"Articulant l&#8217;Esport"},"content":{"rendered":"\t\t<div data-elementor-type=\"wp-page\" data-elementor-id=\"31495\" class=\"elementor elementor-31495 elementor-28088\">\n\t\t\t\t\t\t<section class=\"has_eae_slider elementor-section elementor-top-section elementor-element elementor-element-6a15af8c elementor-section-stretched elementor-section-content-middle elementor-section-boxed elementor-section-height-default elementor-section-height-default\" data-eae-slider=\"90938\" data-id=\"6a15af8c\" data-element_type=\"section\" data-settings=\"{&quot;stretch_section&quot;:&quot;section-stretched&quot;,&quot;background_background&quot;:&quot;classic&quot;}\">\n\t\t\t\t\t\t\t<div class=\"elementor-background-overlay\"><\/div>\n\t\t\t\t\t\t\t<div class=\"elementor-container elementor-column-gap-default\">\n\t\t\t\t\t<div class=\"has_eae_slider elementor-column elementor-col-100 elementor-top-column elementor-element elementor-element-34ca0f38 elementor-invisible\" data-eae-slider=\"814\" data-id=\"34ca0f38\" data-element_type=\"column\" data-settings=\"{&quot;animation&quot;:&quot;fadeIn&quot;}\">\n\t\t\t<div class=\"elementor-widget-wrap elementor-element-populated\">\n\t\t\t\t\t\t<div class=\"elementor-element elementor-element-6f33ca96 elementor-widget elementor-widget-heading\" data-id=\"6f33ca96\" data-element_type=\"widget\" data-widget_type=\"heading.default\">\n\t\t\t\t<div class=\"elementor-widget-container\">\n\t\t\t\t\t<h1 class=\"elementor-heading-title elementor-size-default\">Articulant l'Esport<\/h1>\t\t\t\t<\/div>\n\t\t\t\t<\/div>\n\t\t\t\t\t<\/div>\n\t\t<\/div>\n\t\t\t\t\t<\/div>\n\t\t<\/section>\n\t\t\t\t<section class=\"has_eae_slider elementor-section elementor-top-section elementor-element elementor-element-a7eedfd elementor-section-stretched elementor-section-boxed elementor-section-height-default elementor-section-height-default\" data-eae-slider=\"27856\" data-id=\"a7eedfd\" data-element_type=\"section\" data-settings=\"{&quot;stretch_section&quot;:&quot;section-stretched&quot;}\">\n\t\t\t\t\t\t<div class=\"elementor-container elementor-column-gap-default\">\n\t\t\t\t\t<div class=\"has_eae_slider elementor-column elementor-col-100 elementor-top-column elementor-element elementor-element-0ebe245 elementor-invisible\" data-eae-slider=\"40850\" data-id=\"0ebe245\" data-element_type=\"column\" data-settings=\"{&quot;animation&quot;:&quot;fadeIn&quot;}\">\n\t\t\t<div class=\"elementor-widget-wrap elementor-element-populated\">\n\t\t\t\t\t\t<div class=\"elementor-element elementor-element-6cbd101 elementor-grid-eael-col-3 oafi-events-wall elementor-grid-tablet-eael-col-2 elementor-grid-mobile-eael-col-1 elementor-widget elementor-widget-eael-post-grid\" data-id=\"6cbd101\" data-element_type=\"widget\" data-settings=\"{&quot;eael_post_grid_columns&quot;:&quot;eael-col-3&quot;,&quot;eael_post_grid_columns_tablet&quot;:&quot;eael-col-2&quot;,&quot;eael_post_grid_columns_mobile&quot;:&quot;eael-col-1&quot;}\" data-widget_type=\"eael-post-grid.default\">\n\t\t\t\t<div class=\"elementor-widget-container\">\n\t\t\t\t\t<div id=\"eael-post-grid-6cbd101\" class=\"eael-post-grid-container\">\n            <div class=\"eael-post-grid eael-post-appender eael-post-appender-6cbd101 eael-post-grid-style-one\" data-layout-mode=\"grid\"><article class=\"eael-grid-post  eael-post-grid-column eael-pg-post-42294\" data-id=\"42294\">\n        <div class=\"eael-grid-post-holder\">\n            <div class=\"eael-grid-post-holder-inner\"><div class=\"eael-entry-media\"><div class=\"eael-entry-overlay fade-in\"><i class=\"far fa-eye\" aria-hidden=\"true\"><\/i><a href=\"https:\/\/www.oafifoundation.com\/ca\/esdeveniment\/vi-congreso-articulando-el-deporte\/\"><\/a><\/div><div class=\"eael-entry-thumbnail \">\n                <img fetchpriority=\"high\" decoding=\"async\" width=\"1281\" height=\"721\" src=\"https:\/\/www.oafifoundation.com\/wp-content\/uploads\/2025\/11\/articulando26-oafi-salud-articular-3.jpg\" class=\"attachment-full size-full wp-image-42861\" alt=\"\" srcset=\"https:\/\/www.oafifoundation.com\/wp-content\/uploads\/2025\/11\/articulando26-oafi-salud-articular-3.jpg 1281w, https:\/\/www.oafifoundation.com\/wp-content\/uploads\/2025\/11\/articulando26-oafi-salud-articular-3-300x169.jpg 300w, https:\/\/www.oafifoundation.com\/wp-content\/uploads\/2025\/11\/articulando26-oafi-salud-articular-3-1024x576.jpg 1024w, https:\/\/www.oafifoundation.com\/wp-content\/uploads\/2025\/11\/articulando26-oafi-salud-articular-3-768x432.jpg 768w\" sizes=\"(max-width: 1281px) 100vw, 1281px\" \/>\n            <\/div>\n        <\/div><div class=\"eael-entry-wrapper\"><header class=\"eael-entry-header\"><h2 class=\"eael-entry-title\"><a class=\"eael-grid-post-link\" href=\"https:\/\/www.oafifoundation.com\/ca\/esdeveniment\/vi-congreso-articulando-el-deporte\/\" title=\"VI Congr\u00e9s Articulando el Deporte\">VI Congr\u00e9s Articulando el Deporte<\/a><\/h2><\/header><div class=\"eael-entry-content\">\n                        <div class=\"eael-grid-post-excerpt\"><p>Els dies 17 i 18 de mar\u00e7 de 2026, OAFI, els Serveis M\u00e8dics i la Fundaci\u00f3 de l'Atl\u00e8tic de Madrid i el Comit\u00e8 Ol\u00edmpic Espanyol celebren el VI Congr\u00e9s Articulando el Deporte, una trobada multidisciplin\u00e0ria dedicada a la prevenci\u00f3 de lesions i l'esport saludable.<\/p><a href=\"https:\/\/www.oafifoundation.com\/ca\/esdeveniment\/vi-congreso-articulando-el-deporte\/\" class=\"eael-post-elements-readmore-btn\">Veure simposi<\/a><\/div>\n                    <\/div><\/div><\/div>\n        <\/div>\n    <\/article><article class=\"eael-grid-post  eael-post-grid-column eael-pg-post-38836\" data-id=\"38836\">\n        <div class=\"eael-grid-post-holder\">\n            <div class=\"eael-grid-post-holder-inner\"><div class=\"eael-entry-media\"><div class=\"eael-entry-overlay fade-in\"><i class=\"far fa-eye\" aria-hidden=\"true\"><\/i><a href=\"https:\/\/www.oafifoundation.com\/ca\/esdeveniment\/v-congreso-articulando-el-deporte\/\"><\/a><\/div><div class=\"eael-entry-thumbnail \">\n                <img decoding=\"async\" width=\"2153\" height=\"1080\" src=\"https:\/\/www.oafifoundation.com\/wp-content\/uploads\/2025\/01\/articulando-35-oafi-cat.jpg\" class=\"attachment-full size-full wp-image-39388\" alt=\"\" srcset=\"https:\/\/www.oafifoundation.com\/wp-content\/uploads\/2025\/01\/articulando-35-oafi-cat.jpg 2153w, https:\/\/www.oafifoundation.com\/wp-content\/uploads\/2025\/01\/articulando-35-oafi-cat-300x150.jpg 300w, https:\/\/www.oafifoundation.com\/wp-content\/uploads\/2025\/01\/articulando-35-oafi-cat-1024x514.jpg 1024w, https:\/\/www.oafifoundation.com\/wp-content\/uploads\/2025\/01\/articulando-35-oafi-cat-768x385.jpg 768w, https:\/\/www.oafifoundation.com\/wp-content\/uploads\/2025\/01\/articulando-35-oafi-cat-1536x770.jpg 1536w, https:\/\/www.oafifoundation.com\/wp-content\/uploads\/2025\/01\/articulando-35-oafi-cat-2048x1027.jpg 2048w, https:\/\/www.oafifoundation.com\/wp-content\/uploads\/2025\/01\/articulando-35-oafi-cat-600x301.jpg 600w\" sizes=\"(max-width: 2153px) 100vw, 2153px\" \/>\n            <\/div>\n        <\/div><div class=\"eael-entry-wrapper\"><header class=\"eael-entry-header\"><h2 class=\"eael-entry-title\"><a class=\"eael-grid-post-link\" href=\"https:\/\/www.oafifoundation.com\/ca\/esdeveniment\/v-congreso-articulando-el-deporte\/\" title=\"V Congr\u00e9s Articulando el Deporte\">V Congr\u00e9s Articulando el Deporte<\/a><\/h2><\/header><div class=\"eael-entry-content\">\n                        <div class=\"eael-grid-post-excerpt\"><p>Els dies 5 i 6 de mar\u00e7 de 2025, OAFI, els Serveis M\u00e8dics i la Fundaci\u00f3 Atl\u00e9tico de Madrid i el COE han celebrat el V Congr\u00e9s Articulando el Deporte, sota el lema \"Salut en Moviment\".<\/p><a href=\"https:\/\/www.oafifoundation.com\/ca\/esdeveniment\/v-congreso-articulando-el-deporte\/\" class=\"eael-post-elements-readmore-btn\">Veure simposi<\/a><\/div>\n                    <\/div><\/div><\/div>\n        <\/div>\n    <\/article><article class=\"eael-grid-post  eael-post-grid-column eael-pg-post-34764\" data-id=\"34764\">\n        <div class=\"eael-grid-post-holder\">\n            <div class=\"eael-grid-post-holder-inner\"><div class=\"eael-entry-media\"><div class=\"eael-entry-overlay fade-in\"><i class=\"far fa-eye\" aria-hidden=\"true\"><\/i><a href=\"https:\/\/www.oafifoundation.com\/ca\/esdeveniment\/iv-congreso-articulando-el-deporte\/\"><\/a><\/div><div class=\"eael-entry-thumbnail \">\n                <img decoding=\"async\" width=\"4001\" height=\"2251\" src=\"https:\/\/www.oafifoundation.com\/wp-content\/uploads\/2024\/01\/ARTICULANDO24-web.png\" class=\"attachment-full size-full wp-image-34759\" alt=\"\" srcset=\"https:\/\/www.oafifoundation.com\/wp-content\/uploads\/2024\/01\/ARTICULANDO24-web.png 4001w, https:\/\/www.oafifoundation.com\/wp-content\/uploads\/2024\/01\/ARTICULANDO24-web-300x169.png 300w, https:\/\/www.oafifoundation.com\/wp-content\/uploads\/2024\/01\/ARTICULANDO24-web-1024x576.png 1024w, https:\/\/www.oafifoundation.com\/wp-content\/uploads\/2024\/01\/ARTICULANDO24-web-768x432.png 768w, https:\/\/www.oafifoundation.com\/wp-content\/uploads\/2024\/01\/ARTICULANDO24-web-1536x864.png 1536w, https:\/\/www.oafifoundation.com\/wp-content\/uploads\/2024\/01\/ARTICULANDO24-web-2048x1152.png 2048w, https:\/\/www.oafifoundation.com\/wp-content\/uploads\/2024\/01\/ARTICULANDO24-web-600x338.png 600w\" sizes=\"(max-width: 4001px) 100vw, 4001px\" \/>\n            <\/div>\n        <\/div><div class=\"eael-entry-wrapper\"><header class=\"eael-entry-header\"><h2 class=\"eael-entry-title\"><a class=\"eael-grid-post-link\" href=\"https:\/\/www.oafifoundation.com\/ca\/esdeveniment\/iv-congreso-articulando-el-deporte\/\" title=\"IV Congr\u00e9s Articulando el Deporte\">IV Congr\u00e9s Articulando el Deporte<\/a><\/h2><\/header><div class=\"eael-entry-content\">\n                        <div class=\"eael-grid-post-excerpt\"><p>OAFI, els Serveis M\u00e8dics i la Fundaci\u00f3 de l'Atl\u00e8tic de Madrid i el COE tornen amb el IV Congr\u00e9s Articulando el Deporte, que tindr\u00e0 lloc els dies 6, 7 i 8 de mar\u00e7 de 2024 en la seu del COE.<\/p><a href=\"https:\/\/www.oafifoundation.com\/ca\/esdeveniment\/iv-congreso-articulando-el-deporte\/\" class=\"eael-post-elements-readmore-btn\">Veure simposi<\/a><\/div>\n                    <\/div><\/div><\/div>\n        <\/div>\n    <\/article><article class=\"eael-grid-post  eael-post-grid-column eael-pg-post-31182\" data-id=\"31182\">\n        <div class=\"eael-grid-post-holder\">\n            <div class=\"eael-grid-post-holder-inner\"><div class=\"eael-entry-media\"><div class=\"eael-entry-overlay fade-in\"><i class=\"far fa-eye\" aria-hidden=\"true\"><\/i><a href=\"https:\/\/www.oafifoundation.com\/ca\/esdeveniment\/iii-congres-articulant-esport\/\"><\/a><\/div><div class=\"eael-entry-thumbnail \">\n                <img loading=\"lazy\" decoding=\"async\" width=\"750\" height=\"450\" src=\"https:\/\/www.oafifoundation.com\/wp-content\/uploads\/2023\/04\/articulando-2023-f.jpg\" class=\"attachment-full size-full wp-image-29408\" alt=\"III Congreso Articulando el Deporte\" srcset=\"https:\/\/www.oafifoundation.com\/wp-content\/uploads\/2023\/04\/articulando-2023-f.jpg 750w, https:\/\/www.oafifoundation.com\/wp-content\/uploads\/2023\/04\/articulando-2023-f-300x180.jpg 300w, https:\/\/www.oafifoundation.com\/wp-content\/uploads\/2023\/04\/articulando-2023-f-600x360.jpg 600w\" sizes=\"(max-width: 750px) 100vw, 750px\" \/>\n            <\/div>\n        <\/div><div class=\"eael-entry-wrapper\"><header class=\"eael-entry-header\"><h2 class=\"eael-entry-title\"><a class=\"eael-grid-post-link\" href=\"https:\/\/www.oafifoundation.com\/ca\/esdeveniment\/iii-congres-articulant-esport\/\" title=\"III Congr\u00e9s Articulant l&#8217;Esport\">III Congr\u00e9s Articulant l&#8217;Esport<\/a><\/h2><\/header><div class=\"eael-entry-content\">\n                        <div class=\"eael-grid-post-excerpt\"><p>OAFI, els Serveis M\u00e8dics i la Fundaci\u00f3 de l'Atl\u00e8tic de Madrid i el COE tornen amb el III Congr\u00e9s Articulant l'Esport que va tenir lloc els dies 8, 9 i 10 de mar\u00e7 de 2023 a la seu del COE.<\/p><a href=\"https:\/\/www.oafifoundation.com\/ca\/esdeveniment\/iii-congres-articulant-esport\/\" class=\"eael-post-elements-readmore-btn\">Veure simposi<\/a><\/div>\n                    <\/div><\/div><\/div>\n        <\/div>\n    <\/article><article class=\"eael-grid-post  eael-post-grid-column eael-pg-post-31204\" data-id=\"31204\">\n        <div class=\"eael-grid-post-holder\">\n            <div class=\"eael-grid-post-holder-inner\"><div class=\"eael-entry-media\"><div class=\"eael-entry-overlay fade-in\"><i class=\"far fa-eye\" aria-hidden=\"true\"><\/i><a href=\"https:\/\/www.oafifoundation.com\/ca\/esdeveniment\/2n-simposi-articulat-esport\/\"><\/a><\/div><div class=\"eael-entry-thumbnail \">\n                <img loading=\"lazy\" decoding=\"async\" width=\"750\" height=\"450\" src=\"https:\/\/www.oafifoundation.com\/wp-content\/uploads\/2022\/02\/2-simposio-articulando-deporte.jpg\" class=\"attachment-full size-full wp-image-28058\" alt=\"2\u00ba Simposio Articulando el Deporte\" srcset=\"https:\/\/www.oafifoundation.com\/wp-content\/uploads\/2022\/02\/2-simposio-articulando-deporte.jpg 750w, https:\/\/www.oafifoundation.com\/wp-content\/uploads\/2022\/02\/2-simposio-articulando-deporte-300x180.jpg 300w, https:\/\/www.oafifoundation.com\/wp-content\/uploads\/2022\/02\/2-simposio-articulando-deporte-600x360.jpg 600w\" sizes=\"(max-width: 750px) 100vw, 750px\" \/>\n            <\/div>\n        <\/div><div class=\"eael-entry-wrapper\"><header class=\"eael-entry-header\"><h2 class=\"eael-entry-title\"><a class=\"eael-grid-post-link\" href=\"https:\/\/www.oafifoundation.com\/ca\/esdeveniment\/2n-simposi-articulat-esport\/\" title=\"2n Simposi Articulat l&#8217;Esport\">2n Simposi Articulat l&#8217;Esport<\/a><\/h2><\/header><div class=\"eael-entry-content\">\n                        <div class=\"eael-grid-post-excerpt\"><p>Arriba el 2n Simposi Articulant l'Esport! Aquest esdeveniment tindr\u00e0 lloc els dies 9, 10 i 11 de mar\u00e7 de 2022 en la seu del Comit\u00e8 Ol\u00edmpic Espanyol, a Madrid, organitzat per la fundaci\u00f3 OAFI al costat dels Serveis M\u00e8dics i la Fundaci\u00f3 de l'Atl\u00e8tic de Madrid i el COE.<\/p><a href=\"https:\/\/www.oafifoundation.com\/ca\/esdeveniment\/2n-simposi-articulat-esport\/\" class=\"eael-post-elements-readmore-btn\">Veure simposi<\/a><\/div>\n                    <\/div><\/div><\/div>\n        <\/div>\n    <\/article><article class=\"eael-grid-post  eael-post-grid-column eael-pg-post-31238\" data-id=\"31238\">\n        <div class=\"eael-grid-post-holder\">\n            <div class=\"eael-grid-post-holder-inner\"><div class=\"eael-entry-media\"><div class=\"eael-entry-overlay fade-in\"><i class=\"far fa-eye\" aria-hidden=\"true\"><\/i><a href=\"https:\/\/www.oafifoundation.com\/ca\/esdeveniment\/simposi-articulant-esport\/\"><\/a><\/div><div class=\"eael-entry-thumbnail \">\n                <img loading=\"lazy\" decoding=\"async\" width=\"750\" height=\"450\" src=\"https:\/\/www.oafifoundation.com\/wp-content\/uploads\/2021\/03\/simposio-articulando-deporte-f.jpg\" class=\"attachment-full size-full wp-image-27975\" alt=\"Simposio Articulando el Deporte\" srcset=\"https:\/\/www.oafifoundation.com\/wp-content\/uploads\/2021\/03\/simposio-articulando-deporte-f.jpg 750w, https:\/\/www.oafifoundation.com\/wp-content\/uploads\/2021\/03\/simposio-articulando-deporte-f-300x180.jpg 300w, https:\/\/www.oafifoundation.com\/wp-content\/uploads\/2021\/03\/simposio-articulando-deporte-f-600x360.jpg 600w\" sizes=\"(max-width: 750px) 100vw, 750px\" \/>\n            <\/div>\n        <\/div><div class=\"eael-entry-wrapper\"><header class=\"eael-entry-header\"><h2 class=\"eael-entry-title\"><a class=\"eael-grid-post-link\" href=\"https:\/\/www.oafifoundation.com\/ca\/esdeveniment\/simposi-articulant-esport\/\" title=\"Simposi Articulant l&#8217;Esport\">Simposi Articulant l&#8217;Esport<\/a><\/h2><\/header><div class=\"eael-entry-content\">\n                        <div class=\"eael-grid-post-excerpt\"><p>La Fundaci\u00f3 OAFI organitza el primer Simposi de Medicina Esportiva \u201cArticulant l'Esport\u201d, organitzat juntament amb els Serveis M\u00e8dics i la Fundaci\u00f3 de l'Atl\u00e8tic de Madrid i el Comit\u00e8 Ol\u00edmpic Espanyol. Aquest esdeveniment anual est\u00e0 dedicat a l'esport a nivell amateur i professional, amb l'objectiu que la pr\u00e0ctica de l'exercici f\u00edsic es realitzi en \u00f2ptimes condicions f\u00edsiques i cuidant les articulacions per a una vida llarga i activa.<\/p><a href=\"https:\/\/www.oafifoundation.com\/ca\/esdeveniment\/simposi-articulant-esport\/\" class=\"eael-post-elements-readmore-btn\">Veure simposi<\/a><\/div>\n                    <\/div><\/div><\/div>\n        <\/div>\n    <\/article><\/div>\n            <div class=\"clearfix\"><\/div>\n        <\/div>\t\t\t\t<\/div>\n\t\t\t\t<\/div>\n\t\t\t\t\t<\/div>\n\t\t<\/div>\n\t\t\t\t\t<\/div>\n\t\t<\/section>\n\t\t\t\t<\/div>\n\t\t","protected":false},"excerpt":{"rendered":"<p>Articulant l&#8217;Esport III Congr\u00e9s Articulant l&#8217;Esport OAFI, els Serveis M\u00e8dics i la Fundaci\u00f3 de l&#8217;Atl\u00e8tic de Madrid i el COE tornen amb el III Congr\u00e9s Articulant l&#8217;Esport que va tenir lloc els dies 8, 9 i 10 de mar\u00e7 de 2023 a la seu del COE. Veure simposi 2n Simposi Articulat l&#8217;Esport Arriba el 2n [&hellip;]<\/p>\n","protected":false},"author":1,"featured_media":0,"parent":0,"menu_order":0,"comment_status":"closed","ping_status":"closed","template":"","meta":{"footnotes":""},"class_list":["post-31495","page","type-page","status-publish","hentry"],"_links":{"self":[{"href":"https:\/\/www.oafifoundation.com\/ca\/wp-json\/wp\/v2\/pages\/31495","targetHints":{"allow":["GET"]}}],"collection":[{"href":"https:\/\/www.oafifoundation.com\/ca\/wp-json\/wp\/v2\/pages"}],"about":[{"href":"https:\/\/www.oafifoundation.com\/ca\/wp-json\/wp\/v2\/types\/page"}],"author":[{"embeddable":true,"href":"https:\/\/www.oafifoundation.com\/ca\/wp-json\/wp\/v2\/users\/1"}],"replies":[{"embeddable":true,"href":"https:\/\/www.oafifoundation.com\/ca\/wp-json\/wp\/v2\/comments?post=31495"}],"version-history":[{"count":4,"href":"https:\/\/www.oafifoundation.com\/ca\/wp-json\/wp\/v2\/pages\/31495\/revisions"}],"predecessor-version":[{"id":31500,"href":"https:\/\/www.oafifoundation.com\/ca\/wp-json\/wp\/v2\/pages\/31495\/revisions\/31500"}],"wp:attachment":[{"href":"https:\/\/www.oafifoundation.com\/ca\/wp-json\/wp\/v2\/media?parent=31495"}],"curies":[{"name":"wp","href":"https:\/\/api.w.org\/{rel}","templated":true}]}}