{"id":31506,"date":"2023-01-15T20:59:45","date_gmt":"2023-01-15T19:59:45","guid":{"rendered":"https:\/\/www.oafifoundation.com\/ciclo-foros-oafi\/"},"modified":"2023-06-05T19:14:28","modified_gmt":"2023-06-05T17:14:28","slug":"cicle-forums-oafi","status":"publish","type":"page","link":"https:\/\/www.oafifoundation.com\/ca\/cicle-forums-oafi\/","title":{"rendered":"Cicle de F\u00f2rums OAFI"},"content":{"rendered":"\t\t<div data-elementor-type=\"wp-page\" data-elementor-id=\"31506\" class=\"elementor elementor-31506 elementor-28100\">\n\t\t\t\t\t\t<section class=\"has_eae_slider elementor-section elementor-top-section elementor-element elementor-element-6a15af8c elementor-section-stretched elementor-section-content-middle elementor-section-boxed elementor-section-height-default elementor-section-height-default\" data-eae-slider=\"35579\" data-id=\"6a15af8c\" data-element_type=\"section\" data-settings=\"{&quot;stretch_section&quot;:&quot;section-stretched&quot;,&quot;background_background&quot;:&quot;classic&quot;}\">\n\t\t\t\t\t\t\t<div class=\"elementor-background-overlay\"><\/div>\n\t\t\t\t\t\t\t<div class=\"elementor-container elementor-column-gap-default\">\n\t\t\t\t\t<div class=\"has_eae_slider elementor-column elementor-col-100 elementor-top-column elementor-element elementor-element-34ca0f38 elementor-invisible\" data-eae-slider=\"11715\" data-id=\"34ca0f38\" data-element_type=\"column\" data-settings=\"{&quot;animation&quot;:&quot;fadeIn&quot;}\">\n\t\t\t<div class=\"elementor-widget-wrap elementor-element-populated\">\n\t\t\t\t\t\t<div class=\"elementor-element elementor-element-6f33ca96 elementor-widget elementor-widget-heading\" data-id=\"6f33ca96\" data-element_type=\"widget\" data-widget_type=\"heading.default\">\n\t\t\t\t<div class=\"elementor-widget-container\">\n\t\t\t\t\t<h1 class=\"elementor-heading-title elementor-size-default\">Cicle de F\u00f2rums OAFI<\/h1>\t\t\t\t<\/div>\n\t\t\t\t<\/div>\n\t\t\t\t\t<\/div>\n\t\t<\/div>\n\t\t\t\t\t<\/div>\n\t\t<\/section>\n\t\t\t\t<section class=\"has_eae_slider elementor-section elementor-top-section elementor-element elementor-element-bfff77d elementor-section-stretched elementor-section-boxed elementor-section-height-default elementor-section-height-default\" data-eae-slider=\"65842\" data-id=\"bfff77d\" data-element_type=\"section\" data-settings=\"{&quot;stretch_section&quot;:&quot;section-stretched&quot;}\">\n\t\t\t\t\t\t<div class=\"elementor-container elementor-column-gap-default\">\n\t\t\t\t\t<div class=\"has_eae_slider elementor-column elementor-col-100 elementor-top-column elementor-element elementor-element-f6fbeae\" data-eae-slider=\"883\" data-id=\"f6fbeae\" data-element_type=\"column\">\n\t\t\t<div class=\"elementor-widget-wrap elementor-element-populated\">\n\t\t\t\t\t\t<div class=\"elementor-element elementor-element-7aae988 elementor-widget elementor-widget-text-editor\" data-id=\"7aae988\" data-element_type=\"widget\" data-widget_type=\"text-editor.default\">\n\t\t\t\t<div class=\"elementor-widget-container\">\n\t\t\t\t\t\t\t\t\t<p style=\"text-align: center;\">El Cicle de F\u00f2rums OAFI, una s\u00e8rie de confer\u00e8ncies per diferents punts del nostre pa\u00eds, pret\u00e9n dimensionar les conseq\u00fc\u00e8ncies socioecon\u00f2miques i sanit\u00e0ries que l&#8217;evoluci\u00f3 demogr\u00e0fica est\u00e0 generant a Espanya i preveure quin tipus de mesures caldria adoptar per preservar la salut de la gent gran i millorar qualitat de vida.<\/p><p style=\"text-align: center;\">No et perdis les parades del Cicle de F\u00f2rums:<\/p>\t\t\t\t\t\t\t\t<\/div>\n\t\t\t\t<\/div>\n\t\t\t\t\t<\/div>\n\t\t<\/div>\n\t\t\t\t\t<\/div>\n\t\t<\/section>\n\t\t\t\t<section class=\"has_eae_slider elementor-section elementor-top-section elementor-element elementor-element-a7eedfd elementor-section-stretched elementor-section-boxed elementor-section-height-default elementor-section-height-default\" data-eae-slider=\"11512\" data-id=\"a7eedfd\" data-element_type=\"section\" data-settings=\"{&quot;stretch_section&quot;:&quot;section-stretched&quot;}\">\n\t\t\t\t\t\t<div class=\"elementor-container elementor-column-gap-default\">\n\t\t\t\t\t<div class=\"has_eae_slider elementor-column elementor-col-100 elementor-top-column elementor-element elementor-element-0ebe245\" data-eae-slider=\"76558\" data-id=\"0ebe245\" data-element_type=\"column\">\n\t\t\t<div class=\"elementor-widget-wrap elementor-element-populated\">\n\t\t\t\t\t\t<div class=\"elementor-element elementor-element-6cbd101 elementor-grid-eael-col-3 oafi-events-wall elementor-grid-tablet-eael-col-2 elementor-grid-mobile-eael-col-1 elementor-widget elementor-widget-eael-post-grid\" data-id=\"6cbd101\" data-element_type=\"widget\" data-settings=\"{&quot;eael_post_grid_columns&quot;:&quot;eael-col-3&quot;,&quot;eael_post_grid_columns_tablet&quot;:&quot;eael-col-2&quot;,&quot;eael_post_grid_columns_mobile&quot;:&quot;eael-col-1&quot;}\" data-widget_type=\"eael-post-grid.default\">\n\t\t\t\t<div class=\"elementor-widget-container\">\n\t\t\t\t\t<div id=\"eael-post-grid-6cbd101\" class=\"eael-post-grid-container\">\n            <div class=\"eael-post-grid eael-post-appender eael-post-appender-6cbd101 eael-post-grid-style-one\" data-layout-mode=\"grid\"><article class=\"eael-grid-post  eael-post-grid-column eael-pg-post-36010\" data-id=\"36010\">\n        <div class=\"eael-grid-post-holder\">\n            <div class=\"eael-grid-post-holder-inner\"><div class=\"eael-entry-media\"><div class=\"eael-entry-overlay fade-in\"><i class=\"far fa-eye\" aria-hidden=\"true\"><\/i><a href=\"https:\/\/www.oafifoundation.com\/ca\/esdeveniment\/dimension-sanitaria-de-la-artrosis\/\"><\/a><\/div><div class=\"eael-entry-thumbnail \">\n                <img fetchpriority=\"high\" decoding=\"async\" width=\"2160\" height=\"1080\" src=\"https:\/\/www.oafifoundation.com\/wp-content\/uploads\/2024\/03\/dimension-sanitaria-artrosis-oafi.jpg\" class=\"attachment-full size-full wp-image-36008\" alt=\"\" srcset=\"https:\/\/www.oafifoundation.com\/wp-content\/uploads\/2024\/03\/dimension-sanitaria-artrosis-oafi.jpg 2160w, https:\/\/www.oafifoundation.com\/wp-content\/uploads\/2024\/03\/dimension-sanitaria-artrosis-oafi-300x150.jpg 300w, https:\/\/www.oafifoundation.com\/wp-content\/uploads\/2024\/03\/dimension-sanitaria-artrosis-oafi-1024x512.jpg 1024w, https:\/\/www.oafifoundation.com\/wp-content\/uploads\/2024\/03\/dimension-sanitaria-artrosis-oafi-768x384.jpg 768w, https:\/\/www.oafifoundation.com\/wp-content\/uploads\/2024\/03\/dimension-sanitaria-artrosis-oafi-1536x768.jpg 1536w, https:\/\/www.oafifoundation.com\/wp-content\/uploads\/2024\/03\/dimension-sanitaria-artrosis-oafi-2048x1024.jpg 2048w, https:\/\/www.oafifoundation.com\/wp-content\/uploads\/2024\/03\/dimension-sanitaria-artrosis-oafi-600x300.jpg 600w\" sizes=\"(max-width: 2160px) 100vw, 2160px\" \/>\n            <\/div>\n        <\/div><div class=\"eael-entry-wrapper\"><header class=\"eael-entry-header\"><h2 class=\"eael-entry-title\"><a class=\"eael-grid-post-link\" href=\"https:\/\/www.oafifoundation.com\/ca\/esdeveniment\/dimension-sanitaria-de-la-artrosis\/\" title=\"Dimensi\u00f3 sanit\u00e0ria de l&#8217;artrosi\">Dimensi\u00f3 sanit\u00e0ria de l&#8217;artrosi<\/a><\/h2><\/header><div class=\"eael-entry-content\">\n                        <div class=\"eael-grid-post-excerpt\"><p>Analitzem la situaci\u00f3 sanit\u00e0ria en relaci\u00f3 amb el progressiu increment de pacients amb artrosi a Espanya i les seves conseq\u00fc\u00e8ncies, especialment pel que fa a l'atenci\u00f3 prim\u00e0ria, i proposem mesures que possibilitin una soluci\u00f3 efica\u00e7 i sostenible present i futura, incorporant la perspectiva del pacient.<\/p><a href=\"https:\/\/www.oafifoundation.com\/ca\/esdeveniment\/dimension-sanitaria-de-la-artrosis\/\" class=\"eael-post-elements-readmore-btn\">Veure f\u00f2rum<\/a><\/div>\n                    <\/div><\/div><\/div>\n        <\/div>\n    <\/article><article class=\"eael-grid-post  eael-post-grid-column eael-pg-post-32741\" data-id=\"32741\">\n        <div class=\"eael-grid-post-holder\">\n            <div class=\"eael-grid-post-holder-inner\"><div class=\"eael-entry-media\"><div class=\"eael-entry-overlay fade-in\"><i class=\"far fa-eye\" aria-hidden=\"true\"><\/i><a href=\"https:\/\/www.oafifoundation.com\/ca\/esdeveniment\/envelliment-qualitat-vida\/\"><\/a><\/div><div class=\"eael-entry-thumbnail \">\n                <img decoding=\"async\" width=\"750\" height=\"450\" src=\"https:\/\/www.oafifoundation.com\/wp-content\/uploads\/2023\/06\/envejecimiento-calidad-vida-f.jpg\" class=\"attachment-full size-full wp-image-32680\" alt=\"Envejecimiento y calidad de vida\" srcset=\"https:\/\/www.oafifoundation.com\/wp-content\/uploads\/2023\/06\/envejecimiento-calidad-vida-f.jpg 750w, https:\/\/www.oafifoundation.com\/wp-content\/uploads\/2023\/06\/envejecimiento-calidad-vida-f-300x180.jpg 300w, https:\/\/www.oafifoundation.com\/wp-content\/uploads\/2023\/06\/envejecimiento-calidad-vida-f-600x360.jpg 600w\" sizes=\"(max-width: 750px) 100vw, 750px\" \/>\n            <\/div>\n        <\/div><div class=\"eael-entry-wrapper\"><header class=\"eael-entry-header\"><h2 class=\"eael-entry-title\"><a class=\"eael-grid-post-link\" href=\"https:\/\/www.oafifoundation.com\/ca\/esdeveniment\/envelliment-qualitat-vida\/\" title=\"Envelliment i qualitat de vida\">Envelliment i qualitat de vida<\/a><\/h2><\/header><div class=\"eael-entry-content\">\n                        <div class=\"eael-grid-post-excerpt\"><p>Hi ha un envelliment progressiu de la poblaci\u00f3, cosa que comportar\u00e0 un augment de la demanda de l'atenci\u00f3 sociosanit\u00e0ria a Espanya. Per aix\u00f2, cal abordar aquesta situaci\u00f3 de forma efica\u00e7 i eficient, i proposar mesures dirigides a mantenir i millorar la qualitat de vida de la gent gran.<\/p><a href=\"https:\/\/www.oafifoundation.com\/ca\/esdeveniment\/envelliment-qualitat-vida\/\" class=\"eael-post-elements-readmore-btn\">Veure f\u00f2rum<\/a><\/div>\n                    <\/div><\/div><\/div>\n        <\/div>\n    <\/article><article class=\"eael-grid-post  eael-post-grid-column eael-pg-post-32726\" data-id=\"32726\">\n        <div class=\"eael-grid-post-holder\">\n            <div class=\"eael-grid-post-holder-inner\"><div class=\"eael-entry-media\"><div class=\"eael-entry-overlay fade-in\"><i class=\"far fa-eye\" aria-hidden=\"true\"><\/i><a href=\"https:\/\/www.oafifoundation.com\/ca\/esdeveniment\/dimensio-sanitaria-envelliment-artrosi-reptes-mesures\/\"><\/a><\/div><div class=\"eael-entry-thumbnail \">\n                <img decoding=\"async\" width=\"750\" height=\"450\" src=\"https:\/\/www.oafifoundation.com\/wp-content\/uploads\/2023\/06\/dimension-sanitaria-envejecimiento-f.jpg\" class=\"attachment-full size-full wp-image-32665\" alt=\"Dimensi\u00f3n sanitaria del envejecimiento con artrosis: retos y medidas\" srcset=\"https:\/\/www.oafifoundation.com\/wp-content\/uploads\/2023\/06\/dimension-sanitaria-envejecimiento-f.jpg 750w, https:\/\/www.oafifoundation.com\/wp-content\/uploads\/2023\/06\/dimension-sanitaria-envejecimiento-f-300x180.jpg 300w, https:\/\/www.oafifoundation.com\/wp-content\/uploads\/2023\/06\/dimension-sanitaria-envejecimiento-f-600x360.jpg 600w\" sizes=\"(max-width: 750px) 100vw, 750px\" \/>\n            <\/div>\n        <\/div><div class=\"eael-entry-wrapper\"><header class=\"eael-entry-header\"><h2 class=\"eael-entry-title\"><a class=\"eael-grid-post-link\" href=\"https:\/\/www.oafifoundation.com\/ca\/esdeveniment\/dimensio-sanitaria-envelliment-artrosi-reptes-mesures\/\" title=\"Dimensi\u00f3 sanit\u00e0ria de l&#8217;envelliment amb artrosi: reptes i mesures\">Dimensi\u00f3 sanit\u00e0ria de l&#8217;envelliment amb artrosi: reptes i mesures<\/a><\/h2><\/header><div class=\"eael-entry-content\">\n                        <div class=\"eael-grid-post-excerpt\"><p>L'objectiu de la segona trobada va ser analitzar la situaci\u00f3 sanit\u00e0ria en relaci\u00f3 amb l'envelliment progressiu de la poblaci\u00f3 espanyola i les seves conseq\u00fc\u00e8ncies, identificar els reptes presents i futurs que cal afrontar, i proposar mesures que permetin donar una soluci\u00f3 efica\u00e7 i sostenible.<\/p><a href=\"https:\/\/www.oafifoundation.com\/ca\/esdeveniment\/dimensio-sanitaria-envelliment-artrosi-reptes-mesures\/\" class=\"eael-post-elements-readmore-btn\">Veure f\u00f2rum<\/a><\/div>\n                    <\/div><\/div><\/div>\n        <\/div>\n    <\/article><article class=\"eael-grid-post  eael-post-grid-column eael-pg-post-32716\" data-id=\"32716\">\n        <div class=\"eael-grid-post-holder\">\n            <div class=\"eael-grid-post-holder-inner\"><div class=\"eael-entry-media\"><div class=\"eael-entry-overlay fade-in\"><i class=\"far fa-eye\" aria-hidden=\"true\"><\/i><a href=\"https:\/\/www.oafifoundation.com\/ca\/esdeveniment\/envelliment-demografic-efectes-socioeconomics-sanitaris\/\"><\/a><\/div><div class=\"eael-entry-thumbnail \">\n                <img loading=\"lazy\" decoding=\"async\" width=\"750\" height=\"450\" src=\"https:\/\/www.oafifoundation.com\/wp-content\/uploads\/2023\/06\/envejecimiento-demografico-f.jpg\" class=\"attachment-full size-full wp-image-32686\" alt=\"Envejecimiento demogr\u00e1fico: efectos socioecon\u00f3micos y sanitarios\" srcset=\"https:\/\/www.oafifoundation.com\/wp-content\/uploads\/2023\/06\/envejecimiento-demografico-f.jpg 750w, https:\/\/www.oafifoundation.com\/wp-content\/uploads\/2023\/06\/envejecimiento-demografico-f-300x180.jpg 300w, https:\/\/www.oafifoundation.com\/wp-content\/uploads\/2023\/06\/envejecimiento-demografico-f-600x360.jpg 600w\" sizes=\"(max-width: 750px) 100vw, 750px\" \/>\n            <\/div>\n        <\/div><div class=\"eael-entry-wrapper\"><header class=\"eael-entry-header\"><h2 class=\"eael-entry-title\"><a class=\"eael-grid-post-link\" href=\"https:\/\/www.oafifoundation.com\/ca\/esdeveniment\/envelliment-demografic-efectes-socioeconomics-sanitaris\/\" title=\"Envelliment demogr\u00e0fic: efectes socioecon\u00f2mics i sanitaris\">Envelliment demogr\u00e0fic: efectes socioecon\u00f2mics i sanitaris<\/a><\/h2><\/header><div class=\"eael-entry-content\">\n                        <div class=\"eael-grid-post-excerpt\"><p>L'objectiu de la primera trobada va ser dimensionar les conseq\u00fc\u00e8ncies socioecon\u00f2miques i sanit\u00e0ries que l'evoluci\u00f3 demogr\u00e0fica est\u00e0 generant a Espanya i preveure quin tipus de mesures caldria adoptar per preservar la salut de la gent gran i millorar-ne la qualitat de vida.<\/p><a href=\"https:\/\/www.oafifoundation.com\/ca\/esdeveniment\/envelliment-demografic-efectes-socioeconomics-sanitaris\/\" class=\"eael-post-elements-readmore-btn\">Veure f\u00f2rum<\/a><\/div>\n                    <\/div><\/div><\/div>\n        <\/div>\n    <\/article><article class=\"eael-grid-post  eael-post-grid-column eael-pg-post-31302\" data-id=\"31302\">\n        <div class=\"eael-grid-post-holder\">\n            <div class=\"eael-grid-post-holder-inner\"><div class=\"eael-entry-media\"><div class=\"eael-entry-overlay fade-in\"><i class=\"far fa-eye\" aria-hidden=\"true\"><\/i><a href=\"https:\/\/www.oafifoundation.com\/ca\/esdeveniment\/jornada-artrosi-segle-xxi\/\"><\/a><\/div><div class=\"eael-entry-thumbnail \">\n                <img loading=\"lazy\" decoding=\"async\" width=\"750\" height=\"450\" src=\"https:\/\/www.oafifoundation.com\/wp-content\/uploads\/2018\/04\/jornada-artrosis-siglo-xxi-f.jpg\" class=\"attachment-full size-full wp-image-27893\" alt=\"Jornada Artrosis en el Siglo XXI\" srcset=\"https:\/\/www.oafifoundation.com\/wp-content\/uploads\/2018\/04\/jornada-artrosis-siglo-xxi-f.jpg 750w, https:\/\/www.oafifoundation.com\/wp-content\/uploads\/2018\/04\/jornada-artrosis-siglo-xxi-f-300x180.jpg 300w, https:\/\/www.oafifoundation.com\/wp-content\/uploads\/2018\/04\/jornada-artrosis-siglo-xxi-f-600x360.jpg 600w\" sizes=\"(max-width: 750px) 100vw, 750px\" \/>\n            <\/div>\n        <\/div><div class=\"eael-entry-wrapper\"><header class=\"eael-entry-header\"><h2 class=\"eael-entry-title\"><a class=\"eael-grid-post-link\" href=\"https:\/\/www.oafifoundation.com\/ca\/esdeveniment\/jornada-artrosi-segle-xxi\/\" title=\"Jornada Artrosi al Segle XXI\">Jornada Artrosi al Segle XXI<\/a><\/h2><\/header><div class=\"eael-entry-content\">\n                        <div class=\"eael-grid-post-excerpt\"><p>El passat 12 de juny, la Fundaci\u00f3 Internacional de l\u2019Artrosi (OAFI) va organitzar al Ministeri de Sanitat, Serveis Socials i Igualtat la Jornada Artrosi al segle XXI.<\/p><a href=\"https:\/\/www.oafifoundation.com\/ca\/esdeveniment\/jornada-artrosi-segle-xxi\/\" class=\"eael-post-elements-readmore-btn\">Veure f\u00f2rum<\/a><\/div>\n                    <\/div><\/div><\/div>\n        <\/div>\n    <\/article><\/div>\n            <div class=\"clearfix\"><\/div>\n        <\/div>\t\t\t\t<\/div>\n\t\t\t\t<\/div>\n\t\t\t\t\t<\/div>\n\t\t<\/div>\n\t\t\t\t\t<\/div>\n\t\t<\/section>\n\t\t\t\t<\/div>\n\t\t","protected":false},"excerpt":{"rendered":"<p>Cicle de F\u00f2rums OAFI El Cicle de F\u00f2rums OAFI, una s\u00e8rie de confer\u00e8ncies per diferents punts del nostre pa\u00eds, pret\u00e9n dimensionar les conseq\u00fc\u00e8ncies socioecon\u00f2miques i sanit\u00e0ries que l&#8217;evoluci\u00f3 demogr\u00e0fica est\u00e0 generant a Espanya i preveure quin tipus de mesures caldria adoptar per preservar la salut de la gent gran i millorar qualitat de vida. No [&hellip;]<\/p>\n","protected":false},"author":1,"featured_media":0,"parent":0,"menu_order":0,"comment_status":"closed","ping_status":"closed","template":"","meta":{"footnotes":""},"class_list":["post-31506","page","type-page","status-publish","hentry"],"_links":{"self":[{"href":"https:\/\/www.oafifoundation.com\/ca\/wp-json\/wp\/v2\/pages\/31506","targetHints":{"allow":["GET"]}}],"collection":[{"href":"https:\/\/www.oafifoundation.com\/ca\/wp-json\/wp\/v2\/pages"}],"about":[{"href":"https:\/\/www.oafifoundation.com\/ca\/wp-json\/wp\/v2\/types\/page"}],"author":[{"embeddable":true,"href":"https:\/\/www.oafifoundation.com\/ca\/wp-json\/wp\/v2\/users\/1"}],"replies":[{"embeddable":true,"href":"https:\/\/www.oafifoundation.com\/ca\/wp-json\/wp\/v2\/comments?post=31506"}],"version-history":[{"count":7,"href":"https:\/\/www.oafifoundation.com\/ca\/wp-json\/wp\/v2\/pages\/31506\/revisions"}],"predecessor-version":[{"id":32658,"href":"https:\/\/www.oafifoundation.com\/ca\/wp-json\/wp\/v2\/pages\/31506\/revisions\/32658"}],"wp:attachment":[{"href":"https:\/\/www.oafifoundation.com\/ca\/wp-json\/wp\/v2\/media?parent=31506"}],"curies":[{"name":"wp","href":"https:\/\/api.w.org\/{rel}","templated":true}]}}