{"id":31528,"date":"2023-01-15T21:08:41","date_gmt":"2023-01-15T20:08:41","guid":{"rendered":"https:\/\/www.oafifoundation.com\/estudios-cientificos\/"},"modified":"2025-07-17T14:21:53","modified_gmt":"2025-07-17T12:21:53","slug":"estudis-cientifics","status":"publish","type":"page","link":"https:\/\/www.oafifoundation.com\/ca\/estudis-cientifics\/","title":{"rendered":"Estudis cient\u00edfics"},"content":{"rendered":"\t\t<div data-elementor-type=\"wp-page\" data-elementor-id=\"31528\" class=\"elementor elementor-31528 elementor-28111\">\n\t\t\t\t\t\t<section class=\"has_eae_slider elementor-section elementor-top-section elementor-element elementor-element-6a15af8c elementor-section-stretched elementor-section-content-middle elementor-section-boxed elementor-section-height-default elementor-section-height-default\" data-eae-slider=\"21568\" data-id=\"6a15af8c\" data-element_type=\"section\" data-settings=\"{&quot;stretch_section&quot;:&quot;section-stretched&quot;,&quot;background_background&quot;:&quot;classic&quot;}\">\n\t\t\t\t\t\t\t<div class=\"elementor-background-overlay\"><\/div>\n\t\t\t\t\t\t\t<div class=\"elementor-container elementor-column-gap-default\">\n\t\t\t\t\t<div class=\"has_eae_slider elementor-column elementor-col-100 elementor-top-column elementor-element elementor-element-34ca0f38 elementor-invisible\" data-eae-slider=\"60289\" data-id=\"34ca0f38\" data-element_type=\"column\" data-settings=\"{&quot;animation&quot;:&quot;fadeIn&quot;}\">\n\t\t\t<div class=\"elementor-widget-wrap elementor-element-populated\">\n\t\t\t\t\t\t<div class=\"elementor-element elementor-element-6f33ca96 elementor-widget elementor-widget-heading\" data-id=\"6f33ca96\" data-element_type=\"widget\" data-widget_type=\"heading.default\">\n\t\t\t\t<div class=\"elementor-widget-container\">\n\t\t\t\t\t<h1 class=\"elementor-heading-title elementor-size-default\">Estudis cient\u00edfics<\/h1>\t\t\t\t<\/div>\n\t\t\t\t<\/div>\n\t\t\t\t\t<\/div>\n\t\t<\/div>\n\t\t\t\t\t<\/div>\n\t\t<\/section>\n\t\t\t\t<section class=\"has_eae_slider elementor-section elementor-top-section elementor-element elementor-element-b58a754 elementor-section-boxed elementor-section-height-default elementor-section-height-default\" data-eae-slider=\"65243\" data-id=\"b58a754\" data-element_type=\"section\">\n\t\t\t\t\t\t<div class=\"elementor-container elementor-column-gap-default\">\n\t\t\t\t\t<div class=\"has_eae_slider elementor-column elementor-col-100 elementor-top-column elementor-element elementor-element-d8496dd\" data-eae-slider=\"31262\" data-id=\"d8496dd\" data-element_type=\"column\">\n\t\t\t<div class=\"elementor-widget-wrap elementor-element-populated\">\n\t\t\t\t\t\t<div class=\"elementor-element elementor-element-fb5ccda elementor-widget elementor-widget-spacer\" data-id=\"fb5ccda\" data-element_type=\"widget\" data-widget_type=\"spacer.default\">\n\t\t\t\t<div class=\"elementor-widget-container\">\n\t\t\t\t\t\t\t<div class=\"elementor-spacer\">\n\t\t\t<div class=\"elementor-spacer-inner\"><\/div>\n\t\t<\/div>\n\t\t\t\t\t\t<\/div>\n\t\t\t\t<\/div>\n\t\t\t\t\t<\/div>\n\t\t<\/div>\n\t\t\t\t\t<\/div>\n\t\t<\/section>\n\t\t\t\t<section class=\"has_eae_slider elementor-section elementor-top-section elementor-element elementor-element-a1a76ff elementor-section-boxed elementor-section-height-default elementor-section-height-default\" data-eae-slider=\"10486\" data-id=\"a1a76ff\" data-element_type=\"section\">\n\t\t\t\t\t\t<div class=\"elementor-container elementor-column-gap-default\">\n\t\t\t\t\t<div class=\"has_eae_slider elementor-column elementor-col-100 elementor-top-column elementor-element elementor-element-1d428ec\" data-eae-slider=\"56449\" data-id=\"1d428ec\" data-element_type=\"column\">\n\t\t\t<div class=\"elementor-widget-wrap elementor-element-populated\">\n\t\t\t\t\t\t<div class=\"elementor-element elementor-element-90638a1 elementor-widget elementor-widget-text-editor\" data-id=\"90638a1\" data-element_type=\"widget\" data-widget_type=\"text-editor.default\">\n\t\t\t\t<div class=\"elementor-widget-container\">\n\t\t\t\t\t\t\t\t\t<div class=\"textarea-origen col-xs-12 col-sm-6\"><div data-testid=\"grammarly-vbars-scroll-mirror-container\"><div data-testid=\"grammarly-vbars-field-mirror\"><div style=\"text-align: center;\">A OAFI treballem per a millorar la qualitat de vida dels pacients a trav\u00e9s d&#8217;estudis cient\u00edfics centrats en la salut osteoarticular, com l&#8217;<strong>artrosi<\/strong>, l&#8217;<strong>osteoporosi<\/strong> o la <strong>sarcop\u00e8nia<\/strong>. Realitzem estudis i enquestes per a con\u00e8ixer les necessitats i expectatives dels pacients, promovem consensos entre professionals de diferents especialitats i fomentem la participaci\u00f3 en assajos cl\u00ednics.<\/div><\/div><\/div><\/div><div class=\"textarea-desti col-xs-12 col-sm-6\"><h5 class=\"form-control second-textarea\" style=\"text-align: center;\"><br \/><span style=\"color: #008ecc;\"><strong>Si t&#8217;agradaria participar i estar informat de les nostres iniciatives, et convidem a emplenar <span style=\"color: #00ccff;\"><a style=\"color: #00ccff;\" href=\"https:\/\/forms.gle\/LwDxT95x18LGNdWr7\" target=\"_blank\" rel=\"noopener\">aquest formulari<\/a><\/span>. La teva veu \u00e9s molt important per a nosaltres!<\/strong><\/span><\/h5><\/div>\t\t\t\t\t\t\t\t<\/div>\n\t\t\t\t<\/div>\n\t\t\t\t<div class=\"elementor-element elementor-element-94f78a5 elementor-align-center elementor-widget elementor-widget-button\" data-id=\"94f78a5\" data-element_type=\"widget\" data-widget_type=\"button.default\">\n\t\t\t\t<div class=\"elementor-widget-container\">\n\t\t\t\t\t\t\t\t\t<div class=\"elementor-button-wrapper\">\n\t\t\t\t\t<a class=\"elementor-button elementor-button-link elementor-size-sm\" href=\"https:\/\/forms.gle\/LwDxT95x18LGNdWr7\" target=\"_blank\" rel=\"noopener\">\n\t\t\t\t\t\t<span class=\"elementor-button-content-wrapper\">\n\t\t\t\t\t\t\t\t\t<span class=\"elementor-button-text\">Uneix-te a la Comunitat OAFI<\/span>\n\t\t\t\t\t<\/span>\n\t\t\t\t\t<\/a>\n\t\t\t\t<\/div>\n\t\t\t\t\t\t\t\t<\/div>\n\t\t\t\t<\/div>\n\t\t\t\t\t<\/div>\n\t\t<\/div>\n\t\t\t\t\t<\/div>\n\t\t<\/section>\n\t\t\t\t<section class=\"has_eae_slider elementor-section elementor-top-section elementor-element elementor-element-755a362f elementor-section-stretched elementor-section-boxed elementor-section-height-default elementor-section-height-default\" data-eae-slider=\"18587\" data-id=\"755a362f\" data-element_type=\"section\" data-settings=\"{&quot;stretch_section&quot;:&quot;section-stretched&quot;}\">\n\t\t\t\t\t\t<div class=\"elementor-container elementor-column-gap-default\">\n\t\t\t\t\t<div class=\"has_eae_slider elementor-column elementor-col-100 elementor-top-column elementor-element elementor-element-ad6b72e elementor-invisible\" data-eae-slider=\"52951\" data-id=\"ad6b72e\" data-element_type=\"column\" data-settings=\"{&quot;animation&quot;:&quot;fadeIn&quot;}\">\n\t\t\t<div class=\"elementor-widget-wrap elementor-element-populated\">\n\t\t\t\t\t\t<div class=\"elementor-element elementor-element-2a6b0038 elementor-grid-eael-col-3 oafi-events-wall elementor-grid-tablet-eael-col-2 elementor-grid-mobile-eael-col-1 elementor-widget elementor-widget-eael-post-grid\" data-id=\"2a6b0038\" data-element_type=\"widget\" data-settings=\"{&quot;eael_post_grid_columns&quot;:&quot;eael-col-3&quot;,&quot;eael_post_grid_columns_tablet&quot;:&quot;eael-col-2&quot;,&quot;eael_post_grid_columns_mobile&quot;:&quot;eael-col-1&quot;}\" data-widget_type=\"eael-post-grid.default\">\n\t\t\t\t<div class=\"elementor-widget-container\">\n\t\t\t\t\t<div id=\"eael-post-grid-2a6b0038\" class=\"eael-post-grid-container\">\n            <div class=\"eael-post-grid eael-post-appender eael-post-appender-2a6b0038 eael-post-grid-style-one\" data-layout-mode=\"grid\"><article class=\"eael-grid-post  eael-post-grid-column eael-pg-post-42660\" data-id=\"42660\">\n        <div class=\"eael-grid-post-holder\">\n            <div class=\"eael-grid-post-holder-inner\"><div class=\"eael-entry-media\"><div class=\"eael-entry-overlay fade-in\"><i class=\"far fa-eye\" aria-hidden=\"true\"><\/i><a href=\"https:\/\/www.oafifoundation.com\/ca\/estudi\/consensos-y-colaboraciones-multidisciplinares\/\"><\/a><\/div><div class=\"eael-entry-thumbnail \">\n                <img fetchpriority=\"high\" decoding=\"async\" width=\"750\" height=\"450\" src=\"https:\/\/www.oafifoundation.com\/wp-content\/uploads\/2026\/01\/consensos-multi-artrosis-oafi-1.jpg\" class=\"attachment-full size-full wp-image-42663\" alt=\"\" srcset=\"https:\/\/www.oafifoundation.com\/wp-content\/uploads\/2026\/01\/consensos-multi-artrosis-oafi-1.jpg 750w, https:\/\/www.oafifoundation.com\/wp-content\/uploads\/2026\/01\/consensos-multi-artrosis-oafi-1-300x180.jpg 300w\" sizes=\"(max-width: 750px) 100vw, 750px\" \/>\n            <\/div>\n        <\/div><div class=\"eael-entry-wrapper\"><header class=\"eael-entry-header\"><h2 class=\"eael-entry-title\"><a class=\"eael-grid-post-link\" href=\"https:\/\/www.oafifoundation.com\/ca\/estudi\/consensos-y-colaboraciones-multidisciplinares\/\" title=\"Consensos multidisciplinaris\">Consensos multidisciplinaris<\/a><\/h2><\/header><div class=\"eael-entry-content\">\n                        <div class=\"eael-grid-post-excerpt\"><p>Col\u00b7laborem amb professionals de diverses especialitats i amb organitzacions internacionals per millorar l\u2019abordatge integral de les malalties osteoarticulars, compartint coneixement i impulsant projectes centrats en el pacient.<\/p><a href=\"https:\/\/www.oafifoundation.com\/ca\/estudi\/consensos-y-colaboraciones-multidisciplinares\/\" class=\"eael-post-elements-readmore-btn\">Veure estudi<\/a><\/div>\n                    <\/div><\/div><\/div>\n        <\/div>\n    <\/article><article class=\"eael-grid-post  eael-post-grid-column eael-pg-post-31348\" data-id=\"31348\">\n        <div class=\"eael-grid-post-holder\">\n            <div class=\"eael-grid-post-holder-inner\"><div class=\"eael-entry-media\"><div class=\"eael-entry-overlay fade-in\"><i class=\"far fa-eye\" aria-hidden=\"true\"><\/i><a href=\"https:\/\/www.oafifoundation.com\/ca\/estudi\/assajos-clinics\/\"><\/a><\/div><div class=\"eael-entry-thumbnail \">\n                <img decoding=\"async\" width=\"750\" height=\"450\" src=\"https:\/\/www.oafifoundation.com\/wp-content\/uploads\/2023\/04\/ensayos-clinicos-f.jpg\" class=\"attachment-full size-full wp-image-29470\" alt=\"Ensayos cl\u00ednicos\" srcset=\"https:\/\/www.oafifoundation.com\/wp-content\/uploads\/2023\/04\/ensayos-clinicos-f.jpg 750w, https:\/\/www.oafifoundation.com\/wp-content\/uploads\/2023\/04\/ensayos-clinicos-f-300x180.jpg 300w, https:\/\/www.oafifoundation.com\/wp-content\/uploads\/2023\/04\/ensayos-clinicos-f-600x360.jpg 600w\" sizes=\"(max-width: 750px) 100vw, 750px\" \/>\n            <\/div>\n        <\/div><div class=\"eael-entry-wrapper\"><header class=\"eael-entry-header\"><h2 class=\"eael-entry-title\"><a class=\"eael-grid-post-link\" href=\"https:\/\/www.oafifoundation.com\/ca\/estudi\/assajos-clinics\/\" title=\"Assajos cl\u00ednics\">Assajos cl\u00ednics<\/a><\/h2><\/header><div class=\"eael-entry-content\">\n                        <div class=\"eael-grid-post-excerpt\"><p>Investiguem nous productes (f\u00e0rmacs, nutrac\u00e8utics, etc.) o tecnologies m\u00e8diques en pacients. S\u00f3n un instrument fonamental per a traslladar els nous coneixements cient\u00edfics a la pr\u00e0ctica cl\u00ednica per a millorar la qualitat de vida dels pacients amb artrosi.<\/p><a href=\"https:\/\/www.oafifoundation.com\/ca\/estudi\/assajos-clinics\/\" class=\"eael-post-elements-readmore-btn\">Veure estudi<\/a><\/div>\n                    <\/div><\/div><\/div>\n        <\/div>\n    <\/article><article class=\"eael-grid-post  eael-post-grid-column eael-pg-post-31358\" data-id=\"31358\">\n        <div class=\"eael-grid-post-holder\">\n            <div class=\"eael-grid-post-holder-inner\"><div class=\"eael-entry-media\"><div class=\"eael-entry-overlay fade-in\"><i class=\"far fa-eye\" aria-hidden=\"true\"><\/i><a href=\"https:\/\/www.oafifoundation.com\/ca\/estudi\/projectes-europeus\/\"><\/a><\/div><div class=\"eael-entry-thumbnail \">\n                <img decoding=\"async\" width=\"750\" height=\"450\" src=\"https:\/\/www.oafifoundation.com\/wp-content\/uploads\/2023\/04\/proyectos-europeos-f.jpg\" class=\"attachment-full size-full wp-image-29440\" alt=\"Proyectos europeos\" srcset=\"https:\/\/www.oafifoundation.com\/wp-content\/uploads\/2023\/04\/proyectos-europeos-f.jpg 750w, https:\/\/www.oafifoundation.com\/wp-content\/uploads\/2023\/04\/proyectos-europeos-f-300x180.jpg 300w, https:\/\/www.oafifoundation.com\/wp-content\/uploads\/2023\/04\/proyectos-europeos-f-600x360.jpg 600w\" sizes=\"(max-width: 750px) 100vw, 750px\" \/>\n            <\/div>\n        <\/div><div class=\"eael-entry-wrapper\"><header class=\"eael-entry-header\"><h2 class=\"eael-entry-title\"><a class=\"eael-grid-post-link\" href=\"https:\/\/www.oafifoundation.com\/ca\/estudi\/projectes-europeus\/\" title=\"Projectes europeus\">Projectes europeus<\/a><\/h2><\/header><div class=\"eael-entry-content\">\n                        <div class=\"eael-grid-post-excerpt\"><p>Des d'OAFI participem en la realitzaci\u00f3 i divulgaci\u00f3 a pacients de projectes de recerca i desenvolupament europeus, dins del camp de la Salut Articular i totes les variables associades a aquesta.<\/p><a href=\"https:\/\/www.oafifoundation.com\/ca\/estudi\/projectes-europeus\/\" class=\"eael-post-elements-readmore-btn\">Veure estudi<\/a><\/div>\n                    <\/div><\/div><\/div>\n        <\/div>\n    <\/article><\/div>\n            <div class=\"clearfix\"><\/div>\n        <\/div>\t\t\t\t<\/div>\n\t\t\t\t<\/div>\n\t\t\t\t\t<\/div>\n\t\t<\/div>\n\t\t\t\t\t<\/div>\n\t\t<\/section>\n\t\t\t\t<section class=\"has_eae_slider elementor-section elementor-top-section elementor-element elementor-element-dc21a63 elementor-section-boxed elementor-section-height-default elementor-section-height-default\" data-eae-slider=\"95658\" data-id=\"dc21a63\" data-element_type=\"section\">\n\t\t\t\t\t\t<div class=\"elementor-container elementor-column-gap-default\">\n\t\t\t\t\t<div class=\"has_eae_slider elementor-column elementor-col-100 elementor-top-column elementor-element elementor-element-16153eb\" data-eae-slider=\"90248\" data-id=\"16153eb\" data-element_type=\"column\">\n\t\t\t<div class=\"elementor-widget-wrap elementor-element-populated\">\n\t\t\t\t\t\t<div class=\"elementor-element elementor-element-fc74926 elementor-widget elementor-widget-text-editor\" data-id=\"fc74926\" data-element_type=\"widget\" data-widget_type=\"text-editor.default\">\n\t\t\t\t<div class=\"elementor-widget-container\">\n\t\t\t\t\t\t\t\t\t<h5 style=\"text-align: center;\"><span style=\"color: #008ecc;\"><strong>Tens un estudi en ment?<\/strong><\/span><br \/>Si vols col\u00b7laborar amb nosaltres en algun projecte o recerca, escriu-nos a <a href=\"mailto:research@oafifoundation.com\">research@oafifoundation.com<\/a>. Estarem encantats d&#8217;escoltar-te i avan\u00e7ar junts!<\/h5>\t\t\t\t\t\t\t\t<\/div>\n\t\t\t\t<\/div>\n\t\t\t\t\t<\/div>\n\t\t<\/div>\n\t\t\t\t\t<\/div>\n\t\t<\/section>\n\t\t\t\t<section class=\"has_eae_slider elementor-section elementor-top-section elementor-element elementor-element-d16d694 elementor-section-boxed elementor-section-height-default elementor-section-height-default\" data-eae-slider=\"20409\" data-id=\"d16d694\" data-element_type=\"section\">\n\t\t\t\t\t\t<div class=\"elementor-container elementor-column-gap-default\">\n\t\t\t\t\t<div class=\"has_eae_slider elementor-column elementor-col-100 elementor-top-column elementor-element elementor-element-ee6a396\" data-eae-slider=\"78841\" data-id=\"ee6a396\" data-element_type=\"column\">\n\t\t\t<div class=\"elementor-widget-wrap elementor-element-populated\">\n\t\t\t\t\t\t<div class=\"elementor-element elementor-element-f2b54a6 elementor-widget elementor-widget-spacer\" data-id=\"f2b54a6\" data-element_type=\"widget\" data-widget_type=\"spacer.default\">\n\t\t\t\t<div class=\"elementor-widget-container\">\n\t\t\t\t\t\t\t<div class=\"elementor-spacer\">\n\t\t\t<div class=\"elementor-spacer-inner\"><\/div>\n\t\t<\/div>\n\t\t\t\t\t\t<\/div>\n\t\t\t\t<\/div>\n\t\t\t\t\t<\/div>\n\t\t<\/div>\n\t\t\t\t\t<\/div>\n\t\t<\/section>\n\t\t\t\t<\/div>\n\t\t","protected":false},"excerpt":{"rendered":"<p>Estudis cient\u00edfics A OAFI treballem per a millorar la qualitat de vida dels pacients a trav\u00e9s d&#8217;estudis cient\u00edfics centrats en la salut osteoarticular, com l&#8217;artrosi, l&#8217;osteoporosi o la sarcop\u00e8nia. Realitzem estudis i enquestes per a con\u00e8ixer les necessitats i expectatives dels pacients, promovem consensos entre professionals de diferents especialitats i fomentem la participaci\u00f3 en assajos [&hellip;]<\/p>\n","protected":false},"author":1,"featured_media":0,"parent":0,"menu_order":0,"comment_status":"closed","ping_status":"closed","template":"","meta":{"footnotes":""},"class_list":["post-31528","page","type-page","status-publish","hentry"],"_links":{"self":[{"href":"https:\/\/www.oafifoundation.com\/ca\/wp-json\/wp\/v2\/pages\/31528","targetHints":{"allow":["GET"]}}],"collection":[{"href":"https:\/\/www.oafifoundation.com\/ca\/wp-json\/wp\/v2\/pages"}],"about":[{"href":"https:\/\/www.oafifoundation.com\/ca\/wp-json\/wp\/v2\/types\/page"}],"author":[{"embeddable":true,"href":"https:\/\/www.oafifoundation.com\/ca\/wp-json\/wp\/v2\/users\/1"}],"replies":[{"embeddable":true,"href":"https:\/\/www.oafifoundation.com\/ca\/wp-json\/wp\/v2\/comments?post=31528"}],"version-history":[{"count":7,"href":"https:\/\/www.oafifoundation.com\/ca\/wp-json\/wp\/v2\/pages\/31528\/revisions"}],"predecessor-version":[{"id":41189,"href":"https:\/\/www.oafifoundation.com\/ca\/wp-json\/wp\/v2\/pages\/31528\/revisions\/41189"}],"wp:attachment":[{"href":"https:\/\/www.oafifoundation.com\/ca\/wp-json\/wp\/v2\/media?parent=31528"}],"curies":[{"name":"wp","href":"https:\/\/api.w.org\/{rel}","templated":true}]}}