{"id":31598,"date":"2023-01-15T21:12:04","date_gmt":"2023-01-15T20:12:04","guid":{"rendered":"https:\/\/www.oafifoundation.com\/programas-educacionales\/"},"modified":"2023-07-14T17:42:05","modified_gmt":"2023-07-14T15:42:05","slug":"programes-educatius","status":"publish","type":"page","link":"https:\/\/www.oafifoundation.com\/ca\/programes-educatius\/","title":{"rendered":"Programes educatius"},"content":{"rendered":"\t\t<div data-elementor-type=\"wp-page\" data-elementor-id=\"31598\" class=\"elementor elementor-31598 elementor-28131\">\n\t\t\t\t\t\t<section class=\"has_eae_slider elementor-section elementor-top-section elementor-element elementor-element-6a15af8c elementor-section-stretched elementor-section-content-middle elementor-section-boxed elementor-section-height-default elementor-section-height-default\" data-eae-slider=\"31960\" data-id=\"6a15af8c\" data-element_type=\"section\" data-settings=\"{&quot;stretch_section&quot;:&quot;section-stretched&quot;,&quot;background_background&quot;:&quot;classic&quot;}\">\n\t\t\t\t\t\t\t<div class=\"elementor-background-overlay\"><\/div>\n\t\t\t\t\t\t\t<div class=\"elementor-container elementor-column-gap-default\">\n\t\t\t\t\t<div class=\"has_eae_slider elementor-column elementor-col-100 elementor-top-column elementor-element elementor-element-34ca0f38 elementor-invisible\" data-eae-slider=\"12575\" data-id=\"34ca0f38\" data-element_type=\"column\" data-settings=\"{&quot;animation&quot;:&quot;fadeIn&quot;}\">\n\t\t\t<div class=\"elementor-widget-wrap elementor-element-populated\">\n\t\t\t\t\t\t<div class=\"elementor-element elementor-element-6f33ca96 elementor-widget elementor-widget-heading\" data-id=\"6f33ca96\" data-element_type=\"widget\" data-widget_type=\"heading.default\">\n\t\t\t\t<div class=\"elementor-widget-container\">\n\t\t\t\t\t<h1 class=\"elementor-heading-title elementor-size-default\">Programes educaTIUs<\/h1>\t\t\t\t<\/div>\n\t\t\t\t<\/div>\n\t\t\t\t\t<\/div>\n\t\t<\/div>\n\t\t\t\t\t<\/div>\n\t\t<\/section>\n\t\t\t\t<section class=\"has_eae_slider elementor-section elementor-top-section elementor-element elementor-element-267b9a9e elementor-section-stretched elementor-section-boxed elementor-section-height-default elementor-section-height-default elementor-invisible\" data-eae-slider=\"19288\" data-id=\"267b9a9e\" data-element_type=\"section\" data-settings=\"{&quot;animation&quot;:&quot;fadeInUp&quot;,&quot;stretch_section&quot;:&quot;section-stretched&quot;}\">\n\t\t\t\t\t\t<div class=\"elementor-container elementor-column-gap-default\">\n\t\t\t\t\t<div class=\"has_eae_slider elementor-column elementor-col-100 elementor-top-column elementor-element elementor-element-6acdb2e9\" data-eae-slider=\"84788\" data-id=\"6acdb2e9\" data-element_type=\"column\">\n\t\t\t<div class=\"elementor-widget-wrap elementor-element-populated\">\n\t\t\t\t\t\t<div class=\"elementor-element elementor-element-5234260a elementor-grid-eael-col-3 oafi-events-wall elementor-grid-tablet-eael-col-2 elementor-grid-mobile-eael-col-1 elementor-widget elementor-widget-eael-post-grid\" data-id=\"5234260a\" data-element_type=\"widget\" data-settings=\"{&quot;eael_post_grid_columns&quot;:&quot;eael-col-3&quot;,&quot;eael_post_grid_columns_tablet&quot;:&quot;eael-col-2&quot;,&quot;eael_post_grid_columns_mobile&quot;:&quot;eael-col-1&quot;}\" data-widget_type=\"eael-post-grid.default\">\n\t\t\t\t<div class=\"elementor-widget-container\">\n\t\t\t\t\t<div id=\"eael-post-grid-5234260a\" class=\"eael-post-grid-container\">\n            <div class=\"eael-post-grid eael-post-appender eael-post-appender-5234260a eael-post-grid-style-one\" data-layout-mode=\"grid\"><article class=\"eael-grid-post  eael-post-grid-column eael-pg-post-31368\" data-id=\"31368\">\n        <div class=\"eael-grid-post-holder\">\n            <div class=\"eael-grid-post-holder-inner\"><div class=\"eael-entry-media\"><div class=\"eael-entry-overlay fade-in\"><i class=\"far fa-eye\" aria-hidden=\"true\"><\/i><a href=\"https:\/\/www.oafifoundation.com\/ca\/programa-educacional-ca\/oafi-sport\/\"><\/a><\/div><div class=\"eael-entry-thumbnail \">\n                <img fetchpriority=\"high\" decoding=\"async\" width=\"750\" height=\"450\" src=\"https:\/\/www.oafifoundation.com\/wp-content\/uploads\/2023\/01\/oafi-sport-2.jpg\" class=\"attachment-full size-full wp-image-28288\" alt=\"\" srcset=\"https:\/\/www.oafifoundation.com\/wp-content\/uploads\/2023\/01\/oafi-sport-2.jpg 750w, https:\/\/www.oafifoundation.com\/wp-content\/uploads\/2023\/01\/oafi-sport-2-300x180.jpg 300w, https:\/\/www.oafifoundation.com\/wp-content\/uploads\/2023\/01\/oafi-sport-2-600x360.jpg 600w\" sizes=\"(max-width: 750px) 100vw, 750px\" \/>\n            <\/div>\n        <\/div><div class=\"eael-entry-wrapper\"><header class=\"eael-entry-header\"><h2 class=\"eael-entry-title\"><a class=\"eael-grid-post-link\" href=\"https:\/\/www.oafifoundation.com\/ca\/programa-educacional-ca\/oafi-sport\/\" title=\"OAFI Sport\">OAFI Sport<\/a><\/h2><\/header><div class=\"eael-entry-content\">\n                        <div class=\"eael-grid-post-excerpt\"><p>OAFI disposa de programes espec\u00edfics adre\u00e7ats a grups de risc com els esportistes, joves, dones i la gent gran per millorar el coneixement sobre l'artrosi, com afecta la vida de les persones i com gestionar la malaltia a trav\u00e9s de la prevenci\u00f3 i el tractament.<\/p><a href=\"https:\/\/www.oafifoundation.com\/ca\/programa-educacional-ca\/oafi-sport\/\" class=\"eael-post-elements-readmore-btn\">Veure programa<\/a><\/div>\n                    <\/div><\/div><\/div>\n        <\/div>\n    <\/article><article class=\"eael-grid-post  eael-post-grid-column eael-pg-post-31378\" data-id=\"31378\">\n        <div class=\"eael-grid-post-holder\">\n            <div class=\"eael-grid-post-holder-inner\"><div class=\"eael-entry-media\"><div class=\"eael-entry-overlay fade-in\"><i class=\"far fa-eye\" aria-hidden=\"true\"><\/i><a href=\"https:\/\/www.oafifoundation.com\/ca\/programa-educacional-ca\/oafi-sport-children\/\"><\/a><\/div><div class=\"eael-entry-thumbnail \">\n                <img decoding=\"async\" width=\"750\" height=\"450\" src=\"https:\/\/www.oafifoundation.com\/wp-content\/uploads\/2023\/01\/oafi-sport-children.jpg\" class=\"attachment-full size-full wp-image-28294\" alt=\"OAFI Sport (Children)\" srcset=\"https:\/\/www.oafifoundation.com\/wp-content\/uploads\/2023\/01\/oafi-sport-children.jpg 750w, https:\/\/www.oafifoundation.com\/wp-content\/uploads\/2023\/01\/oafi-sport-children-300x180.jpg 300w, https:\/\/www.oafifoundation.com\/wp-content\/uploads\/2023\/01\/oafi-sport-children-600x360.jpg 600w\" sizes=\"(max-width: 750px) 100vw, 750px\" \/>\n            <\/div>\n        <\/div><div class=\"eael-entry-wrapper\"><header class=\"eael-entry-header\"><h2 class=\"eael-entry-title\"><a class=\"eael-grid-post-link\" href=\"https:\/\/www.oafifoundation.com\/ca\/programa-educacional-ca\/oafi-sport-children\/\" title=\"OAFI Sport (Children)\">OAFI Sport (Children)<\/a><\/h2><\/header><div class=\"eael-entry-content\">\n                        <div class=\"eael-grid-post-excerpt\"><p>El programa OAFI SPORT CHILDREN, dissenyat per un equip multidisciplinari d\u2019experts, t\u00e9 com a objectiu educar els joves sobre la import\u00e0ncia d\u2019una dieta correcta i fer exercici d\u2019acord amb el seu morfotip.<\/p><a href=\"https:\/\/www.oafifoundation.com\/ca\/programa-educacional-ca\/oafi-sport-children\/\" class=\"eael-post-elements-readmore-btn\">Veure programa<\/a><\/div>\n                    <\/div><\/div><\/div>\n        <\/div>\n    <\/article><article class=\"eael-grid-post  eael-post-grid-column eael-pg-post-31391\" data-id=\"31391\">\n        <div class=\"eael-grid-post-holder\">\n            <div class=\"eael-grid-post-holder-inner\"><div class=\"eael-entry-media\"><div class=\"eael-entry-overlay fade-in\"><i class=\"far fa-eye\" aria-hidden=\"true\"><\/i><a href=\"https:\/\/www.oafifoundation.com\/ca\/programa-educacional-ca\/oafi-sport-veterans\/\"><\/a><\/div><div class=\"eael-entry-thumbnail \">\n                <img decoding=\"async\" width=\"750\" height=\"450\" src=\"https:\/\/www.oafifoundation.com\/wp-content\/uploads\/2023\/01\/oafi-sport-veterans.jpg\" class=\"attachment-full size-full wp-image-28291\" alt=\"OAFI Sport (Veterans)\" srcset=\"https:\/\/www.oafifoundation.com\/wp-content\/uploads\/2023\/01\/oafi-sport-veterans.jpg 750w, https:\/\/www.oafifoundation.com\/wp-content\/uploads\/2023\/01\/oafi-sport-veterans-300x180.jpg 300w, https:\/\/www.oafifoundation.com\/wp-content\/uploads\/2023\/01\/oafi-sport-veterans-600x360.jpg 600w\" sizes=\"(max-width: 750px) 100vw, 750px\" \/>\n            <\/div>\n        <\/div><div class=\"eael-entry-wrapper\"><header class=\"eael-entry-header\"><h2 class=\"eael-entry-title\"><a class=\"eael-grid-post-link\" href=\"https:\/\/www.oafifoundation.com\/ca\/programa-educacional-ca\/oafi-sport-veterans\/\" title=\"OAFI Sport (Veterans)\">OAFI Sport (Veterans)<\/a><\/h2><\/header><div class=\"eael-entry-content\">\n                        <div class=\"eael-grid-post-excerpt\"><p>El programa OAFI SPORT VETERANS ajuda a jugadors professionals retirats a fer la transici\u00f3 de l\u2019esport professional a una vida activa amb articulacions sanes i sense dolor.<\/p><a href=\"https:\/\/www.oafifoundation.com\/ca\/programa-educacional-ca\/oafi-sport-veterans\/\" class=\"eael-post-elements-readmore-btn\">Veure programa<\/a><\/div>\n                    <\/div><\/div><\/div>\n        <\/div>\n    <\/article><article class=\"eael-grid-post  eael-post-grid-column eael-pg-post-31404\" data-id=\"31404\">\n        <div class=\"eael-grid-post-holder\">\n            <div class=\"eael-grid-post-holder-inner\"><div class=\"eael-entry-media\"><div class=\"eael-entry-overlay fade-in\"><i class=\"far fa-eye\" aria-hidden=\"true\"><\/i><a href=\"https:\/\/www.oafifoundation.com\/ca\/programa-educacional-ca\/salut-articular\/\"><\/a><\/div><div class=\"eael-entry-thumbnail \">\n                <img loading=\"lazy\" decoding=\"async\" width=\"750\" height=\"450\" src=\"https:\/\/www.oafifoundation.com\/wp-content\/uploads\/2023\/01\/salud-articular.jpg\" class=\"attachment-full size-full wp-image-28276\" alt=\"Hablemos de salud articular\" srcset=\"https:\/\/www.oafifoundation.com\/wp-content\/uploads\/2023\/01\/salud-articular.jpg 750w, https:\/\/www.oafifoundation.com\/wp-content\/uploads\/2023\/01\/salud-articular-300x180.jpg 300w, https:\/\/www.oafifoundation.com\/wp-content\/uploads\/2023\/01\/salud-articular-600x360.jpg 600w\" sizes=\"(max-width: 750px) 100vw, 750px\" \/>\n            <\/div>\n        <\/div><div class=\"eael-entry-wrapper\"><header class=\"eael-entry-header\"><h2 class=\"eael-entry-title\"><a class=\"eael-grid-post-link\" href=\"https:\/\/www.oafifoundation.com\/ca\/programa-educacional-ca\/salut-articular\/\" title=\"Parlem de Salut Articular\">Parlem de Salut Articular<\/a><\/h2><\/header><div class=\"eael-entry-content\">\n                        <div class=\"eael-grid-post-excerpt\"><p>La Fundaci\u00f3 Internacional de l\u2019Artrosi (OAFI) ha creat en col\u00b7laboraci\u00f3 amb l\u2019Obra Social \u201dla Caixa\u201d el programa \u201cParlem de Salut Articular\u201d, una iniciativa que t\u00e9 l\u2019objectiu de conscienciar les persones que van als Esplais de l\u2019Obra Social \u201dla Caixa\u201d sobre l\u2019artrosi.<\/p><a href=\"https:\/\/www.oafifoundation.com\/ca\/programa-educacional-ca\/salut-articular\/\" class=\"eael-post-elements-readmore-btn\">Veure programa<\/a><\/div>\n                    <\/div><\/div><\/div>\n        <\/div>\n    <\/article><article class=\"eael-grid-post  eael-post-grid-column eael-pg-post-31423\" data-id=\"31423\">\n        <div class=\"eael-grid-post-holder\">\n            <div class=\"eael-grid-post-holder-inner\"><div class=\"eael-entry-media\"><div class=\"eael-entry-overlay fade-in\"><i class=\"far fa-eye\" aria-hidden=\"true\"><\/i><a href=\"https:\/\/www.oafifoundation.com\/ca\/programa-educacional-ca\/oafi-woman\/\"><\/a><\/div><div class=\"eael-entry-thumbnail \">\n                <img loading=\"lazy\" decoding=\"async\" width=\"750\" height=\"450\" src=\"https:\/\/www.oafifoundation.com\/wp-content\/uploads\/2023\/01\/oafi-woman.jpg\" class=\"attachment-full size-full wp-image-28285\" alt=\"OAFI Woman\" srcset=\"https:\/\/www.oafifoundation.com\/wp-content\/uploads\/2023\/01\/oafi-woman.jpg 750w, https:\/\/www.oafifoundation.com\/wp-content\/uploads\/2023\/01\/oafi-woman-300x180.jpg 300w, https:\/\/www.oafifoundation.com\/wp-content\/uploads\/2023\/01\/oafi-woman-600x360.jpg 600w\" sizes=\"(max-width: 750px) 100vw, 750px\" \/>\n            <\/div>\n        <\/div><div class=\"eael-entry-wrapper\"><header class=\"eael-entry-header\"><h2 class=\"eael-entry-title\"><a class=\"eael-grid-post-link\" href=\"https:\/\/www.oafifoundation.com\/ca\/programa-educacional-ca\/oafi-woman\/\" title=\"OAFI Woman\">OAFI Woman<\/a><\/h2><\/header><div class=\"eael-entry-content\">\n                        <div class=\"eael-grid-post-excerpt\"><p>La poblaci\u00f3 femenina, especialment aquella que supera els 45 anys o les dones que es troben a la postmenopausa s\u00f3n un grup d\u2019alt risc de l\u2019artrosi.<\/p><a href=\"https:\/\/www.oafifoundation.com\/ca\/programa-educacional-ca\/oafi-woman\/\" class=\"eael-post-elements-readmore-btn\">Veure programa<\/a><\/div>\n                    <\/div><\/div><\/div>\n        <\/div>\n    <\/article><article class=\"eael-grid-post  eael-post-grid-column eael-pg-post-31433\" data-id=\"31433\">\n        <div class=\"eael-grid-post-holder\">\n            <div class=\"eael-grid-post-holder-inner\"><div class=\"eael-entry-media\"><div class=\"eael-entry-overlay fade-in\"><i class=\"far fa-eye\" aria-hidden=\"true\"><\/i><a href=\"https:\/\/www.oafifoundation.com\/ca\/programa-educacional-ca\/oafi-wellness\/\"><\/a><\/div><div class=\"eael-entry-thumbnail \">\n                <img loading=\"lazy\" decoding=\"async\" width=\"750\" height=\"450\" src=\"https:\/\/www.oafifoundation.com\/wp-content\/uploads\/2023\/01\/oafi-wellness.jpg\" class=\"attachment-full size-full wp-image-28282\" alt=\"OAFI Wellness\" srcset=\"https:\/\/www.oafifoundation.com\/wp-content\/uploads\/2023\/01\/oafi-wellness.jpg 750w, https:\/\/www.oafifoundation.com\/wp-content\/uploads\/2023\/01\/oafi-wellness-300x180.jpg 300w, https:\/\/www.oafifoundation.com\/wp-content\/uploads\/2023\/01\/oafi-wellness-600x360.jpg 600w\" sizes=\"(max-width: 750px) 100vw, 750px\" \/>\n            <\/div>\n        <\/div><div class=\"eael-entry-wrapper\"><header class=\"eael-entry-header\"><h2 class=\"eael-entry-title\"><a class=\"eael-grid-post-link\" href=\"https:\/\/www.oafifoundation.com\/ca\/programa-educacional-ca\/oafi-wellness\/\" title=\"OAFI Wellness For Corporation\">OAFI Wellness For Corporation<\/a><\/h2><\/header><div class=\"eael-entry-content\">\n                        <div class=\"eael-grid-post-excerpt\"><p>El programa OAFI WELLNESS CORPORATION impulsa la prevenci\u00f3, tractament i millora de la qualitat de vida de les persones amb artrosi fomentant el concepte d'\u201dEmpresa Saludable\u201d, creant activitats outdoor que permetin gaudir de la natura i realitzar una activitat f\u00edsica moderada.<\/p><a href=\"https:\/\/www.oafifoundation.com\/ca\/programa-educacional-ca\/oafi-wellness\/\" class=\"eael-post-elements-readmore-btn\">Veure programa<\/a><\/div>\n                    <\/div><\/div><\/div>\n        <\/div>\n    <\/article><article class=\"eael-grid-post  eael-post-grid-column eael-pg-post-31443\" data-id=\"31443\">\n        <div class=\"eael-grid-post-holder\">\n            <div class=\"eael-grid-post-holder-inner\"><div class=\"eael-entry-media\"><div class=\"eael-entry-overlay fade-in\"><i class=\"far fa-eye\" aria-hidden=\"true\"><\/i><a href=\"https:\/\/www.oafifoundation.com\/ca\/programa-educacional-ca\/pacient-expert\/\"><\/a><\/div><div class=\"eael-entry-thumbnail \">\n                <img loading=\"lazy\" decoding=\"async\" width=\"750\" height=\"450\" src=\"https:\/\/www.oafifoundation.com\/wp-content\/uploads\/2023\/01\/paciente-experto.jpg\" class=\"attachment-full size-full wp-image-28279\" alt=\"El Paciente Experto\" srcset=\"https:\/\/www.oafifoundation.com\/wp-content\/uploads\/2023\/01\/paciente-experto.jpg 750w, https:\/\/www.oafifoundation.com\/wp-content\/uploads\/2023\/01\/paciente-experto-300x180.jpg 300w, https:\/\/www.oafifoundation.com\/wp-content\/uploads\/2023\/01\/paciente-experto-600x360.jpg 600w\" sizes=\"(max-width: 750px) 100vw, 750px\" \/>\n            <\/div>\n        <\/div><div class=\"eael-entry-wrapper\"><header class=\"eael-entry-header\"><h2 class=\"eael-entry-title\"><a class=\"eael-grid-post-link\" href=\"https:\/\/www.oafifoundation.com\/ca\/programa-educacional-ca\/pacient-expert\/\" title=\"El Pacient Expert\">El Pacient Expert<\/a><\/h2><\/header><div class=\"eael-entry-content\">\n                        <div class=\"eael-grid-post-excerpt\"><p>Creiem en el paper actiu que ha de tenir el pacient a l\u2019hora de gestionar la seva malaltia. La iniciativa pret\u00e9n formar a malalts d\u2019artrosi perqu\u00e8 esdevinguin Pacients Experts en la seva malaltia que puguin aconsellar i ajudar a altres persones que la pateixin.<\/p><a href=\"https:\/\/www.oafifoundation.com\/ca\/programa-educacional-ca\/pacient-expert\/\" class=\"eael-post-elements-readmore-btn\">Veure programa<\/a><\/div>\n                    <\/div><\/div><\/div>\n        <\/div>\n    <\/article><\/div>\n            <div class=\"clearfix\"><\/div>\n        <\/div>\t\t\t\t<\/div>\n\t\t\t\t<\/div>\n\t\t\t\t\t<\/div>\n\t\t<\/div>\n\t\t\t\t\t<\/div>\n\t\t<\/section>\n\t\t\t\t<\/div>\n\t\t","protected":false},"excerpt":{"rendered":"<p>Programes educaTIUs OAFI Sport OAFI dispone de programas espec\u00edficos dirigidos a grupos de riesgo como los deportistas, j\u00f3venes, mujeres y las personas mayores para mejorar el conocimiento sobre la artrosis, c\u00f3mo afecta a la vida de las personas y c\u00f3mo gestionar la enfermedad a trav\u00e9s de la prevenci\u00f3n y el tratamiento. Veure programa OAFI Sport [&hellip;]<\/p>\n","protected":false},"author":1,"featured_media":0,"parent":0,"menu_order":0,"comment_status":"closed","ping_status":"closed","template":"","meta":{"footnotes":""},"class_list":["post-31598","page","type-page","status-publish","hentry"],"_links":{"self":[{"href":"https:\/\/www.oafifoundation.com\/ca\/wp-json\/wp\/v2\/pages\/31598","targetHints":{"allow":["GET"]}}],"collection":[{"href":"https:\/\/www.oafifoundation.com\/ca\/wp-json\/wp\/v2\/pages"}],"about":[{"href":"https:\/\/www.oafifoundation.com\/ca\/wp-json\/wp\/v2\/types\/page"}],"author":[{"embeddable":true,"href":"https:\/\/www.oafifoundation.com\/ca\/wp-json\/wp\/v2\/users\/1"}],"replies":[{"embeddable":true,"href":"https:\/\/www.oafifoundation.com\/ca\/wp-json\/wp\/v2\/comments?post=31598"}],"version-history":[{"count":9,"href":"https:\/\/www.oafifoundation.com\/ca\/wp-json\/wp\/v2\/pages\/31598\/revisions"}],"predecessor-version":[{"id":33283,"href":"https:\/\/www.oafifoundation.com\/ca\/wp-json\/wp\/v2\/pages\/31598\/revisions\/33283"}],"wp:attachment":[{"href":"https:\/\/www.oafifoundation.com\/ca\/wp-json\/wp\/v2\/media?parent=31598"}],"curies":[{"name":"wp","href":"https:\/\/api.w.org\/{rel}","templated":true}]}}