{"id":31667,"date":"2023-01-11T16:21:11","date_gmt":"2023-01-11T15:21:11","guid":{"rendered":"https:\/\/www.oafifoundation.com\/que-es-la-artrosis\/"},"modified":"2024-11-21T07:27:45","modified_gmt":"2024-11-21T06:27:45","slug":"que-es-artrosi","status":"publish","type":"page","link":"https:\/\/www.oafifoundation.com\/ca\/que-es-artrosi\/","title":{"rendered":"Qu\u00e8 \u00e9s l\u2019artrosi?"},"content":{"rendered":"\t\t<div data-elementor-type=\"wp-page\" data-elementor-id=\"31667\" class=\"elementor elementor-31667 elementor-4441\">\n\t\t\t\t\t\t<section class=\"has_eae_slider elementor-section elementor-top-section elementor-element elementor-element-6a15af8c elementor-section-stretched elementor-section-content-middle elementor-section-boxed elementor-section-height-default elementor-section-height-default\" data-eae-slider=\"67148\" data-id=\"6a15af8c\" data-element_type=\"section\" data-settings=\"{&quot;stretch_section&quot;:&quot;section-stretched&quot;,&quot;background_background&quot;:&quot;classic&quot;}\">\n\t\t\t\t\t\t\t<div class=\"elementor-background-overlay\"><\/div>\n\t\t\t\t\t\t\t<div class=\"elementor-container elementor-column-gap-default\">\n\t\t\t\t\t<div class=\"has_eae_slider elementor-column elementor-col-100 elementor-top-column elementor-element elementor-element-34ca0f38 elementor-invisible\" data-eae-slider=\"92047\" data-id=\"34ca0f38\" data-element_type=\"column\" data-settings=\"{&quot;animation&quot;:&quot;fadeIn&quot;}\">\n\t\t\t<div class=\"elementor-widget-wrap elementor-element-populated\">\n\t\t\t\t\t\t<div class=\"elementor-element elementor-element-6f33ca96 elementor-widget elementor-widget-heading\" data-id=\"6f33ca96\" data-element_type=\"widget\" data-widget_type=\"heading.default\">\n\t\t\t\t<div class=\"elementor-widget-container\">\n\t\t\t\t\t<h1 class=\"elementor-heading-title elementor-size-default\">\u00bfQu\u00e8 \u00e9s l'artrosi?<\/h1>\t\t\t\t<\/div>\n\t\t\t\t<\/div>\n\t\t\t\t\t<\/div>\n\t\t<\/div>\n\t\t\t\t\t<\/div>\n\t\t<\/section>\n\t\t\t\t<section class=\"has_eae_slider elementor-section elementor-top-section elementor-element elementor-element-32a64f3 elementor-section-content-middle elementor-section-stretched elementor-section-boxed elementor-section-height-default elementor-section-height-default\" data-eae-slider=\"45050\" data-id=\"32a64f3\" data-element_type=\"section\" data-settings=\"{&quot;stretch_section&quot;:&quot;section-stretched&quot;,&quot;background_background&quot;:&quot;classic&quot;}\">\n\t\t\t\t\t\t<div class=\"elementor-container elementor-column-gap-default\">\n\t\t\t\t\t<div class=\"has_eae_slider elementor-column elementor-col-100 elementor-top-column elementor-element elementor-element-4711245\" data-eae-slider=\"36844\" data-id=\"4711245\" data-element_type=\"column\" data-settings=\"{&quot;background_background&quot;:&quot;classic&quot;}\">\n\t\t\t<div class=\"elementor-widget-wrap elementor-element-populated\">\n\t\t\t\t\t\t<section class=\"has_eae_slider elementor-section elementor-inner-section elementor-element elementor-element-6bd489c elementor-section-height-min-height elementor-section-content-middle elementor-section-boxed elementor-section-height-default\" data-eae-slider=\"11892\" data-id=\"6bd489c\" data-element_type=\"section\">\n\t\t\t\t\t\t<div class=\"elementor-container elementor-column-gap-default\">\n\t\t\t\t\t<div class=\"has_eae_slider elementor-column elementor-col-50 elementor-inner-column elementor-element elementor-element-ae8a61d elementor-invisible\" data-eae-slider=\"33397\" data-id=\"ae8a61d\" data-element_type=\"column\" data-settings=\"{&quot;background_background&quot;:&quot;classic&quot;,&quot;animation&quot;:&quot;fadeInLeft&quot;}\">\n\t\t\t<div class=\"elementor-widget-wrap elementor-element-populated\">\n\t\t\t\t\t\t<div class=\"elementor-element elementor-element-0931a2a elementor-widget elementor-widget-heading\" data-id=\"0931a2a\" data-element_type=\"widget\" data-widget_type=\"heading.default\">\n\t\t\t\t<div class=\"elementor-widget-container\">\n\t\t\t\t\t<h2 class=\"elementor-heading-title elementor-size-default\">L'artrosi<\/h2>\t\t\t\t<\/div>\n\t\t\t\t<\/div>\n\t\t\t\t<div class=\"elementor-element elementor-element-dc62669 elementor-widget elementor-widget-text-editor\" data-id=\"dc62669\" data-element_type=\"widget\" data-widget_type=\"text-editor.default\">\n\t\t\t\t<div class=\"elementor-widget-container\">\n\t\t\t\t\t\t\t\t\t<p>L\u2019<strong>artrosi<\/strong>, tamb\u00e9 coneguda com\u00a0<strong>osteoartrosi o osteoartritis<\/strong>\u00a0(OA), \u00e9s una\u00a0<strong>malaltia articular degenerativa<\/strong>\u00a0que afecta tant al cart\u00edlag com a l\u2019os i els teixits tous de l\u2019articulaci\u00f3. Forma part de les\u00a0<strong>malalties reum\u00e0tiques<\/strong>\u00a0i, dintre d\u2019aquesta classificaci\u00f3, \u00e9s un tipus d\u2019<strong>artritis.<\/strong><\/p><p>Pot donar-se al <strong>maluc, genolls, mans, peus i columna vertebral<\/strong>, sent les tres primeres les m\u00e9s freq\u00fcents. Produeix\u00a0<strong>dolor<\/strong>\u00a0i afecta directament la\u00a0<strong>mobilitat i autonomia<\/strong>\u00a0de la persona que la pateix amb el\u00a0<strong>desgast psicol\u00f2gic<\/strong>\u00a0que aix\u00f2 suposa. La tasca m\u00e9s habitual pot esdevenir un gran obstacle que afrontar degut a les limitacions associades a la patologia. A m\u00e9s, es vincula a altres\u00a0<strong>problemes de comorbiditat<\/strong>\u00a0com la hipertensi\u00f3 o les malalties cardiovasculars entre altres.<\/p>\t\t\t\t\t\t\t\t<\/div>\n\t\t\t\t<\/div>\n\t\t\t\t\t<\/div>\n\t\t<\/div>\n\t\t\t\t<div class=\"has_eae_slider elementor-column elementor-col-50 elementor-inner-column elementor-element elementor-element-fc87c41 elementor-invisible\" data-eae-slider=\"29876\" data-id=\"fc87c41\" data-element_type=\"column\" data-settings=\"{&quot;background_background&quot;:&quot;classic&quot;,&quot;animation&quot;:&quot;fadeInRight&quot;}\">\n\t\t\t<div class=\"elementor-widget-wrap elementor-element-populated\">\n\t\t\t\t\t\t<div class=\"elementor-element elementor-element-8698eed elementor-widget elementor-widget-spacer\" data-id=\"8698eed\" data-element_type=\"widget\" data-widget_type=\"spacer.default\">\n\t\t\t\t<div class=\"elementor-widget-container\">\n\t\t\t\t\t\t\t<div class=\"elementor-spacer\">\n\t\t\t<div class=\"elementor-spacer-inner\"><\/div>\n\t\t<\/div>\n\t\t\t\t\t\t<\/div>\n\t\t\t\t<\/div>\n\t\t\t\t\t<\/div>\n\t\t<\/div>\n\t\t\t\t\t<\/div>\n\t\t<\/section>\n\t\t\t\t<section class=\"has_eae_slider elementor-section elementor-inner-section elementor-element elementor-element-99b41a5 elementor-section-height-min-height elementor-section-content-middle elementor-section-boxed elementor-section-height-default\" data-eae-slider=\"69853\" data-id=\"99b41a5\" data-element_type=\"section\">\n\t\t\t\t\t\t<div class=\"elementor-container elementor-column-gap-default\">\n\t\t\t\t\t<div class=\"has_eae_slider elementor-column elementor-col-50 elementor-inner-column elementor-element elementor-element-915ea8a elementor-invisible\" data-eae-slider=\"77242\" data-id=\"915ea8a\" data-element_type=\"column\" data-settings=\"{&quot;background_background&quot;:&quot;classic&quot;,&quot;animation&quot;:&quot;fadeInLeft&quot;,&quot;animation_delay&quot;:200}\">\n\t\t\t<div class=\"elementor-widget-wrap elementor-element-populated\">\n\t\t\t\t\t\t<div class=\"elementor-element elementor-element-8004026 elementor-widget elementor-widget-spacer\" data-id=\"8004026\" data-element_type=\"widget\" data-widget_type=\"spacer.default\">\n\t\t\t\t<div class=\"elementor-widget-container\">\n\t\t\t\t\t\t\t<div class=\"elementor-spacer\">\n\t\t\t<div class=\"elementor-spacer-inner\"><\/div>\n\t\t<\/div>\n\t\t\t\t\t\t<\/div>\n\t\t\t\t<\/div>\n\t\t\t\t\t<\/div>\n\t\t<\/div>\n\t\t\t\t<div class=\"has_eae_slider elementor-column elementor-col-50 elementor-inner-column elementor-element elementor-element-7f5447f elementor-invisible\" data-eae-slider=\"76528\" data-id=\"7f5447f\" data-element_type=\"column\" data-settings=\"{&quot;background_background&quot;:&quot;classic&quot;,&quot;animation&quot;:&quot;fadeInRight&quot;,&quot;animation_delay&quot;:200}\">\n\t\t\t<div class=\"elementor-widget-wrap elementor-element-populated\">\n\t\t\t\t\t\t<div class=\"elementor-element elementor-element-5083d76 elementor-widget elementor-widget-heading\" data-id=\"5083d76\" data-element_type=\"widget\" data-widget_type=\"heading.default\">\n\t\t\t\t<div class=\"elementor-widget-container\">\n\t\t\t\t\t<h2 class=\"elementor-heading-title elementor-size-default\">Els simptomes<\/h2>\t\t\t\t<\/div>\n\t\t\t\t<\/div>\n\t\t\t\t<div class=\"elementor-element elementor-element-9302e57 elementor-widget elementor-widget-text-editor\" data-id=\"9302e57\" data-element_type=\"widget\" data-widget_type=\"text-editor.default\">\n\t\t\t\t<div class=\"elementor-widget-container\">\n\t\t\t\t\t\t\t\t\t<p>Els\u00a0<strong>s\u00edmptomes de l\u2019artrosi<\/strong>\u00a0s\u00f3n progressius i dilatats en el temps. En un primer estadi apareix\u00a0<strong>el dolor<\/strong>\u00a0associat al moviment i a l\u2019esfor\u00e7 al que se sotmet l\u2019articulaci\u00f3, encara que en aquesta primera fase el dolor s\u2019atura amb el rep\u00f2s. En un segon estadi l\u2019agreujament de l\u2019artrosi fa que el dolor aparegui despr\u00e9s del rep\u00f2s i l\u2019exercici, llavors el malestar \u00e9s m\u00e9s continuat i pr\u00e0cticament constant. Un altre s\u00edmptoma caracter\u00edstic de la malaltia \u00e9s la incapacitat progressiva de la funci\u00f3 articular comportant a la llarga la\u00a0<strong>p\u00e8rdua de la mobilitat<\/strong>.<\/p><p>Amb l\u2019evoluci\u00f3 de la malaltia poden produir-se\u00a0<strong>deformacions<\/strong>\u00a0dels ossos i\u00a0<strong>contractures<\/strong>\u00a0musculars que agreugen el dolor, a m\u00e9s d\u2019atr\u00f2fia dels m\u00fasculs que envolten les articulacions.<\/p>\t\t\t\t\t\t\t\t<\/div>\n\t\t\t\t<\/div>\n\t\t\t\t\t<\/div>\n\t\t<\/div>\n\t\t\t\t\t<\/div>\n\t\t<\/section>\n\t\t\t\t\t<\/div>\n\t\t<\/div>\n\t\t\t\t\t<\/div>\n\t\t<\/section>\n\t\t\t\t<section class=\"has_eae_slider elementor-section elementor-top-section elementor-element elementor-element-630117f elementor-section-stretched elementor-section-boxed elementor-section-height-default elementor-section-height-default\" data-eae-slider=\"31049\" data-id=\"630117f\" data-element_type=\"section\" data-settings=\"{&quot;stretch_section&quot;:&quot;section-stretched&quot;,&quot;background_background&quot;:&quot;classic&quot;}\">\n\t\t\t\t\t\t<div class=\"elementor-container elementor-column-gap-default\">\n\t\t\t\t\t<div class=\"has_eae_slider elementor-column elementor-col-33 elementor-top-column elementor-element elementor-element-a8b704b\" data-eae-slider=\"44058\" data-id=\"a8b704b\" data-element_type=\"column\">\n\t\t\t<div class=\"elementor-widget-wrap elementor-element-populated\">\n\t\t\t\t\t\t<div class=\"elementor-element elementor-element-6bf6e395 elementor-invisible elementor-widget elementor-widget-counter\" data-id=\"6bf6e395\" data-element_type=\"widget\" data-settings=\"{&quot;_animation&quot;:&quot;fadeInUp&quot;}\" data-widget_type=\"counter.default\">\n\t\t\t\t<div class=\"elementor-widget-container\">\n\t\t\t\t\t\t\t<div class=\"elementor-counter\">\n\t\t\t<div class=\"elementor-counter-title\">Milions d'afectats<\/div>\t\t\t<div class=\"elementor-counter-number-wrapper\">\n\t\t\t\t<span class=\"elementor-counter-number-prefix\"><\/span>\n\t\t\t\t<span class=\"elementor-counter-number\" data-duration=\"2000\" data-to-value=\"595\" data-from-value=\"0\" data-delimiter=\",\">0<\/span>\n\t\t\t\t<span class=\"elementor-counter-number-suffix\"><\/span>\n\t\t\t<\/div>\n\t\t<\/div>\n\t\t\t\t\t\t<\/div>\n\t\t\t\t<\/div>\n\t\t\t\t\t<\/div>\n\t\t<\/div>\n\t\t\t\t<div class=\"has_eae_slider elementor-column elementor-col-33 elementor-top-column elementor-element elementor-element-c827bff\" data-eae-slider=\"67702\" data-id=\"c827bff\" data-element_type=\"column\">\n\t\t\t<div class=\"elementor-widget-wrap elementor-element-populated\">\n\t\t\t\t\t\t<div class=\"elementor-element elementor-element-75bad505 elementor-invisible elementor-widget elementor-widget-counter\" data-id=\"75bad505\" data-element_type=\"widget\" data-settings=\"{&quot;_animation&quot;:&quot;fadeInUp&quot;,&quot;_animation_delay&quot;:100}\" data-widget_type=\"counter.default\">\n\t\t\t\t<div class=\"elementor-widget-container\">\n\t\t\t\t\t\t\t<div class=\"elementor-counter\">\n\t\t\t<div class=\"elementor-counter-title\">Milions de pacients a Espanya<\/div>\t\t\t<div class=\"elementor-counter-number-wrapper\">\n\t\t\t\t<span class=\"elementor-counter-number-prefix\"><\/span>\n\t\t\t\t<span class=\"elementor-counter-number\" data-duration=\"2000\" data-to-value=\"7\" data-from-value=\"0\" data-delimiter=\",\">0<\/span>\n\t\t\t\t<span class=\"elementor-counter-number-suffix\"><\/span>\n\t\t\t<\/div>\n\t\t<\/div>\n\t\t\t\t\t\t<\/div>\n\t\t\t\t<\/div>\n\t\t\t\t\t<\/div>\n\t\t<\/div>\n\t\t\t\t<div class=\"has_eae_slider elementor-column elementor-col-33 elementor-top-column elementor-element elementor-element-aeaafb9\" data-eae-slider=\"33630\" data-id=\"aeaafb9\" data-element_type=\"column\">\n\t\t\t<div class=\"elementor-widget-wrap elementor-element-populated\">\n\t\t\t\t\t\t<div class=\"elementor-element elementor-element-65fe95fb elementor-invisible elementor-widget elementor-widget-counter\" data-id=\"65fe95fb\" data-element_type=\"widget\" data-settings=\"{&quot;_animation&quot;:&quot;fadeInUp&quot;,&quot;_animation_delay&quot;:200}\" data-widget_type=\"counter.default\">\n\t\t\t\t<div class=\"elementor-widget-container\">\n\t\t\t\t\t\t\t<div class=\"elementor-counter\">\n\t\t\t<div class=\"elementor-counter-title\">Milions d'euros de cost mig anual per al Sistema Sanitari Espanyol<\/div>\t\t\t<div class=\"elementor-counter-number-wrapper\">\n\t\t\t\t<span class=\"elementor-counter-number-prefix\"><\/span>\n\t\t\t\t<span class=\"elementor-counter-number\" data-duration=\"2000\" data-to-value=\"4738\" data-from-value=\"0\" data-delimiter=\".\">0<\/span>\n\t\t\t\t<span class=\"elementor-counter-number-suffix\"><\/span>\n\t\t\t<\/div>\n\t\t<\/div>\n\t\t\t\t\t\t<\/div>\n\t\t\t\t<\/div>\n\t\t\t\t\t<\/div>\n\t\t<\/div>\n\t\t\t\t\t<\/div>\n\t\t<\/section>\n\t\t\t\t<section class=\"has_eae_slider elementor-section elementor-top-section elementor-element elementor-element-a546614 elementor-section-stretched elementor-section-boxed elementor-section-height-default elementor-section-height-default elementor-invisible\" data-eae-slider=\"95680\" data-id=\"a546614\" data-element_type=\"section\" data-settings=\"{&quot;animation&quot;:&quot;fadeIn&quot;,&quot;stretch_section&quot;:&quot;section-stretched&quot;}\">\n\t\t\t\t\t\t<div class=\"elementor-container elementor-column-gap-default\">\n\t\t\t\t\t<div class=\"has_eae_slider elementor-column elementor-col-50 elementor-top-column elementor-element elementor-element-e9b587d\" data-eae-slider=\"88007\" data-id=\"e9b587d\" data-element_type=\"column\">\n\t\t\t<div class=\"elementor-widget-wrap elementor-element-populated\">\n\t\t\t\t\t\t<div class=\"elementor-element elementor-element-a598f21 elementor-widget elementor-widget-heading\" data-id=\"a598f21\" data-element_type=\"widget\" data-widget_type=\"heading.default\">\n\t\t\t\t<div class=\"elementor-widget-container\">\n\t\t\t\t\t<h2 class=\"elementor-heading-title elementor-size-default\">Les xifres<\/h2>\t\t\t\t<\/div>\n\t\t\t\t<\/div>\n\t\t\t\t<div class=\"elementor-element elementor-element-addb76e elementor-widget elementor-widget-text-editor\" data-id=\"addb76e\" data-element_type=\"widget\" data-widget_type=\"text-editor.default\">\n\t\t\t\t<div class=\"elementor-widget-container\">\n\t\t\t\t\t\t\t\t\t<p>A nivell mundial, es calcula que\u00a0<strong>595 milions de persones tenen artrosi<\/strong>\u00a0i a Espanya la xifra se situa en els 7 milions de pacients. A m\u00e9s, \u00e9s la\u00a0<strong>p<\/strong><strong>rimera causa d\u2019incapacitat permanent i la tercera d\u2019incapacitat laboral temporal<\/strong>.<\/p><p>Actualment, l\u2019artrosi s<strong>uposa un cost mig anual de 4.738 milions d\u2019euros<\/strong>\u00a0pel Sistema Sanitari espanyol (centrant-nos \u00fanicament en l\u2019artrosi de genoll i maluc) i, tot i la seva prevalen\u00e7a, segueix sent una malaltia desconeguda per a la major part de la poblaci\u00f3.<\/p>\t\t\t\t\t\t\t\t<\/div>\n\t\t\t\t<\/div>\n\t\t\t\t\t<\/div>\n\t\t<\/div>\n\t\t\t\t<div class=\"has_eae_slider elementor-column elementor-col-50 elementor-top-column elementor-element elementor-element-ab4d9f9\" data-eae-slider=\"8623\" data-id=\"ab4d9f9\" data-element_type=\"column\">\n\t\t\t<div class=\"elementor-widget-wrap elementor-element-populated\">\n\t\t\t\t\t\t<div class=\"elementor-element elementor-element-c600cef elementor-widget elementor-widget-heading\" data-id=\"c600cef\" data-element_type=\"widget\" data-widget_type=\"heading.default\">\n\t\t\t\t<div class=\"elementor-widget-container\">\n\t\t\t\t\t<h2 class=\"elementor-heading-title elementor-size-default\">Impacte Social<\/h2>\t\t\t\t<\/div>\n\t\t\t\t<\/div>\n\t\t\t\t<div class=\"elementor-element elementor-element-a7f1eae elementor-widget elementor-widget-text-editor\" data-id=\"a7f1eae\" data-element_type=\"widget\" data-widget_type=\"text-editor.default\">\n\t\t\t\t<div class=\"elementor-widget-container\">\n\t\t\t\t\t\t\t\t\t<p>Malgrat el seu impacte social, l\u2019artrosi es veu com una malaltia associada a la vellesa. Per\u00f2 la realitat \u00e9s que\u00a0<strong>no nom\u00e9s afecta a les persones grans<\/strong>. Amb l\u2019augment de l\u2019esperan\u00e7a de vida i el canvi d\u2019actitud de la societat en portar un estil de vida m\u00e9s actiu en qu\u00e8 la pr\u00e0ctica de l\u2019esport s\u2019ha incrementat, els casos d\u2019artrosi comencen a detectar-se en altres grups de risc m\u00e9s joves com s\u00f3n: les dones postmenop\u00e0usiques, els esportistes i, fins i tot, el joves.<\/p>\t\t\t\t\t\t\t\t<\/div>\n\t\t\t\t<\/div>\n\t\t\t\t\t<\/div>\n\t\t<\/div>\n\t\t\t\t\t<\/div>\n\t\t<\/section>\n\t\t\t\t<section class=\"has_eae_slider elementor-section elementor-top-section elementor-element elementor-element-9c0a22e elementor-section-stretched elementor-section-boxed elementor-section-height-default elementor-section-height-default\" data-eae-slider=\"72912\" data-id=\"9c0a22e\" data-element_type=\"section\" data-settings=\"{&quot;stretch_section&quot;:&quot;section-stretched&quot;,&quot;background_background&quot;:&quot;classic&quot;}\">\n\t\t\t\t\t\t<div class=\"elementor-container elementor-column-gap-default\">\n\t\t\t\t\t<div class=\"has_eae_slider elementor-column elementor-col-50 elementor-top-column elementor-element elementor-element-f528570 elementor-invisible\" data-eae-slider=\"62304\" data-id=\"f528570\" data-element_type=\"column\" data-settings=\"{&quot;animation&quot;:&quot;fadeInLeft&quot;}\">\n\t\t\t<div class=\"elementor-widget-wrap elementor-element-populated\">\n\t\t\t\t\t\t<div class=\"elementor-element elementor-element-6e901e0 elementor-widget elementor-widget-heading\" data-id=\"6e901e0\" data-element_type=\"widget\" data-widget_type=\"heading.default\">\n\t\t\t\t<div class=\"elementor-widget-container\">\n\t\t\t\t\t<span class=\"elementor-heading-title elementor-size-default\">El dolor ni es pesa ni es mesura<\/span>\t\t\t\t<\/div>\n\t\t\t\t<\/div>\n\t\t\t\t<div class=\"elementor-element elementor-element-f69df5b elementor-widget elementor-widget-video\" data-id=\"f69df5b\" data-element_type=\"widget\" data-settings=\"{&quot;youtube_url&quot;:&quot;https:\\\/\\\/youtu.be\\\/OzfO1gHYMJ0&quot;,&quot;yt_privacy&quot;:&quot;yes&quot;,&quot;show_image_overlay&quot;:&quot;yes&quot;,&quot;image_overlay&quot;:{&quot;url&quot;:&quot;https:\\\/\\\/www.oafifoundation.com\\\/wp-content\\\/uploads\\\/2023\\\/01\\\/dolor-ni-se-pesa-ni-se-mide.jpg&quot;,&quot;id&quot;:4461,&quot;size&quot;:&quot;&quot;,&quot;alt&quot;:&quot;El dolor ni se pesa ni se mide&quot;,&quot;source&quot;:&quot;library&quot;},&quot;video_type&quot;:&quot;youtube&quot;,&quot;controls&quot;:&quot;yes&quot;}\" data-widget_type=\"video.default\">\n\t\t\t\t<div class=\"elementor-widget-container\">\n\t\t\t\t\t\t\t<div class=\"elementor-wrapper elementor-open-inline\">\n\t\t\t<div class=\"elementor-video\"><\/div>\t\t\t\t<div class=\"elementor-custom-embed-image-overlay\" style=\"background-image: url(https:\/\/www.oafifoundation.com\/wp-content\/uploads\/2023\/01\/dolor-ni-se-pesa-ni-se-mide.jpg);\">\n\t\t\t\t\t\t\t\t\t\t\t\t\t\t\t\t<div class=\"elementor-custom-embed-play\" role=\"button\" aria-label=\"Reprodueix el v\u00eddeo quant a El dolor ni se pesa ni se mide\" tabindex=\"0\">\n\t\t\t\t\t\t\t<i aria-hidden=\"true\" class=\"eicon-play\"><\/i>\t\t\t\t\t\t<\/div>\n\t\t\t\t\t\t\t\t\t<\/div>\n\t\t\t\t\t<\/div>\n\t\t\t\t\t\t<\/div>\n\t\t\t\t<\/div>\n\t\t\t\t\t<\/div>\n\t\t<\/div>\n\t\t\t\t<div class=\"has_eae_slider elementor-column elementor-col-50 elementor-top-column elementor-element elementor-element-9feee98 elementor-invisible\" data-eae-slider=\"14523\" data-id=\"9feee98\" data-element_type=\"column\" data-settings=\"{&quot;animation&quot;:&quot;fadeInRight&quot;}\">\n\t\t\t<div class=\"elementor-widget-wrap elementor-element-populated\">\n\t\t\t\t\t\t<div class=\"elementor-element elementor-element-fac05df elementor-widget elementor-widget-heading\" data-id=\"fac05df\" data-element_type=\"widget\" data-widget_type=\"heading.default\">\n\t\t\t\t<div class=\"elementor-widget-container\">\n\t\t\t\t\t<span class=\"elementor-heading-title elementor-size-default\">Els 5 grans mites de l'artrosi<\/span>\t\t\t\t<\/div>\n\t\t\t\t<\/div>\n\t\t\t\t<div class=\"elementor-element elementor-element-ab8620f elementor-widget elementor-widget-video\" data-id=\"ab8620f\" data-element_type=\"widget\" data-settings=\"{&quot;youtube_url&quot;:&quot;https:\\\/\\\/youtu.be\\\/ScReBceXWwM&quot;,&quot;yt_privacy&quot;:&quot;yes&quot;,&quot;show_image_overlay&quot;:&quot;yes&quot;,&quot;image_overlay&quot;:{&quot;url&quot;:&quot;https:\\\/\\\/www.oafifoundation.com\\\/wp-content\\\/uploads\\\/2023\\\/06\\\/grandes-mitos-artrosis.jpg&quot;,&quot;id&quot;:32476,&quot;size&quot;:&quot;&quot;,&quot;alt&quot;:&quot;Los 5 grandes mitos de la artrosis&quot;,&quot;source&quot;:&quot;library&quot;},&quot;video_type&quot;:&quot;youtube&quot;,&quot;controls&quot;:&quot;yes&quot;}\" data-widget_type=\"video.default\">\n\t\t\t\t<div class=\"elementor-widget-container\">\n\t\t\t\t\t\t\t<div class=\"elementor-wrapper elementor-open-inline\">\n\t\t\t<div class=\"elementor-video\"><\/div>\t\t\t\t<div class=\"elementor-custom-embed-image-overlay\" style=\"background-image: url(https:\/\/www.oafifoundation.com\/wp-content\/uploads\/2023\/06\/grandes-mitos-artrosis.jpg);\">\n\t\t\t\t\t\t\t\t\t\t\t\t\t\t\t\t<div class=\"elementor-custom-embed-play\" role=\"button\" aria-label=\"Reprodueix el v\u00eddeo quant a Los 5 grandes mitos de la artrosis\" tabindex=\"0\">\n\t\t\t\t\t\t\t<i aria-hidden=\"true\" class=\"eicon-play\"><\/i>\t\t\t\t\t\t<\/div>\n\t\t\t\t\t\t\t\t\t<\/div>\n\t\t\t\t\t<\/div>\n\t\t\t\t\t\t<\/div>\n\t\t\t\t<\/div>\n\t\t\t\t\t<\/div>\n\t\t<\/div>\n\t\t\t\t\t<\/div>\n\t\t<\/section>\n\t\t\t\t<\/div>\n\t\t","protected":false},"excerpt":{"rendered":"<p>\u00bfQu\u00e8 \u00e9s l&#8217;artrosi? L&#8217;artrosi L\u2019artrosi, tamb\u00e9 coneguda com\u00a0osteoartrosi o osteoartritis\u00a0(OA), \u00e9s una\u00a0malaltia articular degenerativa\u00a0que afecta tant al cart\u00edlag com a l\u2019os i els teixits tous de l\u2019articulaci\u00f3. Forma part de les\u00a0malalties reum\u00e0tiques\u00a0i, dintre d\u2019aquesta classificaci\u00f3, \u00e9s un tipus d\u2019artritis. Pot donar-se al maluc, genolls, mans, peus i columna vertebral, sent les tres primeres les m\u00e9s [&hellip;]<\/p>\n","protected":false},"author":1,"featured_media":0,"parent":0,"menu_order":0,"comment_status":"closed","ping_status":"closed","template":"","meta":{"footnotes":""},"class_list":["post-31667","page","type-page","status-publish","hentry"],"_links":{"self":[{"href":"https:\/\/www.oafifoundation.com\/ca\/wp-json\/wp\/v2\/pages\/31667","targetHints":{"allow":["GET"]}}],"collection":[{"href":"https:\/\/www.oafifoundation.com\/ca\/wp-json\/wp\/v2\/pages"}],"about":[{"href":"https:\/\/www.oafifoundation.com\/ca\/wp-json\/wp\/v2\/types\/page"}],"author":[{"embeddable":true,"href":"https:\/\/www.oafifoundation.com\/ca\/wp-json\/wp\/v2\/users\/1"}],"replies":[{"embeddable":true,"href":"https:\/\/www.oafifoundation.com\/ca\/wp-json\/wp\/v2\/comments?post=31667"}],"version-history":[{"count":16,"href":"https:\/\/www.oafifoundation.com\/ca\/wp-json\/wp\/v2\/pages\/31667\/revisions"}],"predecessor-version":[{"id":38477,"href":"https:\/\/www.oafifoundation.com\/ca\/wp-json\/wp\/v2\/pages\/31667\/revisions\/38477"}],"wp:attachment":[{"href":"https:\/\/www.oafifoundation.com\/ca\/wp-json\/wp\/v2\/media?parent=31667"}],"curies":[{"name":"wp","href":"https:\/\/api.w.org\/{rel}","templated":true}]}}