{"id":31677,"date":"2023-01-15T21:13:01","date_gmt":"2023-01-15T20:13:01","guid":{"rendered":"https:\/\/www.oafifoundation.com\/artro-360\/"},"modified":"2023-06-22T18:32:55","modified_gmt":"2023-06-22T16:32:55","slug":"artro-360","status":"publish","type":"page","link":"https:\/\/www.oafifoundation.com\/ca\/artro-360\/","title":{"rendered":"Artro 360\u00ba"},"content":{"rendered":"\t\t<div data-elementor-type=\"wp-page\" data-elementor-id=\"31677\" class=\"elementor elementor-31677 elementor-28136\">\n\t\t\t\t\t\t<section class=\"has_eae_slider elementor-section elementor-top-section elementor-element elementor-element-6a15af8c elementor-section-stretched elementor-section-content-middle elementor-section-boxed elementor-section-height-default elementor-section-height-default\" data-eae-slider=\"55347\" data-id=\"6a15af8c\" data-element_type=\"section\" data-settings=\"{&quot;stretch_section&quot;:&quot;section-stretched&quot;,&quot;background_background&quot;:&quot;classic&quot;}\">\n\t\t\t\t\t\t\t<div class=\"elementor-background-overlay\"><\/div>\n\t\t\t\t\t\t\t<div class=\"elementor-container elementor-column-gap-default\">\n\t\t\t\t\t<div class=\"has_eae_slider elementor-column elementor-col-100 elementor-top-column elementor-element elementor-element-34ca0f38\" data-eae-slider=\"35891\" data-id=\"34ca0f38\" data-element_type=\"column\">\n\t\t\t<div class=\"elementor-widget-wrap elementor-element-populated\">\n\t\t\t\t\t\t<div class=\"elementor-element elementor-element-6f33ca96 elementor-widget elementor-widget-heading\" data-id=\"6f33ca96\" data-element_type=\"widget\" data-widget_type=\"heading.default\">\n\t\t\t\t<div class=\"elementor-widget-container\">\n\t\t\t\t\t<h1 class=\"elementor-heading-title elementor-size-default\">Model Artro 360\u00ba<\/h1>\t\t\t\t<\/div>\n\t\t\t\t<\/div>\n\t\t\t\t<div class=\"elementor-element elementor-element-0040110 elementor-widget elementor-widget-heading\" data-id=\"0040110\" data-element_type=\"widget\" data-widget_type=\"heading.default\">\n\t\t\t\t<div class=\"elementor-widget-container\">\n\t\t\t\t\t<p class=\"elementor-heading-title elementor-size-default\">Proposta d'un nou model d'assistencial m\u00e9s humanitzat per avan\u00e7ar en el tractament de la salut osteoarticular<\/p>\t\t\t\t<\/div>\n\t\t\t\t<\/div>\n\t\t\t\t\t<\/div>\n\t\t<\/div>\n\t\t\t\t\t<\/div>\n\t\t<\/section>\n\t\t\t\t<section class=\"has_eae_slider elementor-section elementor-top-section elementor-element elementor-element-a7eedfd elementor-section-stretched elementor-section-boxed elementor-section-height-default elementor-section-height-default\" data-eae-slider=\"25696\" data-id=\"a7eedfd\" data-element_type=\"section\" data-settings=\"{&quot;stretch_section&quot;:&quot;section-stretched&quot;}\">\n\t\t\t\t\t\t<div class=\"elementor-container elementor-column-gap-default\">\n\t\t\t\t\t<div class=\"has_eae_slider elementor-column elementor-col-50 elementor-top-column elementor-element elementor-element-0ebe245 elementor-invisible\" data-eae-slider=\"9958\" data-id=\"0ebe245\" data-element_type=\"column\" data-settings=\"{&quot;background_background&quot;:&quot;classic&quot;,&quot;animation&quot;:&quot;fadeInLeft&quot;}\">\n\t\t\t<div class=\"elementor-widget-wrap elementor-element-populated\">\n\t\t\t\t\t\t<div class=\"elementor-element elementor-element-e2a266c elementor-widget elementor-widget-text-editor\" data-id=\"e2a266c\" data-element_type=\"widget\" data-widget_type=\"text-editor.default\">\n\t\t\t\t<div class=\"elementor-widget-container\">\n\t\t\t\t\t\t\t\t\t<p>L&#8217;Osteoarthritis Foundation International (OAFI) amb el suport metodol\u00f2gic de la Societat Espanyola de Qualitat Assistencial (SECA) i juntament amb l&#8217;Associaci\u00f3 AECOSAR, han desenvolupat un nou model de gesti\u00f3 sanit\u00e0ria que hem anomenat ARTRO 360. El model es basa en el Model de Cura (MoC), un marc d&#8217;evid\u00e8ncia i consulta informada que descriu qu\u00e8 i com els serveis de la salut i els relacionats s&#8217;han de facilitar a les persones en funci\u00f3 de les necessitats de salut, sempre tenint en compte la visi\u00f3 del pacient.<\/p><p>El model s&#8217;ha desenvolupat tenint en compte tres \u00e0rees principals:<\/p><ol><li>Paper actiu del pacient i de les organitzacions de pacients<\/li><li>Optimitzar els recursos disponibles<\/li><li>Abordatge multidisciplinar per tenir en compte tots els agents que intervenen en el proc\u00e9s assistencial per treballar coordinadament: pacients, metges, infermers, farmac\u00e8utics, gestors, cuidadors, fam\u00edlia\u2026<\/li><\/ol>\t\t\t\t\t\t\t\t<\/div>\n\t\t\t\t<\/div>\n\t\t\t\t\t<\/div>\n\t\t<\/div>\n\t\t\t\t<div class=\"has_eae_slider elementor-column elementor-col-50 elementor-top-column elementor-element elementor-element-2ea8373 elementor-invisible\" data-eae-slider=\"73783\" data-id=\"2ea8373\" data-element_type=\"column\" data-settings=\"{&quot;background_background&quot;:&quot;classic&quot;,&quot;animation&quot;:&quot;fadeInRight&quot;}\">\n\t\t\t<div class=\"elementor-widget-wrap elementor-element-populated\">\n\t\t\t\t\t\t<div class=\"elementor-element elementor-element-65df7c0 elementor-widget elementor-widget-spacer\" data-id=\"65df7c0\" data-element_type=\"widget\" data-widget_type=\"spacer.default\">\n\t\t\t\t<div class=\"elementor-widget-container\">\n\t\t\t\t\t\t\t<div class=\"elementor-spacer\">\n\t\t\t<div class=\"elementor-spacer-inner\"><\/div>\n\t\t<\/div>\n\t\t\t\t\t\t<\/div>\n\t\t\t\t<\/div>\n\t\t\t\t\t<\/div>\n\t\t<\/div>\n\t\t\t\t\t<\/div>\n\t\t<\/section>\n\t\t\t\t<section class=\"has_eae_slider elementor-section elementor-top-section elementor-element elementor-element-8c71aa4 elementor-section-stretched elementor-section-boxed elementor-section-height-default elementor-section-height-default\" data-eae-slider=\"20403\" data-id=\"8c71aa4\" data-element_type=\"section\" data-settings=\"{&quot;stretch_section&quot;:&quot;section-stretched&quot;}\">\n\t\t\t\t\t\t<div class=\"elementor-container elementor-column-gap-default\">\n\t\t\t\t\t<div class=\"has_eae_slider elementor-column elementor-col-50 elementor-top-column elementor-element elementor-element-bd03629 elementor-invisible\" data-eae-slider=\"76809\" data-id=\"bd03629\" data-element_type=\"column\" data-settings=\"{&quot;background_background&quot;:&quot;classic&quot;,&quot;animation&quot;:&quot;fadeInLeft&quot;,&quot;animation_delay&quot;:200}\">\n\t\t\t<div class=\"elementor-widget-wrap elementor-element-populated\">\n\t\t\t\t\t\t<div class=\"elementor-element elementor-element-0146910 elementor-widget elementor-widget-spacer\" data-id=\"0146910\" data-element_type=\"widget\" data-widget_type=\"spacer.default\">\n\t\t\t\t<div class=\"elementor-widget-container\">\n\t\t\t\t\t\t\t<div class=\"elementor-spacer\">\n\t\t\t<div class=\"elementor-spacer-inner\"><\/div>\n\t\t<\/div>\n\t\t\t\t\t\t<\/div>\n\t\t\t\t<\/div>\n\t\t\t\t\t<\/div>\n\t\t<\/div>\n\t\t\t\t<div class=\"has_eae_slider elementor-column elementor-col-50 elementor-top-column elementor-element elementor-element-eb7f5f7 elementor-invisible\" data-eae-slider=\"95375\" data-id=\"eb7f5f7\" data-element_type=\"column\" data-settings=\"{&quot;background_background&quot;:&quot;classic&quot;,&quot;animation&quot;:&quot;fadeInRight&quot;,&quot;animation_delay&quot;:200}\">\n\t\t\t<div class=\"elementor-widget-wrap elementor-element-populated\">\n\t\t\t\t\t\t<div class=\"elementor-element elementor-element-359a9c6 elementor-widget elementor-widget-text-editor\" data-id=\"359a9c6\" data-element_type=\"widget\" data-widget_type=\"text-editor.default\">\n\t\t\t\t<div class=\"elementor-widget-container\">\n\t\t\t\t\t\t\t\t\t<p>Per aix\u00f2, la proposta del model ARTRO 360 implica:<\/p><ul><li>Promoure la participaci\u00f3 dels pacients i professionals en les pol\u00edtiques de salut, investigaci\u00f3 i model de gesti\u00f3.<\/li><li>Fomentar la participaci\u00f3 del pacient en la cura de la salut i en la presa de decisions que l&#8217;afecten.<\/li><li>Reduir el temps despera pel diagn\u00f2stic.<\/li><li>Facilitar l&#8217;acc\u00e9s al tractament \u00f2ptim i avalat, farmacol\u00f2gic i no farmacol\u00f2gic per millorar les condicions de vida dels pacients.<\/li><li>Tenir molt en compte les comorbiditats, i les possibles interaccions i efectes adversos del tractament farmacol\u00f2gic<\/li><\/ul><p>Conscienciar les administracions i l&#8217;opini\u00f3 p\u00fablica del rellevant paper de les organitzacions de pacients, com a recurs actiu, que complementa la cartera de serveis, refor\u00e7a els professionals i produeix un important estalvi econ\u00f2mic.<\/p>\t\t\t\t\t\t\t\t<\/div>\n\t\t\t\t<\/div>\n\t\t\t\t\t<\/div>\n\t\t<\/div>\n\t\t\t\t\t<\/div>\n\t\t<\/section>\n\t\t\t\t<section class=\"has_eae_slider elementor-section elementor-top-section elementor-element elementor-element-f11c851 elementor-section-stretched elementor-section-boxed elementor-section-height-default elementor-section-height-default\" data-eae-slider=\"25823\" data-id=\"f11c851\" data-element_type=\"section\" data-settings=\"{&quot;stretch_section&quot;:&quot;section-stretched&quot;}\">\n\t\t\t\t\t\t<div class=\"elementor-container elementor-column-gap-default\">\n\t\t\t\t\t<div class=\"has_eae_slider elementor-column elementor-col-100 elementor-top-column elementor-element elementor-element-9bc6462\" data-eae-slider=\"8628\" data-id=\"9bc6462\" data-element_type=\"column\">\n\t\t\t<div class=\"elementor-widget-wrap elementor-element-populated\">\n\t\t\t\t\t\t<div class=\"elementor-element elementor-element-f48294c elementor-invisible elementor-widget elementor-widget-image\" data-id=\"f48294c\" data-element_type=\"widget\" data-settings=\"{&quot;_animation&quot;:&quot;fadeIn&quot;}\" data-widget_type=\"image.default\">\n\t\t\t\t<div class=\"elementor-widget-container\">\n\t\t\t\t\t\t\t\t\t\t\t\t\t\t\t<img fetchpriority=\"high\" decoding=\"async\" width=\"1200\" height=\"528\" src=\"https:\/\/www.oafifoundation.com\/wp-content\/uploads\/2023\/02\/presentacion-madrid-artro-360.jpg\" class=\"attachment-full size-full wp-image-29064\" alt=\"Presentaci\u00f3n en Madrid del Modelo Artro 360\u00ba\" srcset=\"https:\/\/www.oafifoundation.com\/wp-content\/uploads\/2023\/02\/presentacion-madrid-artro-360.jpg 1200w, https:\/\/www.oafifoundation.com\/wp-content\/uploads\/2023\/02\/presentacion-madrid-artro-360-300x132.jpg 300w, https:\/\/www.oafifoundation.com\/wp-content\/uploads\/2023\/02\/presentacion-madrid-artro-360-1024x451.jpg 1024w, https:\/\/www.oafifoundation.com\/wp-content\/uploads\/2023\/02\/presentacion-madrid-artro-360-768x338.jpg 768w, https:\/\/www.oafifoundation.com\/wp-content\/uploads\/2023\/02\/presentacion-madrid-artro-360-600x264.jpg 600w\" sizes=\"(max-width: 1200px) 100vw, 1200px\" \/>\t\t\t\t\t\t\t\t\t\t\t\t\t\t\t<\/div>\n\t\t\t\t<\/div>\n\t\t\t\t<div class=\"elementor-element elementor-element-f5ccac2 elementor-invisible elementor-widget elementor-widget-text-editor\" data-id=\"f5ccac2\" data-element_type=\"widget\" data-settings=\"{&quot;_animation&quot;:&quot;fadeInUp&quot;}\" data-widget_type=\"text-editor.default\">\n\t\t\t\t<div class=\"elementor-widget-container\">\n\t\t\t\t\t\t\t\t\t<p>Amb aquest programa, es podr\u00e0 reduir el cost de la malaltia artr\u00f2sica al voltant d&#8217;uns 100 milions d&#8217;euros, millorant la qualitat assistencial dels nostres pacients. Per\u00f2 \u00e9s imprescindible una actuaci\u00f3 coordinada de les autoritats sanit\u00e0ries, societats cient\u00edfiques i professionals, organitzacions de pacients; aix\u00ed com els altres agents involucrats.<\/p><p>Actualment les seg\u00fcents organitzacions han revisat i ratificat el model:<\/p>\t\t\t\t\t\t\t\t<\/div>\n\t\t\t\t<\/div>\n\t\t\t\t\t<\/div>\n\t\t<\/div>\n\t\t\t\t\t<\/div>\n\t\t<\/section>\n\t\t\t\t<section class=\"has_eae_slider elementor-section elementor-top-section elementor-element elementor-element-73a5e91 elementor-section-stretched elementor-section-boxed elementor-section-height-default elementor-section-height-default\" data-eae-slider=\"56723\" data-id=\"73a5e91\" data-element_type=\"section\" data-settings=\"{&quot;stretch_section&quot;:&quot;section-stretched&quot;}\">\n\t\t\t\t\t\t<div class=\"elementor-container elementor-column-gap-default\">\n\t\t\t\t\t<div class=\"has_eae_slider elementor-column elementor-col-100 elementor-top-column elementor-element elementor-element-3848a68\" data-eae-slider=\"83597\" data-id=\"3848a68\" data-element_type=\"column\">\n\t\t\t<div class=\"elementor-widget-wrap elementor-element-populated\">\n\t\t\t\t\t\t<div class=\"elementor-element elementor-element-98b6af7 elementor-invisible elementor-widget elementor-widget-text-editor\" data-id=\"98b6af7\" data-element_type=\"widget\" data-settings=\"{&quot;_animation&quot;:&quot;fadeInUp&quot;}\" data-widget_type=\"text-editor.default\">\n\t\t\t\t<div class=\"elementor-widget-container\">\n\t\t\t\t\t\t\t\t\t<p><strong>Sociedad Espa\u00f1ola (SE) de M\u00e9dicos de Atenci\u00f3n Primaria-SEMERGEN<\/strong><br \/><strong>SE M\u00e9dicos Generales y de Familia-SEMG<\/strong><br \/><strong>SE de Medicina Familia y Comunitaria-SEMFyC<\/strong><br \/><strong>SE de Traumatolog\u00eda del Deporte-SETRADE<\/strong><br \/><strong>SE de Reumatolog\u00eda-SER<\/strong><br \/><strong>SE de Farmacia Familiar y Comunitaria-SEFAC<\/strong><br \/><strong>SE Multidisciplinar del Dolor-SEMDOR<\/strong><br \/><strong>SE de Cirug\u00eda Ortop\u00e9dica y Traumatolog\u00eda-SECOT<\/strong><br \/><strong>SE de Investigaci\u00f3n \u00d3sea y del Metabolismo Mineral-SEIOMM<\/strong><br \/><strong>SE de Atenci\u00f3n al Usuario de la Sanidad-SEAUS<\/strong><br \/><strong>Registro Nacional de Fracturas de Cadera-RNFC<\/strong><br \/><strong>Escuela Enfermer\u00eda de la Universidad de Barcelona<\/strong><br \/><strong>Departamento de Farmacolog\u00eda de la UB<\/strong><br \/><strong>Sociedad de Investigaci\u00f3n Biom\u00e9dica-SCIB<br \/>Federaci\u00f3n de Asociaciones de Enfermer\u00eda Familiar y Comunitaria (FAECAP)<br \/><\/strong><\/p>\t\t\t\t\t\t\t\t<\/div>\n\t\t\t\t<\/div>\n\t\t\t\t\t<\/div>\n\t\t<\/div>\n\t\t\t\t\t<\/div>\n\t\t<\/section>\n\t\t\t\t<section class=\"has_eae_slider elementor-section elementor-top-section elementor-element elementor-element-92e57d3 elementor-section-content-middle elementor-section-stretched elementor-section-boxed elementor-section-height-default elementor-section-height-default\" data-eae-slider=\"60342\" data-id=\"92e57d3\" data-element_type=\"section\" data-settings=\"{&quot;stretch_section&quot;:&quot;section-stretched&quot;}\">\n\t\t\t\t\t\t<div class=\"elementor-container elementor-column-gap-no\">\n\t\t\t\t\t<div class=\"has_eae_slider elementor-column elementor-col-33 elementor-top-column elementor-element elementor-element-b9d9e07 elementor-invisible\" data-eae-slider=\"18500\" data-id=\"b9d9e07\" data-element_type=\"column\" data-settings=\"{&quot;background_background&quot;:&quot;classic&quot;,&quot;animation&quot;:&quot;fadeInLeft&quot;}\">\n\t\t\t<div class=\"elementor-widget-wrap elementor-element-populated\">\n\t\t\t\t\t\t<div class=\"elementor-element elementor-element-1fbf0d1 oafi-white-text elementor-widget elementor-widget-text-editor\" data-id=\"1fbf0d1\" data-element_type=\"widget\" data-widget_type=\"text-editor.default\">\n\t\t\t\t<div class=\"elementor-widget-container\">\n\t\t\t\t\t\t\t\t\t<p>Presentat ARTRO 360, com a nou model de gesti\u00f3 multidisciplinar en el tractament de l&#8217;artrosi al Senat, en aquest moment s&#8217;est\u00e0 difonent a les conselleries de sanitat de les diferents comunitats aut\u00f2nomes.<\/p>\t\t\t\t\t\t\t\t<\/div>\n\t\t\t\t<\/div>\n\t\t\t\t\t<\/div>\n\t\t<\/div>\n\t\t\t\t<div class=\"has_eae_slider elementor-column elementor-col-66 elementor-top-column elementor-element elementor-element-daa4100 elementor-invisible\" data-eae-slider=\"53726\" data-id=\"daa4100\" data-element_type=\"column\" data-settings=\"{&quot;animation&quot;:&quot;fadeInRight&quot;}\">\n\t\t\t<div class=\"elementor-widget-wrap elementor-element-populated\">\n\t\t\t\t\t\t<div class=\"elementor-element elementor-element-f12b0ef elementor-widget elementor-widget-image\" data-id=\"f12b0ef\" data-element_type=\"widget\" data-widget_type=\"image.default\">\n\t\t\t\t<div class=\"elementor-widget-container\">\n\t\t\t\t\t\t\t\t\t\t\t\t\t\t\t<img decoding=\"async\" width=\"1024\" height=\"683\" src=\"https:\/\/www.oafifoundation.com\/wp-content\/uploads\/2023\/02\/presentacion-senado-artro-360-1024x683.jpg\" class=\"attachment-large size-large wp-image-29067\" alt=\"Presentaci\u00f3n en El Senado del Modelo Artro 360\u00ba\" srcset=\"https:\/\/www.oafifoundation.com\/wp-content\/uploads\/2023\/02\/presentacion-senado-artro-360-1024x683.jpg 1024w, https:\/\/www.oafifoundation.com\/wp-content\/uploads\/2023\/02\/presentacion-senado-artro-360-300x200.jpg 300w, https:\/\/www.oafifoundation.com\/wp-content\/uploads\/2023\/02\/presentacion-senado-artro-360-768x512.jpg 768w, https:\/\/www.oafifoundation.com\/wp-content\/uploads\/2023\/02\/presentacion-senado-artro-360-600x400.jpg 600w, https:\/\/www.oafifoundation.com\/wp-content\/uploads\/2023\/02\/presentacion-senado-artro-360.jpg 1200w\" sizes=\"(max-width: 1024px) 100vw, 1024px\" \/>\t\t\t\t\t\t\t\t\t\t\t\t\t\t\t<\/div>\n\t\t\t\t<\/div>\n\t\t\t\t\t<\/div>\n\t\t<\/div>\n\t\t\t\t\t<\/div>\n\t\t<\/section>\n\t\t\t\t<section class=\"has_eae_slider elementor-section elementor-top-section elementor-element elementor-element-85059b6 elementor-section-stretched elementor-section-boxed elementor-section-height-default elementor-section-height-default elementor-invisible\" data-eae-slider=\"2186\" data-id=\"85059b6\" data-element_type=\"section\" data-settings=\"{&quot;animation&quot;:&quot;fadeIn&quot;,&quot;stretch_section&quot;:&quot;section-stretched&quot;}\">\n\t\t\t\t\t\t<div class=\"elementor-container elementor-column-gap-default\">\n\t\t\t\t\t<div class=\"has_eae_slider elementor-column elementor-col-100 elementor-top-column elementor-element elementor-element-dc1e317\" data-eae-slider=\"73725\" data-id=\"dc1e317\" data-element_type=\"column\">\n\t\t\t<div class=\"elementor-widget-wrap elementor-element-populated\">\n\t\t\t\t\t\t<div class=\"elementor-element elementor-element-1ca5100 elementor-widget elementor-widget-text-editor\" data-id=\"1ca5100\" data-element_type=\"widget\" data-widget_type=\"text-editor.default\">\n\t\t\t\t<div class=\"elementor-widget-container\">\n\t\t\t\t\t\t\t\t\t<p>Si vols saber m\u00e9s sobre el model, no et perdis els nostres v\u00eddeos a YouTube a aquest efecte:<\/p>\t\t\t\t\t\t\t\t<\/div>\n\t\t\t\t<\/div>\n\t\t\t\t<section class=\"has_eae_slider elementor-section elementor-inner-section elementor-element elementor-element-7ce1836 elementor-section-boxed elementor-section-height-default elementor-section-height-default\" data-eae-slider=\"53192\" data-id=\"7ce1836\" data-element_type=\"section\">\n\t\t\t\t\t\t<div class=\"elementor-container elementor-column-gap-default\">\n\t\t\t\t\t<div class=\"has_eae_slider elementor-column elementor-col-33 elementor-inner-column elementor-element elementor-element-ca6e64c elementor-invisible\" data-eae-slider=\"23088\" data-id=\"ca6e64c\" data-element_type=\"column\" data-settings=\"{&quot;animation&quot;:&quot;fadeInUp&quot;}\">\n\t\t\t<div class=\"elementor-widget-wrap elementor-element-populated\">\n\t\t\t\t\t\t<div class=\"elementor-element elementor-element-a2b704c elementor-widget elementor-widget-video\" data-id=\"a2b704c\" data-element_type=\"widget\" data-settings=\"{&quot;youtube_url&quot;:&quot;https:\\\/\\\/youtu.be\\\/9ptvJXBb4g0&quot;,&quot;yt_privacy&quot;:&quot;yes&quot;,&quot;video_type&quot;:&quot;youtube&quot;,&quot;controls&quot;:&quot;yes&quot;}\" data-widget_type=\"video.default\">\n\t\t\t\t<div class=\"elementor-widget-container\">\n\t\t\t\t\t\t\t<div class=\"elementor-wrapper elementor-open-inline\">\n\t\t\t<div class=\"elementor-video\"><\/div>\t\t<\/div>\n\t\t\t\t\t\t<\/div>\n\t\t\t\t<\/div>\n\t\t\t\t<div class=\"elementor-element elementor-element-2d41bc8 elementor-widget elementor-widget-heading\" data-id=\"2d41bc8\" data-element_type=\"widget\" data-widget_type=\"heading.default\">\n\t\t\t\t<div class=\"elementor-widget-container\">\n\t\t\t\t\t<p class=\"elementor-heading-title elementor-size-default\">Presentaci\u00f3 del model ARTRO 360 a Madrid, 13 de desembre 2022<\/p>\t\t\t\t<\/div>\n\t\t\t\t<\/div>\n\t\t\t\t\t<\/div>\n\t\t<\/div>\n\t\t\t\t<div class=\"has_eae_slider elementor-column elementor-col-33 elementor-inner-column elementor-element elementor-element-f0e6546 elementor-invisible\" data-eae-slider=\"86777\" data-id=\"f0e6546\" data-element_type=\"column\" data-settings=\"{&quot;animation&quot;:&quot;fadeInUp&quot;,&quot;animation_delay&quot;:200}\">\n\t\t\t<div class=\"elementor-widget-wrap elementor-element-populated\">\n\t\t\t\t\t\t<div class=\"elementor-element elementor-element-c62add9 elementor-widget elementor-widget-video\" data-id=\"c62add9\" data-element_type=\"widget\" data-settings=\"{&quot;youtube_url&quot;:&quot;https:\\\/\\\/youtu.be\\\/pcaqiy5mZ3Q&quot;,&quot;yt_privacy&quot;:&quot;yes&quot;,&quot;video_type&quot;:&quot;youtube&quot;,&quot;controls&quot;:&quot;yes&quot;}\" data-widget_type=\"video.default\">\n\t\t\t\t<div class=\"elementor-widget-container\">\n\t\t\t\t\t\t\t<div class=\"elementor-wrapper elementor-open-inline\">\n\t\t\t<div class=\"elementor-video\"><\/div>\t\t<\/div>\n\t\t\t\t\t\t<\/div>\n\t\t\t\t<\/div>\n\t\t\t\t<div class=\"elementor-element elementor-element-01cf386 elementor-widget elementor-widget-heading\" data-id=\"01cf386\" data-element_type=\"widget\" data-widget_type=\"heading.default\">\n\t\t\t\t<div class=\"elementor-widget-container\">\n\t\t\t\t\t<p class=\"elementor-heading-title elementor-size-default\">Presentaci\u00f3 del model ARTRO 360 a #OAFICONGRESS22, 27 octubre 2022<\/p>\t\t\t\t<\/div>\n\t\t\t\t<\/div>\n\t\t\t\t\t<\/div>\n\t\t<\/div>\n\t\t\t\t<div class=\"has_eae_slider elementor-column elementor-col-33 elementor-inner-column elementor-element elementor-element-818cdb6 elementor-invisible\" data-eae-slider=\"88239\" data-id=\"818cdb6\" data-element_type=\"column\" data-settings=\"{&quot;animation&quot;:&quot;fadeInUp&quot;,&quot;animation_delay&quot;:400}\">\n\t\t\t<div class=\"elementor-widget-wrap elementor-element-populated\">\n\t\t\t\t\t\t<div class=\"elementor-element elementor-element-75e1b38 elementor-widget elementor-widget-video\" data-id=\"75e1b38\" data-element_type=\"widget\" data-settings=\"{&quot;youtube_url&quot;:&quot;https:\\\/\\\/youtu.be\\\/E1XU9lgU690&quot;,&quot;yt_privacy&quot;:&quot;yes&quot;,&quot;video_type&quot;:&quot;youtube&quot;,&quot;controls&quot;:&quot;yes&quot;}\" data-widget_type=\"video.default\">\n\t\t\t\t<div class=\"elementor-widget-container\">\n\t\t\t\t\t\t\t<div class=\"elementor-wrapper elementor-open-inline\">\n\t\t\t<div class=\"elementor-video\"><\/div>\t\t<\/div>\n\t\t\t\t\t\t<\/div>\n\t\t\t\t<\/div>\n\t\t\t\t<div class=\"elementor-element elementor-element-2acbdfb elementor-widget elementor-widget-heading\" data-id=\"2acbdfb\" data-element_type=\"widget\" data-widget_type=\"heading.default\">\n\t\t\t\t<div class=\"elementor-widget-container\">\n\t\t\t\t\t<p class=\"elementor-heading-title elementor-size-default\">Presentaci\u00f3 del model ARTRO 360 a #OAFIRadio, 5 de desembre 2022<\/p>\t\t\t\t<\/div>\n\t\t\t\t<\/div>\n\t\t\t\t\t<\/div>\n\t\t<\/div>\n\t\t\t\t\t<\/div>\n\t\t<\/section>\n\t\t\t\t\t<\/div>\n\t\t<\/div>\n\t\t\t\t\t<\/div>\n\t\t<\/section>\n\t\t\t\t<section class=\"has_eae_slider elementor-section elementor-top-section elementor-element elementor-element-43ba7fdc elementor-section-stretched elementor-section-boxed elementor-section-height-default elementor-section-height-default\" data-eae-slider=\"4670\" data-id=\"43ba7fdc\" data-element_type=\"section\" data-settings=\"{&quot;stretch_section&quot;:&quot;section-stretched&quot;,&quot;background_background&quot;:&quot;classic&quot;}\">\n\t\t\t\t\t\t<div class=\"elementor-container elementor-column-gap-default\">\n\t\t\t\t\t<div class=\"has_eae_slider elementor-column elementor-col-100 elementor-top-column elementor-element elementor-element-3aa063fa\" data-eae-slider=\"63870\" data-id=\"3aa063fa\" data-element_type=\"column\">\n\t\t\t<div class=\"elementor-widget-wrap elementor-element-populated\">\n\t\t\t\t\t\t<div class=\"elementor-element elementor-element-578996b elementor-invisible elementor-widget elementor-widget-heading\" data-id=\"578996b\" data-element_type=\"widget\" data-settings=\"{&quot;_animation&quot;:&quot;fadeInDown&quot;}\" data-widget_type=\"heading.default\">\n\t\t\t\t<div class=\"elementor-widget-container\">\n\t\t\t\t\t<span class=\"elementor-heading-title elementor-size-default\">Vols formar part del model ARTRO360? Aquesta iniciativa est\u00e0 oberta a la incorporaci\u00f3 de noves entitats m\u00e8diques.<\/span>\t\t\t\t<\/div>\n\t\t\t\t<\/div>\n\t\t\t\t<div class=\"elementor-element elementor-element-e3469db elementor-align-center elementor-invisible elementor-widget elementor-widget-button\" data-id=\"e3469db\" data-element_type=\"widget\" data-settings=\"{&quot;_animation&quot;:&quot;fadeInUp&quot;}\" data-widget_type=\"button.default\">\n\t\t\t\t<div class=\"elementor-widget-container\">\n\t\t\t\t\t\t\t\t\t<div class=\"elementor-button-wrapper\">\n\t\t\t\t\t<a class=\"elementor-button elementor-button-link elementor-size-sm\" href=\"mailto:research@oafifoundation.com\">\n\t\t\t\t\t\t<span class=\"elementor-button-content-wrapper\">\n\t\t\t\t\t\t<span class=\"elementor-button-icon\">\n\t\t\t\t<i aria-hidden=\"true\" class=\"far fa-envelope\"><\/i>\t\t\t<\/span>\n\t\t\t\t\t\t\t\t\t<span class=\"elementor-button-text\">Envia'ns un correu!<\/span>\n\t\t\t\t\t<\/span>\n\t\t\t\t\t<\/a>\n\t\t\t\t<\/div>\n\t\t\t\t\t\t\t\t<\/div>\n\t\t\t\t<\/div>\n\t\t\t\t\t<\/div>\n\t\t<\/div>\n\t\t\t\t\t<\/div>\n\t\t<\/section>\n\t\t\t\t<\/div>\n\t\t","protected":false},"excerpt":{"rendered":"<p>Model Artro 360\u00ba Proposta d&#8217;un nou model d&#8217;assistencial m\u00e9s humanitzat per avan\u00e7ar en el tractament de la salut osteoarticular L&#8217;Osteoarthritis Foundation International (OAFI) amb el suport metodol\u00f2gic de la Societat Espanyola de Qualitat Assistencial (SECA) i juntament amb l&#8217;Associaci\u00f3 AECOSAR, han desenvolupat un nou model de gesti\u00f3 sanit\u00e0ria que hem anomenat ARTRO 360. El model [&hellip;]<\/p>\n","protected":false},"author":1,"featured_media":0,"parent":0,"menu_order":0,"comment_status":"closed","ping_status":"closed","template":"","meta":{"footnotes":""},"class_list":["post-31677","page","type-page","status-publish","hentry"],"_links":{"self":[{"href":"https:\/\/www.oafifoundation.com\/ca\/wp-json\/wp\/v2\/pages\/31677","targetHints":{"allow":["GET"]}}],"collection":[{"href":"https:\/\/www.oafifoundation.com\/ca\/wp-json\/wp\/v2\/pages"}],"about":[{"href":"https:\/\/www.oafifoundation.com\/ca\/wp-json\/wp\/v2\/types\/page"}],"author":[{"embeddable":true,"href":"https:\/\/www.oafifoundation.com\/ca\/wp-json\/wp\/v2\/users\/1"}],"replies":[{"embeddable":true,"href":"https:\/\/www.oafifoundation.com\/ca\/wp-json\/wp\/v2\/comments?post=31677"}],"version-history":[{"count":7,"href":"https:\/\/www.oafifoundation.com\/ca\/wp-json\/wp\/v2\/pages\/31677\/revisions"}],"predecessor-version":[{"id":33054,"href":"https:\/\/www.oafifoundation.com\/ca\/wp-json\/wp\/v2\/pages\/31677\/revisions\/33054"}],"wp:attachment":[{"href":"https:\/\/www.oafifoundation.com\/ca\/wp-json\/wp\/v2\/media?parent=31677"}],"curies":[{"name":"wp","href":"https:\/\/api.w.org\/{rel}","templated":true}]}}