{"id":31801,"date":"2023-01-15T21:14:25","date_gmt":"2023-01-15T20:14:25","guid":{"rendered":"https:\/\/www.oafifoundation.com\/talleres-gratuitos\/"},"modified":"2023-06-04T20:30:15","modified_gmt":"2023-06-04T18:30:15","slug":"tallers","status":"publish","type":"page","link":"https:\/\/www.oafifoundation.com\/ca\/tallers\/","title":{"rendered":"Tallers"},"content":{"rendered":"\t\t<div data-elementor-type=\"wp-page\" data-elementor-id=\"31801\" class=\"elementor elementor-31801 elementor-28146\">\n\t\t\t\t\t\t<section class=\"has_eae_slider elementor-section elementor-top-section elementor-element elementor-element-6a15af8c elementor-section-stretched elementor-section-content-middle elementor-section-boxed elementor-section-height-default elementor-section-height-default\" data-eae-slider=\"23517\" data-id=\"6a15af8c\" data-element_type=\"section\" data-settings=\"{&quot;stretch_section&quot;:&quot;section-stretched&quot;,&quot;background_background&quot;:&quot;classic&quot;}\">\n\t\t\t\t\t\t\t<div class=\"elementor-background-overlay\"><\/div>\n\t\t\t\t\t\t\t<div class=\"elementor-container elementor-column-gap-default\">\n\t\t\t\t\t<div class=\"has_eae_slider elementor-column elementor-col-100 elementor-top-column elementor-element elementor-element-34ca0f38 elementor-invisible\" data-eae-slider=\"61373\" data-id=\"34ca0f38\" data-element_type=\"column\" data-settings=\"{&quot;animation&quot;:&quot;fadeIn&quot;}\">\n\t\t\t<div class=\"elementor-widget-wrap elementor-element-populated\">\n\t\t\t\t\t\t<div class=\"elementor-element elementor-element-6f33ca96 elementor-widget elementor-widget-heading\" data-id=\"6f33ca96\" data-element_type=\"widget\" data-widget_type=\"heading.default\">\n\t\t\t\t<div class=\"elementor-widget-container\">\n\t\t\t\t\t<h1 class=\"elementor-heading-title elementor-size-default\">Tallers<\/h1>\t\t\t\t<\/div>\n\t\t\t\t<\/div>\n\t\t\t\t\t<\/div>\n\t\t<\/div>\n\t\t\t\t\t<\/div>\n\t\t<\/section>\n\t\t\t\t<section class=\"has_eae_slider elementor-section elementor-top-section elementor-element elementor-element-a7eedfd elementor-section-stretched elementor-section-boxed elementor-section-height-default elementor-section-height-default\" data-eae-slider=\"15909\" data-id=\"a7eedfd\" data-element_type=\"section\" data-settings=\"{&quot;stretch_section&quot;:&quot;section-stretched&quot;}\">\n\t\t\t\t\t\t<div class=\"elementor-container elementor-column-gap-default\">\n\t\t\t\t\t<div class=\"has_eae_slider elementor-column elementor-col-100 elementor-top-column elementor-element elementor-element-0ebe245\" data-eae-slider=\"24512\" data-id=\"0ebe245\" data-element_type=\"column\">\n\t\t\t<div class=\"elementor-widget-wrap elementor-element-populated\">\n\t\t\t\t\t\t<div class=\"elementor-element elementor-element-e2a266c elementor-invisible elementor-widget elementor-widget-text-editor\" data-id=\"e2a266c\" data-element_type=\"widget\" data-settings=\"{&quot;_animation&quot;:&quot;fadeIn&quot;}\" data-widget_type=\"text-editor.default\">\n\t\t\t\t<div class=\"elementor-widget-container\">\n\t\t\t\t\t\t\t\t\t<p>Des d&#8217;OAFI treballem per ajudar a millorar la qualitat de vida dels nostres pacients, oferint-los totes les eines possibles perqu\u00e8 puguin aprendre a conviure amb la malaltia.<\/p>\t\t\t\t\t\t\t\t<\/div>\n\t\t\t\t<\/div>\n\t\t\t\t<div class=\"elementor-element elementor-element-9743ba4 elementor-widget-divider--view-line_text elementor-widget-divider--element-align-center elementor-invisible elementor-widget elementor-widget-divider\" data-id=\"9743ba4\" data-element_type=\"widget\" data-settings=\"{&quot;_animation&quot;:&quot;fadeIn&quot;}\" data-widget_type=\"divider.default\">\n\t\t\t\t<div class=\"elementor-widget-container\">\n\t\t\t\t\t\t\t<div class=\"elementor-divider\">\n\t\t\t<span class=\"elementor-divider-separator\">\n\t\t\t\t\t\t\t<span class=\"elementor-divider__text elementor-divider__element\">\n\t\t\t\tDescobreix els nostres tallers OAFI:\t\t\t\t<\/span>\n\t\t\t\t\t\t<\/span>\n\t\t<\/div>\n\t\t\t\t\t\t<\/div>\n\t\t\t\t<\/div>\n\t\t\t\t\t<\/div>\n\t\t<\/div>\n\t\t\t\t\t<\/div>\n\t\t<\/section>\n\t\t\t\t<section class=\"has_eae_slider elementor-section elementor-top-section elementor-element elementor-element-55386db elementor-section-full_width elementor-section-stretched elementor-section-height-default elementor-section-height-default\" data-eae-slider=\"43953\" data-id=\"55386db\" data-element_type=\"section\" data-settings=\"{&quot;stretch_section&quot;:&quot;section-stretched&quot;}\">\n\t\t\t\t\t\t<div class=\"elementor-container elementor-column-gap-default\">\n\t\t\t\t\t<div class=\"has_eae_slider elementor-column elementor-col-100 elementor-top-column elementor-element elementor-element-9cbdeeb\" data-eae-slider=\"48089\" data-id=\"9cbdeeb\" data-element_type=\"column\">\n\t\t\t<div class=\"elementor-widget-wrap elementor-element-populated\">\n\t\t\t\t\t\t<section class=\"has_eae_slider elementor-section elementor-inner-section elementor-element elementor-element-e6670d7 elementor-section-full_width elementor-section-content-middle elementor-section-height-default elementor-section-height-default\" data-eae-slider=\"449\" data-id=\"e6670d7\" data-element_type=\"section\">\n\t\t\t\t\t\t<div class=\"elementor-container elementor-column-gap-no\">\n\t\t\t\t\t<div class=\"has_eae_slider elementor-column elementor-col-50 elementor-inner-column elementor-element elementor-element-e0faa5f elementor-invisible\" data-eae-slider=\"23447\" data-id=\"e0faa5f\" data-element_type=\"column\" data-settings=\"{&quot;animation&quot;:&quot;fadeInLeft&quot;,&quot;animation_tablet&quot;:&quot;fadeIn&quot;,&quot;background_background&quot;:&quot;classic&quot;}\">\n\t\t\t<div class=\"elementor-widget-wrap elementor-element-populated\">\n\t\t\t\t\t\t<div class=\"elementor-element elementor-element-ef8df5a elementor-widget elementor-widget-image\" data-id=\"ef8df5a\" data-element_type=\"widget\" data-widget_type=\"image.default\">\n\t\t\t\t<div class=\"elementor-widget-container\">\n\t\t\t\t\t\t\t\t\t\t\t\t\t\t\t<img fetchpriority=\"high\" decoding=\"async\" width=\"1024\" height=\"576\" src=\"https:\/\/www.oafifoundation.com\/wp-content\/uploads\/2023\/04\/clases-taichi-aire-libre-1024x576.jpg\" class=\"attachment-large size-large wp-image-29179\" alt=\"Clases de Taichi al aire libre\" srcset=\"https:\/\/www.oafifoundation.com\/wp-content\/uploads\/2023\/04\/clases-taichi-aire-libre-1024x576.jpg 1024w, https:\/\/www.oafifoundation.com\/wp-content\/uploads\/2023\/04\/clases-taichi-aire-libre-300x169.jpg 300w, https:\/\/www.oafifoundation.com\/wp-content\/uploads\/2023\/04\/clases-taichi-aire-libre-768x432.jpg 768w, https:\/\/www.oafifoundation.com\/wp-content\/uploads\/2023\/04\/clases-taichi-aire-libre-600x338.jpg 600w, https:\/\/www.oafifoundation.com\/wp-content\/uploads\/2023\/04\/clases-taichi-aire-libre.jpg 1200w\" sizes=\"(max-width: 1024px) 100vw, 1024px\" \/>\t\t\t\t\t\t\t\t\t\t\t\t\t\t\t<\/div>\n\t\t\t\t<\/div>\n\t\t\t\t\t<\/div>\n\t\t<\/div>\n\t\t\t\t<div class=\"has_eae_slider elementor-column elementor-col-50 elementor-inner-column elementor-element elementor-element-1e3c262 oafi-white-text elementor-invisible\" data-eae-slider=\"44246\" data-id=\"1e3c262\" data-element_type=\"column\" data-settings=\"{&quot;background_background&quot;:&quot;classic&quot;,&quot;animation&quot;:&quot;fadeInRight&quot;,&quot;animation_tablet&quot;:&quot;fadeIn&quot;}\">\n\t\t\t<div class=\"elementor-widget-wrap elementor-element-populated\">\n\t\t\t\t\t\t<div class=\"elementor-element elementor-element-dfa31fc elementor-widget elementor-widget-heading\" data-id=\"dfa31fc\" data-element_type=\"widget\" data-widget_type=\"heading.default\">\n\t\t\t\t<div class=\"elementor-widget-container\">\n\t\t\t\t\t<h3 class=\"elementor-heading-title elementor-size-default\">Classes de Tai-txi a l'aire lliure<\/h3>\t\t\t\t<\/div>\n\t\t\t\t<\/div>\n\t\t\t\t<div class=\"elementor-element elementor-element-5e28c48 elementor-widget elementor-widget-text-editor\" data-id=\"5e28c48\" data-element_type=\"widget\" data-widget_type=\"text-editor.default\">\n\t\t\t\t<div class=\"elementor-widget-container\">\n\t\t\t\t\t\t\t\t\t<p>L&#8217;activitat f\u00edsica \u00e9s una de les millors receptes per cuidar la nostra salut articular. Descobreix les nostres classes de Taich\u00ed a l&#8217;aire lliure i cuida les teves articulacions amb aquesta disciplina mil\u00b7len\u00e0ria.<\/p><p>Dimecres i dijous a parcs seleccionats de Barcelona. Escriu-nos a <a href=\"mailto:info@oafifoundation.com\">info@oafifoundation.com<\/a> o truca&#8217;ns al 931 59 40 15 per a m\u00e9s informaci\u00f3.<\/p><p><strong>Gratu\u00eftes per a socis OAFI.<\/strong><\/p>\t\t\t\t\t\t\t\t<\/div>\n\t\t\t\t<\/div>\n\t\t\t\t\t<\/div>\n\t\t<\/div>\n\t\t\t\t\t<\/div>\n\t\t<\/section>\n\t\t\t\t<section class=\"has_eae_slider elementor-section elementor-inner-section elementor-element elementor-element-f993f6d elementor-section-full_width elementor-section-content-middle elementor-section-height-default elementor-section-height-default\" data-eae-slider=\"10835\" data-id=\"f993f6d\" data-element_type=\"section\">\n\t\t\t\t\t\t<div class=\"elementor-container elementor-column-gap-no\">\n\t\t\t\t\t<div class=\"has_eae_slider elementor-column elementor-col-50 elementor-inner-column elementor-element elementor-element-3335db9 elementor-invisible\" data-eae-slider=\"4307\" data-id=\"3335db9\" data-element_type=\"column\" data-settings=\"{&quot;background_background&quot;:&quot;classic&quot;,&quot;animation&quot;:&quot;fadeInLeft&quot;,&quot;animation_tablet&quot;:&quot;fadeIn&quot;}\">\n\t\t\t<div class=\"elementor-widget-wrap elementor-element-populated\">\n\t\t\t\t\t\t<div class=\"elementor-element elementor-element-cc4faeb elementor-widget elementor-widget-heading\" data-id=\"cc4faeb\" data-element_type=\"widget\" data-widget_type=\"heading.default\">\n\t\t\t\t<div class=\"elementor-widget-container\">\n\t\t\t\t\t<h3 class=\"elementor-heading-title elementor-size-default\">Tallers de nutrici\u00f3<\/h3>\t\t\t\t<\/div>\n\t\t\t\t<\/div>\n\t\t\t\t<div class=\"elementor-element elementor-element-56f8d55 elementor-widget elementor-widget-text-editor\" data-id=\"56f8d55\" data-element_type=\"widget\" data-widget_type=\"text-editor.default\">\n\t\t\t\t<div class=\"elementor-widget-container\">\n\t\t\t\t\t\t\t\t\t<p>Apr\u00e8n els conceptes essencials sobre nutrici\u00f3 i descobreix els beneficis d&#8217;una bona alimentaci\u00f3 a la teva salut articular. Els tallers de nutrici\u00f3 de la Dra. Laura Arranz s\u00f3n la millor manera per comen\u00e7ar a menjar millor, pensant en les nostres articulacions.<\/p><p>Segueix-nos a les nostres xarxes socials per estar al dia de les noves edicions.<\/p><p><strong>Online amb preus redu\u00efts.<\/strong><\/p>\t\t\t\t\t\t\t\t<\/div>\n\t\t\t\t<\/div>\n\t\t\t\t\t<\/div>\n\t\t<\/div>\n\t\t\t\t<div class=\"has_eae_slider elementor-column elementor-col-50 elementor-inner-column elementor-element elementor-element-593c588 elementor-invisible\" data-eae-slider=\"10619\" data-id=\"593c588\" data-element_type=\"column\" data-settings=\"{&quot;animation&quot;:&quot;fadeInRight&quot;,&quot;animation_tablet&quot;:&quot;fadeIn&quot;,&quot;background_background&quot;:&quot;classic&quot;}\">\n\t\t\t<div class=\"elementor-widget-wrap elementor-element-populated\">\n\t\t\t\t\t\t<div class=\"elementor-element elementor-element-a5552c0 elementor-widget elementor-widget-image\" data-id=\"a5552c0\" data-element_type=\"widget\" data-widget_type=\"image.default\">\n\t\t\t\t<div class=\"elementor-widget-container\">\n\t\t\t\t\t\t\t\t\t\t\t\t\t\t\t<img decoding=\"async\" width=\"1024\" height=\"576\" src=\"https:\/\/www.oafifoundation.com\/wp-content\/uploads\/2023\/04\/talleres-nutricion-1024x576.jpg\" class=\"attachment-large size-large wp-image-29186\" alt=\"Talleres de nutrici\u00f3n\" srcset=\"https:\/\/www.oafifoundation.com\/wp-content\/uploads\/2023\/04\/talleres-nutricion-1024x576.jpg 1024w, https:\/\/www.oafifoundation.com\/wp-content\/uploads\/2023\/04\/talleres-nutricion-300x169.jpg 300w, https:\/\/www.oafifoundation.com\/wp-content\/uploads\/2023\/04\/talleres-nutricion-768x432.jpg 768w, https:\/\/www.oafifoundation.com\/wp-content\/uploads\/2023\/04\/talleres-nutricion-600x338.jpg 600w, https:\/\/www.oafifoundation.com\/wp-content\/uploads\/2023\/04\/talleres-nutricion.jpg 1200w\" sizes=\"(max-width: 1024px) 100vw, 1024px\" \/>\t\t\t\t\t\t\t\t\t\t\t\t\t\t\t<\/div>\n\t\t\t\t<\/div>\n\t\t\t\t\t<\/div>\n\t\t<\/div>\n\t\t\t\t\t<\/div>\n\t\t<\/section>\n\t\t\t\t\t<\/div>\n\t\t<\/div>\n\t\t\t\t\t<\/div>\n\t\t<\/section>\n\t\t\t\t<section class=\"has_eae_slider elementor-section elementor-top-section elementor-element elementor-element-1e84d8fe elementor-section-stretched elementor-section-boxed elementor-section-height-default elementor-section-height-default\" data-eae-slider=\"25580\" data-id=\"1e84d8fe\" data-element_type=\"section\" data-settings=\"{&quot;stretch_section&quot;:&quot;section-stretched&quot;,&quot;background_background&quot;:&quot;classic&quot;}\">\n\t\t\t\t\t\t<div class=\"elementor-container elementor-column-gap-default\">\n\t\t\t\t\t<div class=\"has_eae_slider elementor-column elementor-col-100 elementor-top-column elementor-element elementor-element-55c7735 elementor-invisible\" data-eae-slider=\"98428\" data-id=\"55c7735\" data-element_type=\"column\" data-settings=\"{&quot;animation&quot;:&quot;fadeIn&quot;}\">\n\t\t\t<div class=\"elementor-widget-wrap elementor-element-populated\">\n\t\t\t\t\t\t<div class=\"elementor-element elementor-element-2fe4d9a1 elementor-widget elementor-widget-heading\" data-id=\"2fe4d9a1\" data-element_type=\"widget\" data-widget_type=\"heading.default\">\n\t\t\t\t<div class=\"elementor-widget-container\">\n\t\t\t\t\t<span class=\"elementor-heading-title elementor-size-default\">Vols unir-te a les classes o rebre m\u00e9s informaci\u00f3 sobre els nostres tallers?<\/span>\t\t\t\t<\/div>\n\t\t\t\t<\/div>\n\t\t\t\t<div class=\"elementor-element elementor-element-f179d2 elementor-align-center elementor-widget elementor-widget-button\" data-id=\"f179d2\" data-element_type=\"widget\" data-widget_type=\"button.default\">\n\t\t\t\t<div class=\"elementor-widget-container\">\n\t\t\t\t\t\t\t\t\t<div class=\"elementor-button-wrapper\">\n\t\t\t\t\t<a class=\"elementor-button elementor-button-link elementor-size-sm\" href=\"mailto:info@oafifoundation.com\">\n\t\t\t\t\t\t<span class=\"elementor-button-content-wrapper\">\n\t\t\t\t\t\t<span class=\"elementor-button-icon\">\n\t\t\t\t<i aria-hidden=\"true\" class=\"far fa-envelope\"><\/i>\t\t\t<\/span>\n\t\t\t\t\t\t\t\t\t<span class=\"elementor-button-text\">Deixa'ns el teu missatge!<\/span>\n\t\t\t\t\t<\/span>\n\t\t\t\t\t<\/a>\n\t\t\t\t<\/div>\n\t\t\t\t\t\t\t\t<\/div>\n\t\t\t\t<\/div>\n\t\t\t\t\t<\/div>\n\t\t<\/div>\n\t\t\t\t\t<\/div>\n\t\t<\/section>\n\t\t\t\t<\/div>\n\t\t","protected":false},"excerpt":{"rendered":"<p>Tallers Des d&#8217;OAFI treballem per ajudar a millorar la qualitat de vida dels nostres pacients, oferint-los totes les eines possibles perqu\u00e8 puguin aprendre a conviure amb la malaltia. Descobreix els nostres tallers OAFI: Classes de Tai-txi a l&#8217;aire lliure L&#8217;activitat f\u00edsica \u00e9s una de les millors receptes per cuidar la nostra salut articular. Descobreix les [&hellip;]<\/p>\n","protected":false},"author":1,"featured_media":0,"parent":0,"menu_order":0,"comment_status":"closed","ping_status":"closed","template":"","meta":{"footnotes":""},"class_list":["post-31801","page","type-page","status-publish","hentry"],"_links":{"self":[{"href":"https:\/\/www.oafifoundation.com\/ca\/wp-json\/wp\/v2\/pages\/31801","targetHints":{"allow":["GET"]}}],"collection":[{"href":"https:\/\/www.oafifoundation.com\/ca\/wp-json\/wp\/v2\/pages"}],"about":[{"href":"https:\/\/www.oafifoundation.com\/ca\/wp-json\/wp\/v2\/types\/page"}],"author":[{"embeddable":true,"href":"https:\/\/www.oafifoundation.com\/ca\/wp-json\/wp\/v2\/users\/1"}],"replies":[{"embeddable":true,"href":"https:\/\/www.oafifoundation.com\/ca\/wp-json\/wp\/v2\/comments?post=31801"}],"version-history":[{"count":8,"href":"https:\/\/www.oafifoundation.com\/ca\/wp-json\/wp\/v2\/pages\/31801\/revisions"}],"predecessor-version":[{"id":32452,"href":"https:\/\/www.oafifoundation.com\/ca\/wp-json\/wp\/v2\/pages\/31801\/revisions\/32452"}],"wp:attachment":[{"href":"https:\/\/www.oafifoundation.com\/ca\/wp-json\/wp\/v2\/media?parent=31801"}],"curies":[{"name":"wp","href":"https:\/\/api.w.org\/{rel}","templated":true}]}}