{"id":31827,"date":"2023-01-10T17:35:39","date_gmt":"2023-01-10T16:35:39","guid":{"rendered":"https:\/\/www.oafifoundation.com\/transparencia\/"},"modified":"2025-11-18T15:49:25","modified_gmt":"2025-11-18T14:49:25","slug":"transparencia","status":"publish","type":"page","link":"https:\/\/www.oafifoundation.com\/ca\/transparencia\/","title":{"rendered":"Transpar\u00e8ncia"},"content":{"rendered":"\t\t<div data-elementor-type=\"wp-page\" data-elementor-id=\"31827\" class=\"elementor elementor-31827 elementor-4240\">\n\t\t\t\t\t\t<section class=\"has_eae_slider elementor-section elementor-top-section elementor-element elementor-element-6a15af8c elementor-section-stretched elementor-section-content-middle elementor-section-boxed elementor-section-height-default elementor-section-height-default\" data-eae-slider=\"18992\" data-id=\"6a15af8c\" data-element_type=\"section\" data-settings=\"{&quot;stretch_section&quot;:&quot;section-stretched&quot;,&quot;background_background&quot;:&quot;classic&quot;}\">\n\t\t\t\t\t\t\t<div class=\"elementor-background-overlay\"><\/div>\n\t\t\t\t\t\t\t<div class=\"elementor-container elementor-column-gap-default\">\n\t\t\t\t\t<div class=\"has_eae_slider elementor-column elementor-col-100 elementor-top-column elementor-element elementor-element-34ca0f38 elementor-invisible\" data-eae-slider=\"37675\" data-id=\"34ca0f38\" data-element_type=\"column\" data-settings=\"{&quot;animation&quot;:&quot;fadeIn&quot;}\">\n\t\t\t<div class=\"elementor-widget-wrap elementor-element-populated\">\n\t\t\t\t\t\t<div class=\"elementor-element elementor-element-6f33ca96 elementor-widget elementor-widget-heading\" data-id=\"6f33ca96\" data-element_type=\"widget\" data-widget_type=\"heading.default\">\n\t\t\t\t<div class=\"elementor-widget-container\">\n\t\t\t\t\t<h1 class=\"elementor-heading-title elementor-size-default\">Transpar\u00e8ncia<\/h1>\t\t\t\t<\/div>\n\t\t\t\t<\/div>\n\t\t\t\t\t<\/div>\n\t\t<\/div>\n\t\t\t\t\t<\/div>\n\t\t<\/section>\n\t\t\t\t<section class=\"has_eae_slider elementor-section elementor-top-section elementor-element elementor-element-a7eedfd elementor-section-stretched elementor-section-boxed elementor-section-height-default elementor-section-height-default\" data-eae-slider=\"7981\" data-id=\"a7eedfd\" data-element_type=\"section\" data-settings=\"{&quot;stretch_section&quot;:&quot;section-stretched&quot;}\">\n\t\t\t\t\t\t<div class=\"elementor-container elementor-column-gap-default\">\n\t\t\t\t\t<div class=\"has_eae_slider elementor-column elementor-col-100 elementor-top-column elementor-element elementor-element-0ebe245\" data-eae-slider=\"55235\" data-id=\"0ebe245\" data-element_type=\"column\">\n\t\t\t<div class=\"elementor-widget-wrap elementor-element-populated\">\n\t\t\t\t\t\t<div class=\"elementor-element elementor-element-6311cea elementor-widget elementor-widget-image\" data-id=\"6311cea\" data-element_type=\"widget\" data-widget_type=\"image.default\">\n\t\t\t\t<div class=\"elementor-widget-container\">\n\t\t\t\t\t\t\t\t\t\t\t\t\t\t\t<img decoding=\"async\" width=\"300\" height=\"87\" src=\"https:\/\/www.oafifoundation.com\/wp-content\/uploads\/2025\/01\/transparency-oafi-300x87.png\" class=\"attachment-medium size-medium wp-image-39200\" alt=\"\" srcset=\"https:\/\/www.oafifoundation.com\/wp-content\/uploads\/2025\/01\/transparency-oafi-300x87.png 300w, https:\/\/www.oafifoundation.com\/wp-content\/uploads\/2025\/01\/transparency-oafi-600x174.png 600w, https:\/\/www.oafifoundation.com\/wp-content\/uploads\/2025\/01\/transparency-oafi-350x100.png 350w, https:\/\/www.oafifoundation.com\/wp-content\/uploads\/2025\/01\/transparency-oafi.png 709w\" sizes=\"(max-width: 300px) 100vw, 300px\" \/>\t\t\t\t\t\t\t\t\t\t\t\t\t\t\t<\/div>\n\t\t\t\t<\/div>\n\t\t\t\t<div class=\"elementor-element elementor-element-e2a266c elementor-invisible elementor-widget elementor-widget-text-editor\" data-id=\"e2a266c\" data-element_type=\"widget\" data-settings=\"{&quot;_animation&quot;:&quot;fadeIn&quot;}\" data-widget_type=\"text-editor.default\">\n\t\t\t\t<div class=\"elementor-widget-container\">\n\t\t\t\t\t\t\t\t\t<p>La Fundaci\u00f3\u00a0<span class=\"hiddenSpellError\">OAFI<\/span>\u00a0\u00e9s una entitat sense \u00e0nim de lucre, privada i independent, constitu\u00efda per temps indefinit sota la denominaci\u00f3 de Fundaci\u00f3\u00a0<span class=\"hiddenSpellError\">Osteoarthritis<\/span>\u00a0<span class=\"hiddenSpellError\">Foundation<\/span>\u00a0<span class=\"hiddenSpellError\">International<\/span>\u00a0(<span class=\"hiddenSpellError\">OAFI<\/span>) en data 25 de febrer de 2016. Subjecta al Llibre Tercer del Codi Civil de Catalunya, est\u00e0 inscrita al Registre de Fundacions de la Generalitat de Catalunya amb el n\u00famero 2965.<\/p><p>La Fundaci\u00f3 est\u00e0 compresa en l\u2019establert al T\u00edtol III, Cap\u00edtol I, Article 16 de la Llei 49\/2002, de 23 de desembre, de r\u00e8gim fiscal de les entitats sense finalitats de lucre i dels incentius fiscals al mecenatge.<\/p><p>Durant l\u2019exercici 2017, els membres del patronat no han rebut cap mena de remuneraci\u00f3 per part de la Fundaci\u00f3\u00a0<span class=\"hiddenSpellError\">OAFI<\/span>\u00a0pel fet de ser patrons. Aix\u00ed mateix, tampoc han rebut cap mena de bestreta ni de cr\u00e8dit al llarg de l\u2019exercici.<\/p><p>Podeu consultar l\u2019\u00faltima Mem\u00f2ria, el Compte de Resultats i altres documents d&#8217;inter\u00e8s de la Fundaci\u00f3 aqu\u00ed:<\/p>\t\t\t\t\t\t\t\t<\/div>\n\t\t\t\t<\/div>\n\t\t\t\t\t<\/div>\n\t\t<\/div>\n\t\t\t\t\t<\/div>\n\t\t<\/section>\n\t\t\t\t<section class=\"has_eae_slider elementor-section elementor-top-section elementor-element elementor-element-fdf64fa elementor-section-boxed elementor-section-height-default elementor-section-height-default\" data-eae-slider=\"79135\" data-id=\"fdf64fa\" data-element_type=\"section\">\n\t\t\t\t\t\t<div class=\"elementor-container elementor-column-gap-default\">\n\t\t\t\t\t<div class=\"has_eae_slider elementor-column elementor-col-50 elementor-top-column elementor-element elementor-element-2f406ae\" data-eae-slider=\"26274\" data-id=\"2f406ae\" data-element_type=\"column\">\n\t\t\t<div class=\"elementor-widget-wrap elementor-element-populated\">\n\t\t\t\t\t\t<div class=\"elementor-element elementor-element-b9fe22f elementor-widget-divider--view-line elementor-widget elementor-widget-divider\" data-id=\"b9fe22f\" data-element_type=\"widget\" data-widget_type=\"divider.default\">\n\t\t\t\t<div class=\"elementor-widget-container\">\n\t\t\t\t\t\t\t<div class=\"elementor-divider\">\n\t\t\t<span class=\"elementor-divider-separator\">\n\t\t\t\t\t\t<\/span>\n\t\t<\/div>\n\t\t\t\t\t\t<\/div>\n\t\t\t\t<\/div>\n\t\t\t\t<div class=\"elementor-element elementor-element-ce82f9e elementor-widget elementor-widget-heading\" data-id=\"ce82f9e\" data-element_type=\"widget\" data-widget_type=\"heading.default\">\n\t\t\t\t<div class=\"elementor-widget-container\">\n\t\t\t\t\t<h2 class=\"elementor-heading-title elementor-size-default\"><a href=\"https:\/\/www.oafifoundation.com\/wp-content\/uploads\/2025\/11\/MEMORIA-GENCAT-2024_web.pdf\" target=\"_blank\">Mem\u00f2ria anual 2024<\/a><\/h2>\t\t\t\t<\/div>\n\t\t\t\t<\/div>\n\t\t\t\t<div class=\"elementor-element elementor-element-2d0779b elementor-widget-divider--view-line elementor-widget elementor-widget-divider\" data-id=\"2d0779b\" data-element_type=\"widget\" data-widget_type=\"divider.default\">\n\t\t\t\t<div class=\"elementor-widget-container\">\n\t\t\t\t\t\t\t<div class=\"elementor-divider\">\n\t\t\t<span class=\"elementor-divider-separator\">\n\t\t\t\t\t\t<\/span>\n\t\t<\/div>\n\t\t\t\t\t\t<\/div>\n\t\t\t\t<\/div>\n\t\t\t\t<div class=\"elementor-element elementor-element-6ec9ead elementor-widget elementor-widget-heading\" data-id=\"6ec9ead\" data-element_type=\"widget\" data-widget_type=\"heading.default\">\n\t\t\t\t<div class=\"elementor-widget-container\">\n\t\t\t\t\t<h2 class=\"elementor-heading-title elementor-size-default\"><a href=\"https:\/\/www.oafifoundation.com\/wp-content\/uploads\/2025\/11\/declaracion-ausencia-conflicto-interes-2024.pdf\" target=\"_blank\">Declaraci\u00f3 d'Abs\u00e8ncia de Conflicte d'Interessos 2024<\/a><\/h2>\t\t\t\t<\/div>\n\t\t\t\t<\/div>\n\t\t\t\t<div class=\"elementor-element elementor-element-dfab56f elementor-widget elementor-widget-text-editor\" data-id=\"dfab56f\" data-element_type=\"widget\" data-widget_type=\"text-editor.default\">\n\t\t\t\t<div class=\"elementor-widget-container\">\n\t\t\t\t\t\t\t\t\t<p><em>Idioma original del document: castell\u00e0<\/em><\/p>\t\t\t\t\t\t\t\t<\/div>\n\t\t\t\t<\/div>\n\t\t\t\t\t<\/div>\n\t\t<\/div>\n\t\t\t\t<div class=\"has_eae_slider elementor-column elementor-col-50 elementor-top-column elementor-element elementor-element-0c2237d\" data-eae-slider=\"79774\" data-id=\"0c2237d\" data-element_type=\"column\">\n\t\t\t<div class=\"elementor-widget-wrap elementor-element-populated\">\n\t\t\t\t\t\t<div class=\"elementor-element elementor-element-5fe28cb elementor-widget-divider--view-line elementor-widget elementor-widget-divider\" data-id=\"5fe28cb\" data-element_type=\"widget\" data-widget_type=\"divider.default\">\n\t\t\t\t<div class=\"elementor-widget-container\">\n\t\t\t\t\t\t\t<div class=\"elementor-divider\">\n\t\t\t<span class=\"elementor-divider-separator\">\n\t\t\t\t\t\t<\/span>\n\t\t<\/div>\n\t\t\t\t\t\t<\/div>\n\t\t\t\t<\/div>\n\t\t\t\t<div class=\"elementor-element elementor-element-77aec45 elementor-widget elementor-widget-heading\" data-id=\"77aec45\" data-element_type=\"widget\" data-widget_type=\"heading.default\">\n\t\t\t\t<div class=\"elementor-widget-container\">\n\t\t\t\t\t<h2 class=\"elementor-heading-title elementor-size-default\"><a href=\"https:\/\/www.oafifoundation.com\/wp-content\/uploads\/2025\/11\/cuentas-anuales-oafi-2024.pdf\" target=\"_blank\">Comptes anuals 2024<\/a><\/h2>\t\t\t\t<\/div>\n\t\t\t\t<\/div>\n\t\t\t\t<div class=\"elementor-element elementor-element-950f974 elementor-widget elementor-widget-text-editor\" data-id=\"950f974\" data-element_type=\"widget\" data-widget_type=\"text-editor.default\">\n\t\t\t\t<div class=\"elementor-widget-container\">\n\t\t\t\t\t\t\t\t\t<p><em>Idioma original del document: castell\u00e0<\/em><\/p>\t\t\t\t\t\t\t\t<\/div>\n\t\t\t\t<\/div>\n\t\t\t\t\t<\/div>\n\t\t<\/div>\n\t\t\t\t\t<\/div>\n\t\t<\/section>\n\t\t\t\t<section class=\"has_eae_slider elementor-section elementor-top-section elementor-element elementor-element-01e7be2 elementor-section-boxed elementor-section-height-default elementor-section-height-default\" data-eae-slider=\"32963\" data-id=\"01e7be2\" data-element_type=\"section\">\n\t\t\t\t\t\t<div class=\"elementor-container elementor-column-gap-default\">\n\t\t\t\t\t<div class=\"has_eae_slider elementor-column elementor-col-100 elementor-top-column elementor-element elementor-element-7d656b6\" data-eae-slider=\"95265\" data-id=\"7d656b6\" data-element_type=\"column\">\n\t\t\t<div class=\"elementor-widget-wrap elementor-element-populated\">\n\t\t\t\t\t\t<div class=\"elementor-element elementor-element-2a734d2 elementor-widget elementor-widget-spacer\" data-id=\"2a734d2\" data-element_type=\"widget\" data-widget_type=\"spacer.default\">\n\t\t\t\t<div class=\"elementor-widget-container\">\n\t\t\t\t\t\t\t<div class=\"elementor-spacer\">\n\t\t\t<div class=\"elementor-spacer-inner\"><\/div>\n\t\t<\/div>\n\t\t\t\t\t\t<\/div>\n\t\t\t\t<\/div>\n\t\t\t\t\t<\/div>\n\t\t<\/div>\n\t\t\t\t\t<\/div>\n\t\t<\/section>\n\t\t\t\t<section class=\"has_eae_slider elementor-section elementor-top-section elementor-element elementor-element-0339261 elementor-section-boxed elementor-section-height-default elementor-section-height-default\" data-eae-slider=\"29403\" data-id=\"0339261\" data-element_type=\"section\">\n\t\t\t\t\t\t<div class=\"elementor-container elementor-column-gap-default\">\n\t\t\t\t\t<div class=\"has_eae_slider elementor-column elementor-col-50 elementor-top-column elementor-element elementor-element-45dec4d\" data-eae-slider=\"30333\" data-id=\"45dec4d\" data-element_type=\"column\">\n\t\t\t<div class=\"elementor-widget-wrap elementor-element-populated\">\n\t\t\t\t\t\t<div class=\"elementor-element elementor-element-958251d elementor-widget-divider--view-line elementor-widget elementor-widget-divider\" data-id=\"958251d\" data-element_type=\"widget\" data-widget_type=\"divider.default\">\n\t\t\t\t<div class=\"elementor-widget-container\">\n\t\t\t\t\t\t\t<div class=\"elementor-divider\">\n\t\t\t<span class=\"elementor-divider-separator\">\n\t\t\t\t\t\t<\/span>\n\t\t<\/div>\n\t\t\t\t\t\t<\/div>\n\t\t\t\t<\/div>\n\t\t\t\t<div class=\"elementor-element elementor-element-32f553f elementor-widget elementor-widget-heading\" data-id=\"32f553f\" data-element_type=\"widget\" data-widget_type=\"heading.default\">\n\t\t\t\t<div class=\"elementor-widget-container\">\n\t\t\t\t\t<h2 class=\"elementor-heading-title elementor-size-default\"><a href=\"https:\/\/www.oafifoundation.com\/wp-content\/uploads\/2025\/11\/codigo-conducta-oafi.pdf\" target=\"_blank\">Codi de conducta<\/a><\/h2>\t\t\t\t<\/div>\n\t\t\t\t<\/div>\n\t\t\t\t<div class=\"elementor-element elementor-element-fb24b96 elementor-widget elementor-widget-text-editor\" data-id=\"fb24b96\" data-element_type=\"widget\" data-widget_type=\"text-editor.default\">\n\t\t\t\t<div class=\"elementor-widget-container\">\n\t\t\t\t\t\t\t\t\t<p><em>Idioma original del document: castell\u00e0<\/em><\/p>\t\t\t\t\t\t\t\t<\/div>\n\t\t\t\t<\/div>\n\t\t\t\t<div class=\"elementor-element elementor-element-ad4c940 elementor-widget-divider--view-line elementor-widget elementor-widget-divider\" data-id=\"ad4c940\" data-element_type=\"widget\" data-widget_type=\"divider.default\">\n\t\t\t\t<div class=\"elementor-widget-container\">\n\t\t\t\t\t\t\t<div class=\"elementor-divider\">\n\t\t\t<span class=\"elementor-divider-separator\">\n\t\t\t\t\t\t<\/span>\n\t\t<\/div>\n\t\t\t\t\t\t<\/div>\n\t\t\t\t<\/div>\n\t\t\t\t<div class=\"elementor-element elementor-element-ad819c0 elementor-widget elementor-widget-heading\" data-id=\"ad819c0\" data-element_type=\"widget\" data-widget_type=\"heading.default\">\n\t\t\t\t<div class=\"elementor-widget-container\">\n\t\t\t\t\t<h2 class=\"elementor-heading-title elementor-size-default\"><a href=\"https:\/\/www.oafifoundation.com\/wp-content\/uploads\/2025\/11\/codigo-principios-normas-eticas.pdf\" target=\"_blank\">Codi de principis i\nnormes \u00e8tiques<\/a><\/h2>\t\t\t\t<\/div>\n\t\t\t\t<\/div>\n\t\t\t\t<div class=\"elementor-element elementor-element-971c1d3 elementor-widget elementor-widget-text-editor\" data-id=\"971c1d3\" data-element_type=\"widget\" data-widget_type=\"text-editor.default\">\n\t\t\t\t<div class=\"elementor-widget-container\">\n\t\t\t\t\t\t\t\t\t<p><em>Idioma original del document: castell\u00e0<\/em><\/p>\t\t\t\t\t\t\t\t<\/div>\n\t\t\t\t<\/div>\n\t\t\t\t\t<\/div>\n\t\t<\/div>\n\t\t\t\t<div class=\"has_eae_slider elementor-column elementor-col-50 elementor-top-column elementor-element elementor-element-e44f6b1\" data-eae-slider=\"65748\" data-id=\"e44f6b1\" data-element_type=\"column\">\n\t\t\t<div class=\"elementor-widget-wrap elementor-element-populated\">\n\t\t\t\t\t\t<div class=\"elementor-element elementor-element-780def6 elementor-widget-divider--view-line elementor-widget elementor-widget-divider\" data-id=\"780def6\" data-element_type=\"widget\" data-widget_type=\"divider.default\">\n\t\t\t\t<div class=\"elementor-widget-container\">\n\t\t\t\t\t\t\t<div class=\"elementor-divider\">\n\t\t\t<span class=\"elementor-divider-separator\">\n\t\t\t\t\t\t<\/span>\n\t\t<\/div>\n\t\t\t\t\t\t<\/div>\n\t\t\t\t<\/div>\n\t\t\t\t<div class=\"elementor-element elementor-element-6d41fc8 elementor-widget elementor-widget-heading\" data-id=\"6d41fc8\" data-element_type=\"widget\" data-widget_type=\"heading.default\">\n\t\t\t\t<div class=\"elementor-widget-container\">\n\t\t\t\t\t<h2 class=\"elementor-heading-title elementor-size-default\"><a href=\"https:\/\/www.oafifoundation.com\/wp-content\/uploads\/2025\/11\/constitucion-estatutos-oafi.pdf\" target=\"_blank\">Constituci\u00f3 i estatuts OAFI<\/a><\/h2>\t\t\t\t<\/div>\n\t\t\t\t<\/div>\n\t\t\t\t\t<\/div>\n\t\t<\/div>\n\t\t\t\t\t<\/div>\n\t\t<\/section>\n\t\t\t\t<section class=\"has_eae_slider elementor-section elementor-top-section elementor-element elementor-element-491409c elementor-section-boxed elementor-section-height-default elementor-section-height-default\" data-eae-slider=\"63995\" data-id=\"491409c\" data-element_type=\"section\">\n\t\t\t\t\t\t<div class=\"elementor-container elementor-column-gap-default\">\n\t\t\t\t\t<div class=\"has_eae_slider elementor-column elementor-col-100 elementor-top-column elementor-element elementor-element-b701318\" data-eae-slider=\"38852\" data-id=\"b701318\" data-element_type=\"column\">\n\t\t\t<div class=\"elementor-widget-wrap elementor-element-populated\">\n\t\t\t\t\t\t<div class=\"elementor-element elementor-element-57b00cb elementor-widget elementor-widget-spacer\" data-id=\"57b00cb\" data-element_type=\"widget\" data-widget_type=\"spacer.default\">\n\t\t\t\t<div class=\"elementor-widget-container\">\n\t\t\t\t\t\t\t<div class=\"elementor-spacer\">\n\t\t\t<div class=\"elementor-spacer-inner\"><\/div>\n\t\t<\/div>\n\t\t\t\t\t\t<\/div>\n\t\t\t\t<\/div>\n\t\t\t\t\t<\/div>\n\t\t<\/div>\n\t\t\t\t\t<\/div>\n\t\t<\/section>\n\t\t\t\t<\/div>\n\t\t","protected":false},"excerpt":{"rendered":"<p>Transpar\u00e8ncia La Fundaci\u00f3\u00a0OAFI\u00a0\u00e9s una entitat sense \u00e0nim de lucre, privada i independent, constitu\u00efda per temps indefinit sota la denominaci\u00f3 de Fundaci\u00f3\u00a0Osteoarthritis\u00a0Foundation\u00a0International\u00a0(OAFI) en data 25 de febrer de 2016. Subjecta al Llibre Tercer del Codi Civil de Catalunya, est\u00e0 inscrita al Registre de Fundacions de la Generalitat de Catalunya amb el n\u00famero 2965. La Fundaci\u00f3 est\u00e0 [&hellip;]<\/p>\n","protected":false},"author":1,"featured_media":0,"parent":0,"menu_order":0,"comment_status":"closed","ping_status":"closed","template":"","meta":{"footnotes":""},"class_list":["post-31827","page","type-page","status-publish","hentry"],"_links":{"self":[{"href":"https:\/\/www.oafifoundation.com\/ca\/wp-json\/wp\/v2\/pages\/31827","targetHints":{"allow":["GET"]}}],"collection":[{"href":"https:\/\/www.oafifoundation.com\/ca\/wp-json\/wp\/v2\/pages"}],"about":[{"href":"https:\/\/www.oafifoundation.com\/ca\/wp-json\/wp\/v2\/types\/page"}],"author":[{"embeddable":true,"href":"https:\/\/www.oafifoundation.com\/ca\/wp-json\/wp\/v2\/users\/1"}],"replies":[{"embeddable":true,"href":"https:\/\/www.oafifoundation.com\/ca\/wp-json\/wp\/v2\/comments?post=31827"}],"version-history":[{"count":61,"href":"https:\/\/www.oafifoundation.com\/ca\/wp-json\/wp\/v2\/pages\/31827\/revisions"}],"predecessor-version":[{"id":42421,"href":"https:\/\/www.oafifoundation.com\/ca\/wp-json\/wp\/v2\/pages\/31827\/revisions\/42421"}],"wp:attachment":[{"href":"https:\/\/www.oafifoundation.com\/ca\/wp-json\/wp\/v2\/media?parent=31827"}],"curies":[{"name":"wp","href":"https:\/\/api.w.org\/{rel}","templated":true}]}}