{"id":41979,"date":"2025-06-13T07:50:04","date_gmt":"2025-06-13T05:50:04","guid":{"rendered":"https:\/\/www.oafifoundation.com\/deporte-osteoporosis\/"},"modified":"2025-10-31T19:17:12","modified_gmt":"2025-10-31T18:17:12","slug":"esport-osteoporosi","status":"publish","type":"page","link":"https:\/\/www.oafifoundation.com\/ca\/esport-osteoporosi\/","title":{"rendered":"Esport i osteoporosi"},"content":{"rendered":"\t\t<div data-elementor-type=\"wp-page\" data-elementor-id=\"41979\" class=\"elementor elementor-41979 elementor-40872\">\n\t\t\t\t\t\t<section class=\"has_eae_slider elementor-section elementor-top-section elementor-element elementor-element-6a15af8c elementor-section-stretched elementor-section-content-middle elementor-section-boxed elementor-section-height-default elementor-section-height-default\" data-eae-slider=\"33154\" data-id=\"6a15af8c\" data-element_type=\"section\" data-settings=\"{&quot;stretch_section&quot;:&quot;section-stretched&quot;,&quot;background_background&quot;:&quot;classic&quot;}\">\n\t\t\t\t\t\t\t<div class=\"elementor-background-overlay\"><\/div>\n\t\t\t\t\t\t\t<div class=\"elementor-container elementor-column-gap-default\">\n\t\t\t\t\t<div class=\"has_eae_slider elementor-column elementor-col-100 elementor-top-column elementor-element elementor-element-34ca0f38 elementor-invisible\" data-eae-slider=\"32358\" data-id=\"34ca0f38\" data-element_type=\"column\" data-settings=\"{&quot;animation&quot;:&quot;fadeIn&quot;}\">\n\t\t\t<div class=\"elementor-widget-wrap elementor-element-populated\">\n\t\t\t\t\t\t<div class=\"elementor-element elementor-element-6f33ca96 elementor-widget elementor-widget-heading\" data-id=\"6f33ca96\" data-element_type=\"widget\" data-widget_type=\"heading.default\">\n\t\t\t\t<div class=\"elementor-widget-container\">\n\t\t\t\t\t<h1 class=\"elementor-heading-title elementor-size-default\">Esport i osteoporosi<\/h1>\t\t\t\t<\/div>\n\t\t\t\t<\/div>\n\t\t\t\t\t<\/div>\n\t\t<\/div>\n\t\t\t\t\t<\/div>\n\t\t<\/section>\n\t\t\t\t<section class=\"has_eae_slider elementor-section elementor-top-section elementor-element elementor-element-32a64f3 elementor-section-content-middle elementor-section-stretched elementor-section-boxed elementor-section-height-default elementor-section-height-default\" data-eae-slider=\"53245\" data-id=\"32a64f3\" data-element_type=\"section\" data-settings=\"{&quot;stretch_section&quot;:&quot;section-stretched&quot;,&quot;background_background&quot;:&quot;classic&quot;}\">\n\t\t\t\t\t\t<div class=\"elementor-container elementor-column-gap-default\">\n\t\t\t\t\t<div class=\"has_eae_slider elementor-column elementor-col-100 elementor-top-column elementor-element elementor-element-4711245\" data-eae-slider=\"21083\" data-id=\"4711245\" data-element_type=\"column\" data-settings=\"{&quot;background_background&quot;:&quot;classic&quot;}\">\n\t\t\t<div class=\"elementor-widget-wrap elementor-element-populated\">\n\t\t\t\t\t\t<div class=\"elementor-element elementor-element-0e89c16 elementor-widget elementor-widget-heading\" data-id=\"0e89c16\" data-element_type=\"widget\" data-widget_type=\"heading.default\">\n\t\t\t\t<div class=\"elementor-widget-container\">\n\t\t\t\t\t<h2 class=\"elementor-heading-title elementor-size-default\">Esport i salut articular<\/h2>\t\t\t\t<\/div>\n\t\t\t\t<\/div>\n\t\t\t\t<div class=\"elementor-element elementor-element-969dc71 elementor-widget elementor-widget-text-editor\" data-id=\"969dc71\" data-element_type=\"widget\" data-widget_type=\"text-editor.default\">\n\t\t\t\t<div class=\"elementor-widget-container\">\n\t\t\t\t\t\t\t\t\t<p>La pr\u00e0ctica regular dexercici f\u00edsic t\u00e9 m\u00faltiples beneficis per a la salut. El moviment enforteix els m\u00fasculs, millora la coordinaci\u00f3 i afavoreix la densitat \u00f2ssia, contribuint aix\u00ed a la prevenci\u00f3 de malalties osteoarticulars. Tot i aix\u00f2, quan l&#8217;entrenament es torna excessiu o no s&#8217;acompanya d&#8217;una nutrici\u00f3 adequada, especialment en dones joves, pot comprometre la salut articular, hormonal i \u00f2ssia.<\/p>\t\t\t\t\t\t\t\t<\/div>\n\t\t\t\t<\/div>\n\t\t\t\t<section class=\"has_eae_slider elementor-section elementor-inner-section elementor-element elementor-element-5ad2614 elementor-section-boxed elementor-section-height-default elementor-section-height-default\" data-eae-slider=\"14562\" data-id=\"5ad2614\" data-element_type=\"section\">\n\t\t\t\t\t\t<div class=\"elementor-container elementor-column-gap-default\">\n\t\t\t\t\t<div class=\"has_eae_slider elementor-column elementor-col-100 elementor-inner-column elementor-element elementor-element-e190d2a\" data-eae-slider=\"78901\" data-id=\"e190d2a\" data-element_type=\"column\" data-settings=\"{&quot;background_background&quot;:&quot;classic&quot;}\">\n\t\t\t<div class=\"elementor-widget-wrap elementor-element-populated\">\n\t\t\t\t\t\t<div class=\"elementor-element elementor-element-3851732 elementor-widget elementor-widget-heading\" data-id=\"3851732\" data-element_type=\"widget\" data-widget_type=\"heading.default\">\n\t\t\t\t<div class=\"elementor-widget-container\">\n\t\t\t\t\t<p class=\"elementor-heading-title elementor-size-default\">Una de les s\u00edndromes m\u00e9s rellevants en aquest context \u00e9s la <strong>Triada de l'Atleta Femenina<\/strong>, una condici\u00f3 que posa en risc la salut de l'esportista i pot tenir conseq\u00fc\u00e8ncies greus si no s'identifica i es tracta a temps.<\/p>\t\t\t\t<\/div>\n\t\t\t\t<\/div>\n\t\t\t\t\t<\/div>\n\t\t<\/div>\n\t\t\t\t\t<\/div>\n\t\t<\/section>\n\t\t\t\t\t<\/div>\n\t\t<\/div>\n\t\t\t\t\t<\/div>\n\t\t<\/section>\n\t\t\t\t<section class=\"has_eae_slider elementor-section elementor-top-section elementor-element elementor-element-984b631 elementor-section-content-middle elementor-section-stretched elementor-section-boxed elementor-section-height-default elementor-section-height-default\" data-eae-slider=\"94465\" data-id=\"984b631\" data-element_type=\"section\" data-settings=\"{&quot;stretch_section&quot;:&quot;section-stretched&quot;,&quot;background_background&quot;:&quot;classic&quot;}\">\n\t\t\t\t\t\t<div class=\"elementor-container elementor-column-gap-default\">\n\t\t\t\t\t<div class=\"has_eae_slider elementor-column elementor-col-100 elementor-top-column elementor-element elementor-element-106fbc0\" data-eae-slider=\"69986\" data-id=\"106fbc0\" data-element_type=\"column\" data-settings=\"{&quot;background_background&quot;:&quot;classic&quot;}\">\n\t\t\t<div class=\"elementor-widget-wrap elementor-element-populated\">\n\t\t\t\t\t\t<div class=\"elementor-element elementor-element-693df54 elementor-widget elementor-widget-heading\" data-id=\"693df54\" data-element_type=\"widget\" data-widget_type=\"heading.default\">\n\t\t\t\t<div class=\"elementor-widget-container\">\n\t\t\t\t\t<h2 class=\"elementor-heading-title elementor-size-default\">Qu\u00e8 \u00e9s la Triada de l'Atleta Femenina?<\/h2>\t\t\t\t<\/div>\n\t\t\t\t<\/div>\n\t\t\t\t<div class=\"elementor-element elementor-element-ca6a5fb elementor-widget elementor-widget-image\" data-id=\"ca6a5fb\" data-element_type=\"widget\" data-widget_type=\"image.default\">\n\t\t\t\t<div class=\"elementor-widget-container\">\n\t\t\t\t\t\t\t\t\t\t\t\t\t\t\t<img fetchpriority=\"high\" decoding=\"async\" width=\"775\" height=\"611\" src=\"https:\/\/www.oafifoundation.com\/wp-content\/uploads\/2025\/06\/triada-atleta-esp.png\" class=\"attachment-large size-large wp-image-40878\" alt=\"Tr\u00edada de la Atleta Femenina\" srcset=\"https:\/\/www.oafifoundation.com\/wp-content\/uploads\/2025\/06\/triada-atleta-esp.png 775w, https:\/\/www.oafifoundation.com\/wp-content\/uploads\/2025\/06\/triada-atleta-esp-300x237.png 300w, https:\/\/www.oafifoundation.com\/wp-content\/uploads\/2025\/06\/triada-atleta-esp-768x605.png 768w\" sizes=\"(max-width: 775px) 100vw, 775px\" \/>\t\t\t\t\t\t\t\t\t\t\t\t\t\t\t<\/div>\n\t\t\t\t<\/div>\n\t\t\t\t<div class=\"elementor-element elementor-element-3c17c05 elementor-widget elementor-widget-text-editor\" data-id=\"3c17c05\" data-element_type=\"widget\" data-widget_type=\"text-editor.default\">\n\t\t\t\t<div class=\"elementor-widget-container\">\n\t\t\t\t\t\t\t\t\t<p>La <strong>Triada de l&#8217;Atleta Femenina<\/strong> \u00e9s una s\u00edndrome m\u00e8dica que afecta principalment dones que practiquen esports on s&#8217;emfatitza la primesa o l&#8217;alt rendiment f\u00edsic, com ara la gimn\u00e0stica art\u00edstica, l&#8217;atletisme de fons o la dansa, entre d&#8217;altres.<\/p><p>Aquesta s\u00edndrome es caracteritza per la interacci\u00f3 de <strong>tres components principals<\/strong>:<\/p>\t\t\t\t\t\t\t\t<\/div>\n\t\t\t\t<\/div>\n\t\t\t\t<section class=\"has_eae_slider elementor-section elementor-inner-section elementor-element elementor-element-b7b7c53 elementor-section-boxed elementor-section-height-default elementor-section-height-default\" data-eae-slider=\"94332\" data-id=\"b7b7c53\" data-element_type=\"section\">\n\t\t\t\t\t\t<div class=\"elementor-container elementor-column-gap-default\">\n\t\t\t\t\t<div class=\"has_eae_slider elementor-column elementor-col-33 elementor-inner-column elementor-element elementor-element-1c39f1f\" data-eae-slider=\"48787\" data-id=\"1c39f1f\" data-element_type=\"column\">\n\t\t\t<div class=\"elementor-widget-wrap elementor-element-populated\">\n\t\t\t\t\t\t<div class=\"elementor-element elementor-element-becbec5 elementor-widget elementor-widget-heading\" data-id=\"becbec5\" data-element_type=\"widget\" data-widget_type=\"heading.default\">\n\t\t\t\t<div class=\"elementor-widget-container\">\n\t\t\t\t\t<p class=\"elementor-heading-title elementor-size-default\">1<\/p>\t\t\t\t<\/div>\n\t\t\t\t<\/div>\n\t\t\t\t<div class=\"elementor-element elementor-element-8a5d041 elementor-widget elementor-widget-text-editor\" data-id=\"8a5d041\" data-element_type=\"widget\" data-widget_type=\"text-editor.default\">\n\t\t\t\t<div class=\"elementor-widget-container\">\n\t\t\t\t\t\t\t\t\t<p><strong>D\u00e8ficit energ\u00e8tic i nutricional<br \/><\/strong>Es produeix quan la ingesta cal\u00f2rica no cobreix la despesa energ\u00e8tica de l&#8217;entrenament. Pot ser degut a dietes extremes, mal balancejades o fins i tot a trastorns de la conducta aliment\u00e0ria com l&#8217;anor\u00e8xia o la bul\u00edmia. Tamb\u00e9 hi influeix la pressi\u00f3 per mantenir un baix pes corporal.<\/p>\t\t\t\t\t\t\t\t<\/div>\n\t\t\t\t<\/div>\n\t\t\t\t\t<\/div>\n\t\t<\/div>\n\t\t\t\t<div class=\"has_eae_slider elementor-column elementor-col-33 elementor-inner-column elementor-element elementor-element-8b13186\" data-eae-slider=\"99688\" data-id=\"8b13186\" data-element_type=\"column\">\n\t\t\t<div class=\"elementor-widget-wrap elementor-element-populated\">\n\t\t\t\t\t\t<div class=\"elementor-element elementor-element-beaeb4c elementor-widget elementor-widget-heading\" data-id=\"beaeb4c\" data-element_type=\"widget\" data-widget_type=\"heading.default\">\n\t\t\t\t<div class=\"elementor-widget-container\">\n\t\t\t\t\t<p class=\"elementor-heading-title elementor-size-default\">2<\/p>\t\t\t\t<\/div>\n\t\t\t\t<\/div>\n\t\t\t\t<div class=\"elementor-element elementor-element-516474c elementor-widget elementor-widget-text-editor\" data-id=\"516474c\" data-element_type=\"widget\" data-widget_type=\"text-editor.default\">\n\t\t\t\t<div class=\"elementor-widget-container\">\n\t\t\t\t\t\t\t\t\t<p><strong>Alteracions menstruals<\/strong><br \/>La manca de nutrients, combinada amb exercici intens i estr\u00e8s, altera lequilibri hormonal. Aix\u00f2 pot provocar menstruacions irregulars o fins i tot l&#8217;abs\u00e8ncia total del cicle (amenorrea).<\/p>\t\t\t\t\t\t\t\t<\/div>\n\t\t\t\t<\/div>\n\t\t\t\t\t<\/div>\n\t\t<\/div>\n\t\t\t\t<div class=\"has_eae_slider elementor-column elementor-col-33 elementor-inner-column elementor-element elementor-element-80432fd\" data-eae-slider=\"39112\" data-id=\"80432fd\" data-element_type=\"column\">\n\t\t\t<div class=\"elementor-widget-wrap elementor-element-populated\">\n\t\t\t\t\t\t<div class=\"elementor-element elementor-element-b0b7481 elementor-widget elementor-widget-heading\" data-id=\"b0b7481\" data-element_type=\"widget\" data-widget_type=\"heading.default\">\n\t\t\t\t<div class=\"elementor-widget-container\">\n\t\t\t\t\t<p class=\"elementor-heading-title elementor-size-default\">3<\/p>\t\t\t\t<\/div>\n\t\t\t\t<\/div>\n\t\t\t\t<div class=\"elementor-element elementor-element-14a7bc4 elementor-widget elementor-widget-text-editor\" data-id=\"14a7bc4\" data-element_type=\"widget\" data-widget_type=\"text-editor.default\">\n\t\t\t\t<div class=\"elementor-widget-container\">\n\t\t\t\t\t\t\t\t\t<p><strong>Baixa densitat \u00f2ssia<\/strong><br \/>Les alteracions hormonals i la mala nutrici\u00f3 afecten negativament la salut \u00f2ssia, augmentant el risc d&#8217;osteop\u00e8nia i fins i tot osteoporosi, amb m\u00e9s susceptibilitat a fractures per estr\u00e8s.<\/p>\t\t\t\t\t\t\t\t<\/div>\n\t\t\t\t<\/div>\n\t\t\t\t\t<\/div>\n\t\t<\/div>\n\t\t\t\t\t<\/div>\n\t\t<\/section>\n\t\t\t\t\t<\/div>\n\t\t<\/div>\n\t\t\t\t\t<\/div>\n\t\t<\/section>\n\t\t\t\t<section class=\"has_eae_slider elementor-section elementor-top-section elementor-element elementor-element-5a0ece4 elementor-section-content-middle elementor-section-stretched elementor-section-boxed elementor-section-height-default elementor-section-height-default\" data-eae-slider=\"36564\" data-id=\"5a0ece4\" data-element_type=\"section\" data-settings=\"{&quot;stretch_section&quot;:&quot;section-stretched&quot;,&quot;background_background&quot;:&quot;classic&quot;}\">\n\t\t\t\t\t\t<div class=\"elementor-container elementor-column-gap-default\">\n\t\t\t\t\t<div class=\"has_eae_slider elementor-column elementor-col-100 elementor-top-column elementor-element elementor-element-07ce903\" data-eae-slider=\"72325\" data-id=\"07ce903\" data-element_type=\"column\" data-settings=\"{&quot;background_background&quot;:&quot;classic&quot;}\">\n\t\t\t<div class=\"elementor-widget-wrap elementor-element-populated\">\n\t\t\t\t\t\t<section class=\"has_eae_slider elementor-section elementor-inner-section elementor-element elementor-element-d0de571 elementor-section-height-min-height elementor-section-content-middle elementor-section-boxed elementor-section-height-default\" data-eae-slider=\"82950\" data-id=\"d0de571\" data-element_type=\"section\">\n\t\t\t\t\t\t<div class=\"elementor-container elementor-column-gap-default\">\n\t\t\t\t\t<div class=\"has_eae_slider elementor-column elementor-col-50 elementor-inner-column elementor-element elementor-element-50f6170 elementor-invisible\" data-eae-slider=\"32734\" data-id=\"50f6170\" data-element_type=\"column\" data-settings=\"{&quot;background_background&quot;:&quot;classic&quot;,&quot;animation&quot;:&quot;fadeInLeft&quot;}\">\n\t\t\t<div class=\"elementor-widget-wrap elementor-element-populated\">\n\t\t\t\t\t\t<div class=\"elementor-element elementor-element-4c789b9 elementor-widget elementor-widget-heading\" data-id=\"4c789b9\" data-element_type=\"widget\" data-widget_type=\"heading.default\">\n\t\t\t\t<div class=\"elementor-widget-container\">\n\t\t\t\t\t<h2 class=\"elementor-heading-title elementor-size-default\">Simptomatologia<\/h2>\t\t\t\t<\/div>\n\t\t\t\t<\/div>\n\t\t\t\t<div class=\"elementor-element elementor-element-a9f3c16 elementor-widget elementor-widget-text-editor\" data-id=\"a9f3c16\" data-element_type=\"widget\" data-widget_type=\"text-editor.default\">\n\t\t\t\t<div class=\"elementor-widget-container\">\n\t\t\t\t\t\t\t\t\t<p>Aquesta s\u00edndrome sol evolucionar de forma silent fins que apareixen conseq\u00fc\u00e8ncies f\u00edsiques i funcionals. Alguns signes d&#8217;alerta poden ser:<\/p><ul><li>Fractures per estr\u00e8s (especialment en peus, maluc, turmells o genolls)<\/li><li>Lesions lligament\u00e0ries (com del <strong>lligament creuat anterior \u2013 LCA<\/strong>) i <strong>fascitis<\/strong><\/li><li>Dolor persistent a les extremitats, els bunions o la zona p\u00e8lvica<\/li><li>Disfuncions a terra p\u00e8lvic (com dolor a la zona genital o dificultat per retenir l&#8217;orina)<\/li><li>Desequilibris hormonals cr\u00f2nics, que poden derivar en <strong>infertilitat<\/strong><\/li><li>A mitj\u00e0 i llarg termini, impacte negatiu en el rendiment esportiu i la salut general<\/li><\/ul><p>En cas de sospita, recordeu consultar sempre amb el vostre metge.<\/p>\t\t\t\t\t\t\t\t<\/div>\n\t\t\t\t<\/div>\n\t\t\t\t\t<\/div>\n\t\t<\/div>\n\t\t\t\t<div class=\"has_eae_slider elementor-column elementor-col-50 elementor-inner-column elementor-element elementor-element-59c6cf7 elementor-invisible\" data-eae-slider=\"9413\" data-id=\"59c6cf7\" data-element_type=\"column\" data-settings=\"{&quot;background_background&quot;:&quot;classic&quot;,&quot;animation&quot;:&quot;fadeInRight&quot;}\">\n\t\t\t<div class=\"elementor-widget-wrap elementor-element-populated\">\n\t\t\t\t\t\t<div class=\"elementor-element elementor-element-bbe70c9 elementor-widget elementor-widget-spacer\" data-id=\"bbe70c9\" data-element_type=\"widget\" data-widget_type=\"spacer.default\">\n\t\t\t\t<div class=\"elementor-widget-container\">\n\t\t\t\t\t\t\t<div class=\"elementor-spacer\">\n\t\t\t<div class=\"elementor-spacer-inner\"><\/div>\n\t\t<\/div>\n\t\t\t\t\t\t<\/div>\n\t\t\t\t<\/div>\n\t\t\t\t\t<\/div>\n\t\t<\/div>\n\t\t\t\t\t<\/div>\n\t\t<\/section>\n\t\t\t\t<section class=\"has_eae_slider elementor-section elementor-inner-section elementor-element elementor-element-9635fae elementor-section-height-min-height elementor-section-content-middle elementor-section-boxed elementor-section-height-default\" data-eae-slider=\"34505\" data-id=\"9635fae\" data-element_type=\"section\">\n\t\t\t\t\t\t<div class=\"elementor-container elementor-column-gap-default\">\n\t\t\t\t\t<div class=\"has_eae_slider elementor-column elementor-col-50 elementor-inner-column elementor-element elementor-element-ecdc818 elementor-invisible\" data-eae-slider=\"961\" data-id=\"ecdc818\" data-element_type=\"column\" data-settings=\"{&quot;background_background&quot;:&quot;classic&quot;,&quot;animation&quot;:&quot;fadeInLeft&quot;,&quot;animation_delay&quot;:200}\">\n\t\t\t<div class=\"elementor-widget-wrap elementor-element-populated\">\n\t\t\t\t\t\t<div class=\"elementor-element elementor-element-4039f67 elementor-widget elementor-widget-spacer\" data-id=\"4039f67\" data-element_type=\"widget\" data-widget_type=\"spacer.default\">\n\t\t\t\t<div class=\"elementor-widget-container\">\n\t\t\t\t\t\t\t<div class=\"elementor-spacer\">\n\t\t\t<div class=\"elementor-spacer-inner\"><\/div>\n\t\t<\/div>\n\t\t\t\t\t\t<\/div>\n\t\t\t\t<\/div>\n\t\t\t\t\t<\/div>\n\t\t<\/div>\n\t\t\t\t<div class=\"has_eae_slider elementor-column elementor-col-50 elementor-inner-column elementor-element elementor-element-15fa6b7 elementor-invisible\" data-eae-slider=\"20643\" data-id=\"15fa6b7\" data-element_type=\"column\" data-settings=\"{&quot;background_background&quot;:&quot;classic&quot;,&quot;animation&quot;:&quot;fadeInRight&quot;,&quot;animation_delay&quot;:200}\">\n\t\t\t<div class=\"elementor-widget-wrap elementor-element-populated\">\n\t\t\t\t\t\t<div class=\"elementor-element elementor-element-2fa0b8f elementor-widget elementor-widget-heading\" data-id=\"2fa0b8f\" data-element_type=\"widget\" data-widget_type=\"heading.default\">\n\t\t\t\t<div class=\"elementor-widget-container\">\n\t\t\t\t\t<h2 class=\"elementor-heading-title elementor-size-default\">Tractament i prevenci\u00f3<\/h2>\t\t\t\t<\/div>\n\t\t\t\t<\/div>\n\t\t\t\t<div class=\"elementor-element elementor-element-13a3745 elementor-widget elementor-widget-text-editor\" data-id=\"13a3745\" data-element_type=\"widget\" data-widget_type=\"text-editor.default\">\n\t\t\t\t<div class=\"elementor-widget-container\">\n\t\t\t\t\t\t\t\t\t<p>L&#8217;abordatge ha de ser <strong>multidisciplinari<\/strong>, incloent-hi atenci\u00f3 m\u00e8dica, nutricional i psicol\u00f2gica.<\/p><p>La <strong>prevenci\u00f3 i l&#8217;educaci\u00f3<\/strong> s\u00f3n claus per evitar el desenvolupament de la Tr\u00edada i promoure una pr\u00e0ctica esportiva saludable. Algunes recomanacions:<\/p><ul><li>Fomentar una alimentaci\u00f3 equilibrada i adequada al nivell dactivitat f\u00edsica<\/li><li>Moderar la pressi\u00f3 competitiva i fomentar un enfocament saludable de l\u02bbesport<\/li><li>Amplieu els vincles socials m\u00e9s enll\u00e0 de l&#8217;entorn esportiu<\/li><li>Evitar entrenar en condicions f\u00edsiques inadequades (lesi\u00f3, malaltia o fatiga extrema)<\/li><\/ul>\t\t\t\t\t\t\t\t<\/div>\n\t\t\t\t<\/div>\n\t\t\t\t\t<\/div>\n\t\t<\/div>\n\t\t\t\t\t<\/div>\n\t\t<\/section>\n\t\t\t\t\t<\/div>\n\t\t<\/div>\n\t\t\t\t\t<\/div>\n\t\t<\/section>\n\t\t\t\t<section class=\"has_eae_slider elementor-section elementor-top-section elementor-element elementor-element-9c0a22e elementor-section-stretched elementor-section-boxed elementor-section-height-default elementor-section-height-default\" data-eae-slider=\"73400\" data-id=\"9c0a22e\" data-element_type=\"section\" data-settings=\"{&quot;stretch_section&quot;:&quot;section-stretched&quot;,&quot;background_background&quot;:&quot;classic&quot;}\">\n\t\t\t\t\t\t<div class=\"elementor-container elementor-column-gap-default\">\n\t\t\t\t\t<div class=\"has_eae_slider elementor-column elementor-col-50 elementor-top-column elementor-element elementor-element-f528570 elementor-invisible\" data-eae-slider=\"75412\" data-id=\"f528570\" data-element_type=\"column\" data-settings=\"{&quot;animation&quot;:&quot;fadeInLeft&quot;}\">\n\t\t\t<div class=\"elementor-widget-wrap elementor-element-populated\">\n\t\t\t\t\t\t<div class=\"elementor-element elementor-element-6e901e0 elementor-widget elementor-widget-heading\" data-id=\"6e901e0\" data-element_type=\"widget\" data-widget_type=\"heading.default\">\n\t\t\t\t<div class=\"elementor-widget-container\">\n\t\t\t\t\t<p class=\"elementor-heading-title elementor-size-default\">#OAFIRADIO | ELS CARBOHIDRATS PER QU\u00c8 ELS TENIM POR? NUTRICI\u00d3 ESPORTIVA I DONA<\/p>\t\t\t\t<\/div>\n\t\t\t\t<\/div>\n\t\t\t\t<div class=\"elementor-element elementor-element-f69df5b elementor-widget elementor-widget-video\" data-id=\"f69df5b\" data-element_type=\"widget\" data-settings=\"{&quot;youtube_url&quot;:&quot;https:\\\/\\\/youtu.be\\\/jiezoZ9VZYI&quot;,&quot;yt_privacy&quot;:&quot;yes&quot;,&quot;show_image_overlay&quot;:&quot;yes&quot;,&quot;image_overlay&quot;:{&quot;url&quot;:&quot;&quot;,&quot;id&quot;:&quot;&quot;,&quot;size&quot;:&quot;&quot;,&quot;alt&quot;:&quot;El dolor ni se pesa ni se mide&quot;,&quot;source&quot;:&quot;library&quot;},&quot;video_type&quot;:&quot;youtube&quot;,&quot;controls&quot;:&quot;yes&quot;}\" data-widget_type=\"video.default\">\n\t\t\t\t<div class=\"elementor-widget-container\">\n\t\t\t\t\t\t\t<div class=\"elementor-wrapper elementor-open-inline\">\n\t\t\t<div class=\"elementor-video\"><\/div>\t\t<\/div>\n\t\t\t\t\t\t<\/div>\n\t\t\t\t<\/div>\n\t\t\t\t\t<\/div>\n\t\t<\/div>\n\t\t\t\t<div class=\"has_eae_slider elementor-column elementor-col-50 elementor-top-column elementor-element elementor-element-9feee98 elementor-invisible\" data-eae-slider=\"97336\" data-id=\"9feee98\" data-element_type=\"column\" data-settings=\"{&quot;animation&quot;:&quot;fadeInRight&quot;}\">\n\t\t\t<div class=\"elementor-widget-wrap elementor-element-populated\">\n\t\t\t\t\t\t<div class=\"elementor-element elementor-element-fac05df elementor-widget elementor-widget-heading\" data-id=\"fac05df\" data-element_type=\"widget\" data-widget_type=\"heading.default\">\n\t\t\t\t<div class=\"elementor-widget-container\">\n\t\t\t\t\t<p class=\"elementor-heading-title elementor-size-default\">#ARTICULANDO25 | TRIADA DE L'ATLETA:<br>COM EVITAR LES FRACTURES?<\/p>\t\t\t\t<\/div>\n\t\t\t\t<\/div>\n\t\t\t\t<div class=\"elementor-element elementor-element-ab8620f elementor-widget elementor-widget-video\" data-id=\"ab8620f\" data-element_type=\"widget\" data-settings=\"{&quot;youtube_url&quot;:&quot;https:\\\/\\\/youtu.be\\\/zqMU7utsQx0&quot;,&quot;yt_privacy&quot;:&quot;yes&quot;,&quot;show_image_overlay&quot;:&quot;yes&quot;,&quot;image_overlay&quot;:{&quot;url&quot;:&quot;&quot;,&quot;id&quot;:&quot;&quot;,&quot;size&quot;:&quot;&quot;,&quot;alt&quot;:&quot;Los 5 grandes mitos de la artrosis&quot;,&quot;source&quot;:&quot;library&quot;},&quot;video_type&quot;:&quot;youtube&quot;,&quot;controls&quot;:&quot;yes&quot;}\" data-widget_type=\"video.default\">\n\t\t\t\t<div class=\"elementor-widget-container\">\n\t\t\t\t\t\t\t<div class=\"elementor-wrapper elementor-open-inline\">\n\t\t\t<div class=\"elementor-video\"><\/div>\t\t<\/div>\n\t\t\t\t\t\t<\/div>\n\t\t\t\t<\/div>\n\t\t\t\t\t<\/div>\n\t\t<\/div>\n\t\t\t\t\t<\/div>\n\t\t<\/section>\n\t\t\t\t<\/div>\n\t\t","protected":false},"excerpt":{"rendered":"<p>Esport i osteoporosi Esport i salut articular La pr\u00e0ctica regular dexercici f\u00edsic t\u00e9 m\u00faltiples beneficis per a la salut. El moviment enforteix els m\u00fasculs, millora la coordinaci\u00f3 i afavoreix la densitat \u00f2ssia, contribuint aix\u00ed a la prevenci\u00f3 de malalties osteoarticulars. Tot i aix\u00f2, quan l&#8217;entrenament es torna excessiu o no s&#8217;acompanya d&#8217;una nutrici\u00f3 adequada, especialment [&hellip;]<\/p>\n","protected":false},"author":1,"featured_media":0,"parent":0,"menu_order":0,"comment_status":"closed","ping_status":"closed","template":"","meta":{"footnotes":""},"class_list":["post-41979","page","type-page","status-publish","hentry"],"_links":{"self":[{"href":"https:\/\/www.oafifoundation.com\/ca\/wp-json\/wp\/v2\/pages\/41979","targetHints":{"allow":["GET"]}}],"collection":[{"href":"https:\/\/www.oafifoundation.com\/ca\/wp-json\/wp\/v2\/pages"}],"about":[{"href":"https:\/\/www.oafifoundation.com\/ca\/wp-json\/wp\/v2\/types\/page"}],"author":[{"embeddable":true,"href":"https:\/\/www.oafifoundation.com\/ca\/wp-json\/wp\/v2\/users\/1"}],"replies":[{"embeddable":true,"href":"https:\/\/www.oafifoundation.com\/ca\/wp-json\/wp\/v2\/comments?post=41979"}],"version-history":[{"count":4,"href":"https:\/\/www.oafifoundation.com\/ca\/wp-json\/wp\/v2\/pages\/41979\/revisions"}],"predecessor-version":[{"id":41986,"href":"https:\/\/www.oafifoundation.com\/ca\/wp-json\/wp\/v2\/pages\/41979\/revisions\/41986"}],"wp:attachment":[{"href":"https:\/\/www.oafifoundation.com\/ca\/wp-json\/wp\/v2\/media?parent=41979"}],"curies":[{"name":"wp","href":"https:\/\/api.w.org\/{rel}","templated":true}]}}