{"id":31678,"date":"2023-01-15T21:13:01","date_gmt":"2023-01-15T20:13:01","guid":{"rendered":"https:\/\/www.oafifoundation.com\/artro-360\/"},"modified":"2023-06-22T18:33:24","modified_gmt":"2023-06-22T16:33:24","slug":"artro-360","status":"publish","type":"page","link":"https:\/\/www.oafifoundation.com\/en\/artro-360\/","title":{"rendered":"Artro 360\u00ba"},"content":{"rendered":"\t\t<div data-elementor-type=\"wp-page\" data-elementor-id=\"31678\" class=\"elementor elementor-31678 elementor-28136\">\n\t\t\t\t\t\t<section class=\"has_eae_slider elementor-section elementor-top-section elementor-element elementor-element-6a15af8c elementor-section-stretched elementor-section-content-middle elementor-section-boxed elementor-section-height-default elementor-section-height-default\" data-eae-slider=\"79405\" data-id=\"6a15af8c\" data-element_type=\"section\" data-settings=\"{&quot;stretch_section&quot;:&quot;section-stretched&quot;,&quot;background_background&quot;:&quot;classic&quot;}\">\n\t\t\t\t\t\t\t<div class=\"elementor-background-overlay\"><\/div>\n\t\t\t\t\t\t\t<div class=\"elementor-container elementor-column-gap-default\">\n\t\t\t\t\t<div class=\"has_eae_slider elementor-column elementor-col-100 elementor-top-column elementor-element elementor-element-34ca0f38\" data-eae-slider=\"5825\" data-id=\"34ca0f38\" data-element_type=\"column\">\n\t\t\t<div class=\"elementor-widget-wrap elementor-element-populated\">\n\t\t\t\t\t\t<div class=\"elementor-element elementor-element-6f33ca96 elementor-widget elementor-widget-heading\" data-id=\"6f33ca96\" data-element_type=\"widget\" data-widget_type=\"heading.default\">\n\t\t\t\t<div class=\"elementor-widget-container\">\n\t\t\t\t\t<h1 class=\"elementor-heading-title elementor-size-default\">Artro 360\u00ba Model<\/h1>\t\t\t\t<\/div>\n\t\t\t\t<\/div>\n\t\t\t\t<div class=\"elementor-element elementor-element-0040110 elementor-widget elementor-widget-heading\" data-id=\"0040110\" data-element_type=\"widget\" data-widget_type=\"heading.default\">\n\t\t\t\t<div class=\"elementor-widget-container\">\n\t\t\t\t\t<p class=\"elementor-heading-title elementor-size-default\">Proposal for a new, more humanized care model to advance in the treatment of osteoarticular health<\/p>\t\t\t\t<\/div>\n\t\t\t\t<\/div>\n\t\t\t\t\t<\/div>\n\t\t<\/div>\n\t\t\t\t\t<\/div>\n\t\t<\/section>\n\t\t\t\t<section class=\"has_eae_slider elementor-section elementor-top-section elementor-element elementor-element-a7eedfd elementor-section-stretched elementor-section-boxed elementor-section-height-default elementor-section-height-default\" data-eae-slider=\"32595\" data-id=\"a7eedfd\" data-element_type=\"section\" data-settings=\"{&quot;stretch_section&quot;:&quot;section-stretched&quot;}\">\n\t\t\t\t\t\t<div class=\"elementor-container elementor-column-gap-default\">\n\t\t\t\t\t<div class=\"has_eae_slider elementor-column elementor-col-50 elementor-top-column elementor-element elementor-element-0ebe245 elementor-invisible\" data-eae-slider=\"55603\" data-id=\"0ebe245\" data-element_type=\"column\" data-settings=\"{&quot;background_background&quot;:&quot;classic&quot;,&quot;animation&quot;:&quot;fadeInLeft&quot;}\">\n\t\t\t<div class=\"elementor-widget-wrap elementor-element-populated\">\n\t\t\t\t\t\t<div class=\"elementor-element elementor-element-e2a266c elementor-widget elementor-widget-text-editor\" data-id=\"e2a266c\" data-element_type=\"widget\" data-widget_type=\"text-editor.default\">\n\t\t\t\t<div class=\"elementor-widget-container\">\n\t\t\t\t\t\t\t\t\t<p>The Osteoarthritis Foundation International (OAFI) with the methodological support of the Spanish Society for Healthcare Quality (SECA) and together with the AECOSAR Association, have developed a new health management model that we have called ARTRO 360. The model is based on the Model of Care (MoC), a framework of evidence and informed consultation that describes what and how health and related services should be provided to people based on their health needs, always taking into account the patient&#8217;s vision.<\/p><p>The model has been developed taking into account three main areas:<\/p><ol><li>Active role of the patient and patient organizations<\/li><li>Optimize available resources<\/li><li>Multidisciplinary approach to take into account all the agents involved in the care process to work in coordination: patients, doctors, nurses, pharmacists, managers, caregivers, family&#8230;<\/li><\/ol>\t\t\t\t\t\t\t\t<\/div>\n\t\t\t\t<\/div>\n\t\t\t\t\t<\/div>\n\t\t<\/div>\n\t\t\t\t<div class=\"has_eae_slider elementor-column elementor-col-50 elementor-top-column elementor-element elementor-element-2ea8373 elementor-invisible\" data-eae-slider=\"90045\" data-id=\"2ea8373\" data-element_type=\"column\" data-settings=\"{&quot;background_background&quot;:&quot;classic&quot;,&quot;animation&quot;:&quot;fadeInRight&quot;}\">\n\t\t\t<div class=\"elementor-widget-wrap elementor-element-populated\">\n\t\t\t\t\t\t<div class=\"elementor-element elementor-element-65df7c0 elementor-widget elementor-widget-spacer\" data-id=\"65df7c0\" data-element_type=\"widget\" data-widget_type=\"spacer.default\">\n\t\t\t\t<div class=\"elementor-widget-container\">\n\t\t\t\t\t\t\t<div class=\"elementor-spacer\">\n\t\t\t<div class=\"elementor-spacer-inner\"><\/div>\n\t\t<\/div>\n\t\t\t\t\t\t<\/div>\n\t\t\t\t<\/div>\n\t\t\t\t\t<\/div>\n\t\t<\/div>\n\t\t\t\t\t<\/div>\n\t\t<\/section>\n\t\t\t\t<section class=\"has_eae_slider elementor-section elementor-top-section elementor-element elementor-element-8c71aa4 elementor-section-stretched elementor-section-boxed elementor-section-height-default elementor-section-height-default\" data-eae-slider=\"64706\" data-id=\"8c71aa4\" data-element_type=\"section\" data-settings=\"{&quot;stretch_section&quot;:&quot;section-stretched&quot;}\">\n\t\t\t\t\t\t<div class=\"elementor-container elementor-column-gap-default\">\n\t\t\t\t\t<div class=\"has_eae_slider elementor-column elementor-col-50 elementor-top-column elementor-element elementor-element-bd03629 elementor-invisible\" data-eae-slider=\"70248\" data-id=\"bd03629\" data-element_type=\"column\" data-settings=\"{&quot;background_background&quot;:&quot;classic&quot;,&quot;animation&quot;:&quot;fadeInLeft&quot;,&quot;animation_delay&quot;:200}\">\n\t\t\t<div class=\"elementor-widget-wrap elementor-element-populated\">\n\t\t\t\t\t\t<div class=\"elementor-element elementor-element-0146910 elementor-widget elementor-widget-spacer\" data-id=\"0146910\" data-element_type=\"widget\" data-widget_type=\"spacer.default\">\n\t\t\t\t<div class=\"elementor-widget-container\">\n\t\t\t\t\t\t\t<div class=\"elementor-spacer\">\n\t\t\t<div class=\"elementor-spacer-inner\"><\/div>\n\t\t<\/div>\n\t\t\t\t\t\t<\/div>\n\t\t\t\t<\/div>\n\t\t\t\t\t<\/div>\n\t\t<\/div>\n\t\t\t\t<div class=\"has_eae_slider elementor-column elementor-col-50 elementor-top-column elementor-element elementor-element-eb7f5f7 elementor-invisible\" data-eae-slider=\"65639\" data-id=\"eb7f5f7\" data-element_type=\"column\" data-settings=\"{&quot;background_background&quot;:&quot;classic&quot;,&quot;animation&quot;:&quot;fadeInRight&quot;,&quot;animation_delay&quot;:200}\">\n\t\t\t<div class=\"elementor-widget-wrap elementor-element-populated\">\n\t\t\t\t\t\t<div class=\"elementor-element elementor-element-359a9c6 elementor-widget elementor-widget-text-editor\" data-id=\"359a9c6\" data-element_type=\"widget\" data-widget_type=\"text-editor.default\">\n\t\t\t\t<div class=\"elementor-widget-container\">\n\t\t\t\t\t\t\t\t\t<p>Therefore, the proposal of the ARTRO 360 model implies:<\/p><ul><li>Promote the participation of patients and professionals in health policies, research and management model.<\/li><li>Encourage patient participation in their health care and in decision-making that affects them.<\/li><li>Reduce waiting time for diagnosis.<\/li><li>Facilitate access to optimal and endorsed pharmacological and non-pharmacological treatment to improve the living conditions of patients.<\/li><li>Take into account comorbidities, and possible interactions and adverse effects of drug treatment<\/li><\/ul><p>Raise awareness among administrations and public opinion of the relevant role of patient organizations, as an active resource, which complements the portfolio of services, strengthens professionals and produces significant financial savings.<\/p>\t\t\t\t\t\t\t\t<\/div>\n\t\t\t\t<\/div>\n\t\t\t\t\t<\/div>\n\t\t<\/div>\n\t\t\t\t\t<\/div>\n\t\t<\/section>\n\t\t\t\t<section class=\"has_eae_slider elementor-section elementor-top-section elementor-element elementor-element-f11c851 elementor-section-stretched elementor-section-boxed elementor-section-height-default elementor-section-height-default\" data-eae-slider=\"48139\" data-id=\"f11c851\" data-element_type=\"section\" data-settings=\"{&quot;stretch_section&quot;:&quot;section-stretched&quot;}\">\n\t\t\t\t\t\t<div class=\"elementor-container elementor-column-gap-default\">\n\t\t\t\t\t<div class=\"has_eae_slider elementor-column elementor-col-100 elementor-top-column elementor-element elementor-element-9bc6462\" data-eae-slider=\"30690\" data-id=\"9bc6462\" data-element_type=\"column\">\n\t\t\t<div class=\"elementor-widget-wrap elementor-element-populated\">\n\t\t\t\t\t\t<div class=\"elementor-element elementor-element-f48294c elementor-invisible elementor-widget elementor-widget-image\" data-id=\"f48294c\" data-element_type=\"widget\" data-settings=\"{&quot;_animation&quot;:&quot;fadeIn&quot;}\" data-widget_type=\"image.default\">\n\t\t\t\t<div class=\"elementor-widget-container\">\n\t\t\t\t\t\t\t\t\t\t\t\t\t\t\t<img fetchpriority=\"high\" decoding=\"async\" width=\"1200\" height=\"528\" src=\"https:\/\/www.oafifoundation.com\/wp-content\/uploads\/2023\/02\/presentacion-madrid-artro-360.jpg\" class=\"attachment-full size-full wp-image-29065\" alt=\"Presentaci\u00f3n en Madrid del Modelo Artro 360\u00ba\" srcset=\"https:\/\/www.oafifoundation.com\/wp-content\/uploads\/2023\/02\/presentacion-madrid-artro-360.jpg 1200w, https:\/\/www.oafifoundation.com\/wp-content\/uploads\/2023\/02\/presentacion-madrid-artro-360-300x132.jpg 300w, https:\/\/www.oafifoundation.com\/wp-content\/uploads\/2023\/02\/presentacion-madrid-artro-360-1024x451.jpg 1024w, https:\/\/www.oafifoundation.com\/wp-content\/uploads\/2023\/02\/presentacion-madrid-artro-360-768x338.jpg 768w, https:\/\/www.oafifoundation.com\/wp-content\/uploads\/2023\/02\/presentacion-madrid-artro-360-600x264.jpg 600w\" sizes=\"(max-width: 1200px) 100vw, 1200px\" \/>\t\t\t\t\t\t\t\t\t\t\t\t\t\t\t<\/div>\n\t\t\t\t<\/div>\n\t\t\t\t<div class=\"elementor-element elementor-element-f5ccac2 elementor-invisible elementor-widget elementor-widget-text-editor\" data-id=\"f5ccac2\" data-element_type=\"widget\" data-settings=\"{&quot;_animation&quot;:&quot;fadeInUp&quot;}\" data-widget_type=\"text-editor.default\">\n\t\t\t\t<div class=\"elementor-widget-container\">\n\t\t\t\t\t\t\t\t\t<p>With this program, it will be possible to reduce the cost of osteoarthritis disease by around 100 million euros, also improving the quality of care for our patients. But a coordinated action of the health authorities, scientific and professional societies, patient organizations is essential; as well as the other agents involved.<\/p><p>Currently the following organizations have reviewed and ratified the model:<\/p>\t\t\t\t\t\t\t\t<\/div>\n\t\t\t\t<\/div>\n\t\t\t\t\t<\/div>\n\t\t<\/div>\n\t\t\t\t\t<\/div>\n\t\t<\/section>\n\t\t\t\t<section class=\"has_eae_slider elementor-section elementor-top-section elementor-element elementor-element-73a5e91 elementor-section-stretched elementor-section-boxed elementor-section-height-default elementor-section-height-default\" data-eae-slider=\"53252\" data-id=\"73a5e91\" data-element_type=\"section\" data-settings=\"{&quot;stretch_section&quot;:&quot;section-stretched&quot;}\">\n\t\t\t\t\t\t<div class=\"elementor-container elementor-column-gap-default\">\n\t\t\t\t\t<div class=\"has_eae_slider elementor-column elementor-col-100 elementor-top-column elementor-element elementor-element-3848a68\" data-eae-slider=\"53951\" data-id=\"3848a68\" data-element_type=\"column\">\n\t\t\t<div class=\"elementor-widget-wrap elementor-element-populated\">\n\t\t\t\t\t\t<div class=\"elementor-element elementor-element-98b6af7 elementor-invisible elementor-widget elementor-widget-text-editor\" data-id=\"98b6af7\" data-element_type=\"widget\" data-settings=\"{&quot;_animation&quot;:&quot;fadeInUp&quot;}\" data-widget_type=\"text-editor.default\">\n\t\t\t\t<div class=\"elementor-widget-container\">\n\t\t\t\t\t\t\t\t\t<p><strong>Sociedad Espa\u00f1ola (SE) de M\u00e9dicos de Atenci\u00f3n Primaria-SEMERGEN<\/strong><br \/><strong>SE M\u00e9dicos Generales y de Familia-SEMG<\/strong><br \/><strong>SE de Medicina Familia y Comunitaria-SEMFyC<\/strong><br \/><strong>SE de Traumatolog\u00eda del Deporte-SETRADE<\/strong><br \/><strong>SE de Reumatolog\u00eda-SER<\/strong><br \/><strong>SE de Farmacia Familiar y Comunitaria-SEFAC<\/strong><br \/><strong>SE Multidisciplinar del Dolor-SEMDOR<\/strong><br \/><strong>SE de Cirug\u00eda Ortop\u00e9dica y Traumatolog\u00eda-SECOT<\/strong><br \/><strong>SE de Investigaci\u00f3n \u00d3sea y del Metabolismo Mineral-SEIOMM<\/strong><br \/><strong>SE de Atenci\u00f3n al Usuario de la Sanidad-SEAUS<\/strong><br \/><strong>Registro Nacional de Fracturas de Cadera-RNFC<\/strong><br \/><strong>Escuela Enfermer\u00eda de la Universidad de Barcelona<\/strong><br \/><strong>Departamento de Farmacolog\u00eda de la UB<\/strong><br \/><strong>Sociedad de Investigaci\u00f3n Biom\u00e9dica-SCIB<br \/>Federaci\u00f3n de Asociaciones de Enfermer\u00eda Familiar y Comunitaria (FAECAP)<br \/><\/strong><\/p>\t\t\t\t\t\t\t\t<\/div>\n\t\t\t\t<\/div>\n\t\t\t\t\t<\/div>\n\t\t<\/div>\n\t\t\t\t\t<\/div>\n\t\t<\/section>\n\t\t\t\t<section class=\"has_eae_slider elementor-section elementor-top-section elementor-element elementor-element-92e57d3 elementor-section-content-middle elementor-section-stretched elementor-section-boxed elementor-section-height-default elementor-section-height-default\" data-eae-slider=\"49652\" data-id=\"92e57d3\" data-element_type=\"section\" data-settings=\"{&quot;stretch_section&quot;:&quot;section-stretched&quot;}\">\n\t\t\t\t\t\t<div class=\"elementor-container elementor-column-gap-no\">\n\t\t\t\t\t<div class=\"has_eae_slider elementor-column elementor-col-33 elementor-top-column elementor-element elementor-element-b9d9e07 elementor-invisible\" data-eae-slider=\"87188\" data-id=\"b9d9e07\" data-element_type=\"column\" data-settings=\"{&quot;background_background&quot;:&quot;classic&quot;,&quot;animation&quot;:&quot;fadeInLeft&quot;}\">\n\t\t\t<div class=\"elementor-widget-wrap elementor-element-populated\">\n\t\t\t\t\t\t<div class=\"elementor-element elementor-element-1fbf0d1 oafi-white-text elementor-widget elementor-widget-text-editor\" data-id=\"1fbf0d1\" data-element_type=\"widget\" data-widget_type=\"text-editor.default\">\n\t\t\t\t<div class=\"elementor-widget-container\">\n\t\t\t\t\t\t\t\t\t<p>Presented ARTRO 360, as a new multidisciplinary management model in the treatment of osteoarthritis in the Senate, at this time, it is being disseminated to the health departments of the different Autonomous Communities.<\/p>\t\t\t\t\t\t\t\t<\/div>\n\t\t\t\t<\/div>\n\t\t\t\t\t<\/div>\n\t\t<\/div>\n\t\t\t\t<div class=\"has_eae_slider elementor-column elementor-col-66 elementor-top-column elementor-element elementor-element-daa4100 elementor-invisible\" data-eae-slider=\"311\" data-id=\"daa4100\" data-element_type=\"column\" data-settings=\"{&quot;animation&quot;:&quot;fadeInRight&quot;}\">\n\t\t\t<div class=\"elementor-widget-wrap elementor-element-populated\">\n\t\t\t\t\t\t<div class=\"elementor-element elementor-element-f12b0ef elementor-widget elementor-widget-image\" data-id=\"f12b0ef\" data-element_type=\"widget\" data-widget_type=\"image.default\">\n\t\t\t\t<div class=\"elementor-widget-container\">\n\t\t\t\t\t\t\t\t\t\t\t\t\t\t\t<img decoding=\"async\" width=\"1024\" height=\"683\" src=\"https:\/\/www.oafifoundation.com\/wp-content\/uploads\/2023\/02\/presentacion-senado-artro-360-1024x683.jpg\" class=\"attachment-large size-large wp-image-29068\" alt=\"Presentaci\u00f3n en El Senado del Modelo Artro 360\u00ba\" srcset=\"https:\/\/www.oafifoundation.com\/wp-content\/uploads\/2023\/02\/presentacion-senado-artro-360-1024x683.jpg 1024w, https:\/\/www.oafifoundation.com\/wp-content\/uploads\/2023\/02\/presentacion-senado-artro-360-300x200.jpg 300w, https:\/\/www.oafifoundation.com\/wp-content\/uploads\/2023\/02\/presentacion-senado-artro-360-768x512.jpg 768w, https:\/\/www.oafifoundation.com\/wp-content\/uploads\/2023\/02\/presentacion-senado-artro-360-600x400.jpg 600w, https:\/\/www.oafifoundation.com\/wp-content\/uploads\/2023\/02\/presentacion-senado-artro-360.jpg 1200w\" sizes=\"(max-width: 1024px) 100vw, 1024px\" \/>\t\t\t\t\t\t\t\t\t\t\t\t\t\t\t<\/div>\n\t\t\t\t<\/div>\n\t\t\t\t\t<\/div>\n\t\t<\/div>\n\t\t\t\t\t<\/div>\n\t\t<\/section>\n\t\t\t\t<section class=\"has_eae_slider elementor-section elementor-top-section elementor-element elementor-element-85059b6 elementor-section-stretched elementor-section-boxed elementor-section-height-default elementor-section-height-default elementor-invisible\" data-eae-slider=\"19632\" data-id=\"85059b6\" data-element_type=\"section\" data-settings=\"{&quot;animation&quot;:&quot;fadeIn&quot;,&quot;stretch_section&quot;:&quot;section-stretched&quot;}\">\n\t\t\t\t\t\t<div class=\"elementor-container elementor-column-gap-default\">\n\t\t\t\t\t<div class=\"has_eae_slider elementor-column elementor-col-100 elementor-top-column elementor-element elementor-element-dc1e317\" data-eae-slider=\"76692\" data-id=\"dc1e317\" data-element_type=\"column\">\n\t\t\t<div class=\"elementor-widget-wrap elementor-element-populated\">\n\t\t\t\t\t\t<div class=\"elementor-element elementor-element-1ca5100 elementor-widget elementor-widget-text-editor\" data-id=\"1ca5100\" data-element_type=\"widget\" data-widget_type=\"text-editor.default\">\n\t\t\t\t<div class=\"elementor-widget-container\">\n\t\t\t\t\t\t\t\t\t<p>If you want to know more about the model, don&#8217;t miss our YouTube videos for this purpose:<\/p>\t\t\t\t\t\t\t\t<\/div>\n\t\t\t\t<\/div>\n\t\t\t\t<section class=\"has_eae_slider elementor-section elementor-inner-section elementor-element elementor-element-7ce1836 elementor-section-boxed elementor-section-height-default elementor-section-height-default\" data-eae-slider=\"89891\" data-id=\"7ce1836\" data-element_type=\"section\">\n\t\t\t\t\t\t<div class=\"elementor-container elementor-column-gap-default\">\n\t\t\t\t\t<div class=\"has_eae_slider elementor-column elementor-col-33 elementor-inner-column elementor-element elementor-element-ca6e64c elementor-invisible\" data-eae-slider=\"4737\" data-id=\"ca6e64c\" data-element_type=\"column\" data-settings=\"{&quot;animation&quot;:&quot;fadeInUp&quot;}\">\n\t\t\t<div class=\"elementor-widget-wrap elementor-element-populated\">\n\t\t\t\t\t\t<div class=\"elementor-element elementor-element-a2b704c elementor-widget elementor-widget-video\" data-id=\"a2b704c\" data-element_type=\"widget\" data-settings=\"{&quot;youtube_url&quot;:&quot;https:\\\/\\\/youtu.be\\\/9ptvJXBb4g0&quot;,&quot;yt_privacy&quot;:&quot;yes&quot;,&quot;video_type&quot;:&quot;youtube&quot;,&quot;controls&quot;:&quot;yes&quot;}\" data-widget_type=\"video.default\">\n\t\t\t\t<div class=\"elementor-widget-container\">\n\t\t\t\t\t\t\t<div class=\"elementor-wrapper elementor-open-inline\">\n\t\t\t<div class=\"elementor-video\"><\/div>\t\t<\/div>\n\t\t\t\t\t\t<\/div>\n\t\t\t\t<\/div>\n\t\t\t\t<div class=\"elementor-element elementor-element-2d41bc8 elementor-widget elementor-widget-heading\" data-id=\"2d41bc8\" data-element_type=\"widget\" data-widget_type=\"heading.default\">\n\t\t\t\t<div class=\"elementor-widget-container\">\n\t\t\t\t\t<p class=\"elementor-heading-title elementor-size-default\">Presentation of the ARTRO 360 model in Madrid, December 13, 2022<\/p>\t\t\t\t<\/div>\n\t\t\t\t<\/div>\n\t\t\t\t\t<\/div>\n\t\t<\/div>\n\t\t\t\t<div class=\"has_eae_slider elementor-column elementor-col-33 elementor-inner-column elementor-element elementor-element-f0e6546 elementor-invisible\" data-eae-slider=\"42556\" data-id=\"f0e6546\" data-element_type=\"column\" data-settings=\"{&quot;animation&quot;:&quot;fadeInUp&quot;,&quot;animation_delay&quot;:200}\">\n\t\t\t<div class=\"elementor-widget-wrap elementor-element-populated\">\n\t\t\t\t\t\t<div class=\"elementor-element elementor-element-c62add9 elementor-widget elementor-widget-video\" data-id=\"c62add9\" data-element_type=\"widget\" data-settings=\"{&quot;youtube_url&quot;:&quot;https:\\\/\\\/youtu.be\\\/pcaqiy5mZ3Q&quot;,&quot;yt_privacy&quot;:&quot;yes&quot;,&quot;video_type&quot;:&quot;youtube&quot;,&quot;controls&quot;:&quot;yes&quot;}\" data-widget_type=\"video.default\">\n\t\t\t\t<div class=\"elementor-widget-container\">\n\t\t\t\t\t\t\t<div class=\"elementor-wrapper elementor-open-inline\">\n\t\t\t<div class=\"elementor-video\"><\/div>\t\t<\/div>\n\t\t\t\t\t\t<\/div>\n\t\t\t\t<\/div>\n\t\t\t\t<div class=\"elementor-element elementor-element-01cf386 elementor-widget elementor-widget-heading\" data-id=\"01cf386\" data-element_type=\"widget\" data-widget_type=\"heading.default\">\n\t\t\t\t<div class=\"elementor-widget-container\">\n\t\t\t\t\t<p class=\"elementor-heading-title elementor-size-default\">Presentation of the ARTRO 360 model at #OAFICONGRESS22, October 27, 2022<\/p>\t\t\t\t<\/div>\n\t\t\t\t<\/div>\n\t\t\t\t\t<\/div>\n\t\t<\/div>\n\t\t\t\t<div class=\"has_eae_slider elementor-column elementor-col-33 elementor-inner-column elementor-element elementor-element-818cdb6 elementor-invisible\" data-eae-slider=\"95168\" data-id=\"818cdb6\" data-element_type=\"column\" data-settings=\"{&quot;animation&quot;:&quot;fadeInUp&quot;,&quot;animation_delay&quot;:400}\">\n\t\t\t<div class=\"elementor-widget-wrap elementor-element-populated\">\n\t\t\t\t\t\t<div class=\"elementor-element elementor-element-75e1b38 elementor-widget elementor-widget-video\" data-id=\"75e1b38\" data-element_type=\"widget\" data-settings=\"{&quot;youtube_url&quot;:&quot;https:\\\/\\\/youtu.be\\\/E1XU9lgU690&quot;,&quot;yt_privacy&quot;:&quot;yes&quot;,&quot;video_type&quot;:&quot;youtube&quot;,&quot;controls&quot;:&quot;yes&quot;}\" data-widget_type=\"video.default\">\n\t\t\t\t<div class=\"elementor-widget-container\">\n\t\t\t\t\t\t\t<div class=\"elementor-wrapper elementor-open-inline\">\n\t\t\t<div class=\"elementor-video\"><\/div>\t\t<\/div>\n\t\t\t\t\t\t<\/div>\n\t\t\t\t<\/div>\n\t\t\t\t<div class=\"elementor-element elementor-element-2acbdfb elementor-widget elementor-widget-heading\" data-id=\"2acbdfb\" data-element_type=\"widget\" data-widget_type=\"heading.default\">\n\t\t\t\t<div class=\"elementor-widget-container\">\n\t\t\t\t\t<p class=\"elementor-heading-title elementor-size-default\">Presentation of the ARTRO 360 model on #OAFIRadio, December 5, 2022<\/p>\t\t\t\t<\/div>\n\t\t\t\t<\/div>\n\t\t\t\t\t<\/div>\n\t\t<\/div>\n\t\t\t\t\t<\/div>\n\t\t<\/section>\n\t\t\t\t\t<\/div>\n\t\t<\/div>\n\t\t\t\t\t<\/div>\n\t\t<\/section>\n\t\t\t\t<section class=\"has_eae_slider elementor-section elementor-top-section elementor-element elementor-element-43ba7fdc elementor-section-stretched elementor-section-boxed elementor-section-height-default elementor-section-height-default\" data-eae-slider=\"34373\" data-id=\"43ba7fdc\" data-element_type=\"section\" data-settings=\"{&quot;stretch_section&quot;:&quot;section-stretched&quot;,&quot;background_background&quot;:&quot;classic&quot;}\">\n\t\t\t\t\t\t<div class=\"elementor-container elementor-column-gap-default\">\n\t\t\t\t\t<div class=\"has_eae_slider elementor-column elementor-col-100 elementor-top-column elementor-element elementor-element-3aa063fa\" data-eae-slider=\"51243\" data-id=\"3aa063fa\" data-element_type=\"column\">\n\t\t\t<div class=\"elementor-widget-wrap elementor-element-populated\">\n\t\t\t\t\t\t<div class=\"elementor-element elementor-element-578996b elementor-invisible elementor-widget elementor-widget-heading\" data-id=\"578996b\" data-element_type=\"widget\" data-settings=\"{&quot;_animation&quot;:&quot;fadeInDown&quot;}\" data-widget_type=\"heading.default\">\n\t\t\t\t<div class=\"elementor-widget-container\">\n\t\t\t\t\t<span class=\"elementor-heading-title elementor-size-default\">Do you want to be part of the ARTRO360 model? This initiative is open to the incorporation of new medical entities<\/span>\t\t\t\t<\/div>\n\t\t\t\t<\/div>\n\t\t\t\t<div class=\"elementor-element elementor-element-e3469db elementor-align-center elementor-invisible elementor-widget elementor-widget-button\" data-id=\"e3469db\" data-element_type=\"widget\" data-settings=\"{&quot;_animation&quot;:&quot;fadeInUp&quot;}\" data-widget_type=\"button.default\">\n\t\t\t\t<div class=\"elementor-widget-container\">\n\t\t\t\t\t\t\t\t\t<div class=\"elementor-button-wrapper\">\n\t\t\t\t\t<a class=\"elementor-button elementor-button-link elementor-size-sm\" href=\"mailto:research@oafifoundation.com\">\n\t\t\t\t\t\t<span class=\"elementor-button-content-wrapper\">\n\t\t\t\t\t\t<span class=\"elementor-button-icon\">\n\t\t\t\t<i aria-hidden=\"true\" class=\"far fa-envelope\"><\/i>\t\t\t<\/span>\n\t\t\t\t\t\t\t\t\t<span class=\"elementor-button-text\">Send us an Email!<\/span>\n\t\t\t\t\t<\/span>\n\t\t\t\t\t<\/a>\n\t\t\t\t<\/div>\n\t\t\t\t\t\t\t\t<\/div>\n\t\t\t\t<\/div>\n\t\t\t\t\t<\/div>\n\t\t<\/div>\n\t\t\t\t\t<\/div>\n\t\t<\/section>\n\t\t\t\t<\/div>\n\t\t","protected":false},"excerpt":{"rendered":"<p>Artro 360\u00ba Model Proposal for a new, more humanized care model to advance in the treatment of osteoarticular health The Osteoarthritis Foundation International (OAFI) with the methodological support of the Spanish Society for Healthcare Quality (SECA) and together with the AECOSAR Association, have developed a new health management model that we have called ARTRO 360. [&hellip;]<\/p>\n","protected":false},"author":1,"featured_media":0,"parent":0,"menu_order":0,"comment_status":"closed","ping_status":"closed","template":"","meta":{"footnotes":""},"class_list":["post-31678","page","type-page","status-publish","hentry"],"_links":{"self":[{"href":"https:\/\/www.oafifoundation.com\/en\/wp-json\/wp\/v2\/pages\/31678","targetHints":{"allow":["GET"]}}],"collection":[{"href":"https:\/\/www.oafifoundation.com\/en\/wp-json\/wp\/v2\/pages"}],"about":[{"href":"https:\/\/www.oafifoundation.com\/en\/wp-json\/wp\/v2\/types\/page"}],"author":[{"embeddable":true,"href":"https:\/\/www.oafifoundation.com\/en\/wp-json\/wp\/v2\/users\/1"}],"replies":[{"embeddable":true,"href":"https:\/\/www.oafifoundation.com\/en\/wp-json\/wp\/v2\/comments?post=31678"}],"version-history":[{"count":7,"href":"https:\/\/www.oafifoundation.com\/en\/wp-json\/wp\/v2\/pages\/31678\/revisions"}],"predecessor-version":[{"id":33057,"href":"https:\/\/www.oafifoundation.com\/en\/wp-json\/wp\/v2\/pages\/31678\/revisions\/33057"}],"wp:attachment":[{"href":"https:\/\/www.oafifoundation.com\/en\/wp-json\/wp\/v2\/media?parent=31678"}],"curies":[{"name":"wp","href":"https:\/\/api.w.org\/{rel}","templated":true}]}}