{"id":31711,"date":"2023-01-10T21:32:13","date_gmt":"2023-01-10T20:32:13","guid":{"rendered":"https:\/\/www.oafifoundation.com\/especiales-oafi\/"},"modified":"2026-03-25T17:15:10","modified_gmt":"2026-03-25T16:15:10","slug":"oafi-specials","status":"publish","type":"page","link":"https:\/\/www.oafifoundation.com\/en\/oafi-specials\/","title":{"rendered":"OAFI Specials"},"content":{"rendered":"\t\t<div data-elementor-type=\"wp-page\" data-elementor-id=\"31711\" class=\"elementor elementor-31711 elementor-4433\">\n\t\t\t\t\t\t<section class=\"has_eae_slider elementor-section elementor-top-section elementor-element elementor-element-6a15af8c elementor-section-stretched elementor-section-content-middle elementor-section-boxed elementor-section-height-default elementor-section-height-default\" data-eae-slider=\"56808\" data-id=\"6a15af8c\" data-element_type=\"section\" data-settings=\"{&quot;stretch_section&quot;:&quot;section-stretched&quot;,&quot;background_background&quot;:&quot;classic&quot;}\">\n\t\t\t\t\t\t\t<div class=\"elementor-background-overlay\"><\/div>\n\t\t\t\t\t\t\t<div class=\"elementor-container elementor-column-gap-default\">\n\t\t\t\t\t<div class=\"has_eae_slider elementor-column elementor-col-100 elementor-top-column elementor-element elementor-element-34ca0f38 elementor-invisible\" data-eae-slider=\"5103\" data-id=\"34ca0f38\" data-element_type=\"column\" data-settings=\"{&quot;animation&quot;:&quot;fadeIn&quot;}\">\n\t\t\t<div class=\"elementor-widget-wrap elementor-element-populated\">\n\t\t\t\t\t\t<div class=\"elementor-element elementor-element-6f33ca96 elementor-widget elementor-widget-heading\" data-id=\"6f33ca96\" data-element_type=\"widget\" data-widget_type=\"heading.default\">\n\t\t\t\t<div class=\"elementor-widget-container\">\n\t\t\t\t\t<h1 class=\"elementor-heading-title elementor-size-default\">OAFI Specials<\/h1>\t\t\t\t<\/div>\n\t\t\t\t<\/div>\n\t\t\t\t\t<\/div>\n\t\t<\/div>\n\t\t\t\t\t<\/div>\n\t\t<\/section>\n\t\t\t\t<section class=\"has_eae_slider elementor-section elementor-top-section elementor-element elementor-element-a7eedfd elementor-section-content-middle elementor-section-stretched elementor-section-boxed elementor-section-height-default elementor-section-height-default\" data-eae-slider=\"4618\" data-id=\"a7eedfd\" data-element_type=\"section\" data-settings=\"{&quot;stretch_section&quot;:&quot;section-stretched&quot;}\">\n\t\t\t\t\t\t<div class=\"elementor-container elementor-column-gap-no\">\n\t\t\t\t\t<div class=\"has_eae_slider elementor-column elementor-col-50 elementor-top-column elementor-element elementor-element-0ebe245 elementor-invisible\" data-eae-slider=\"4221\" data-id=\"0ebe245\" data-element_type=\"column\" data-settings=\"{&quot;background_background&quot;:&quot;classic&quot;,&quot;animation&quot;:&quot;fadeInLeft&quot;,&quot;animation_tablet&quot;:&quot;fadeIn&quot;}\">\n\t\t\t<div class=\"elementor-widget-wrap elementor-element-populated\">\n\t\t\t\t\t\t<div class=\"elementor-element elementor-element-e2a266c elementor-widget elementor-widget-text-editor\" data-id=\"e2a266c\" data-element_type=\"widget\" data-widget_type=\"text-editor.default\">\n\t\t\t\t<div class=\"elementor-widget-container\">\n\t\t\t\t\t\t\t\t\t<p>There are many people who have joined <strong>OAFI&#8217;s fight <\/strong>to help us grow stronger.<\/p><p>From the Foundation we wanted to recognize with the figure of the tree of life the work of all those <strong>special people<\/strong> who help us to help.<\/p><p>Trees do not grow alone, and just like people, they come together to grow robustly. OAFI&#8217;s tree of life is a recognition of the unconditional support of these people.<\/p><p>Without them, we would not be who we are. Here you can find a compilation of all the winners.<\/p><p>Thanks to <strong>Your Tree Your Life<\/strong> for designing these very special awards.<\/p>\t\t\t\t\t\t\t\t<\/div>\n\t\t\t\t<\/div>\n\t\t\t\t\t<\/div>\n\t\t<\/div>\n\t\t\t\t<div class=\"has_eae_slider elementor-column elementor-col-50 elementor-top-column elementor-element elementor-element-2ea8373 elementor-invisible\" data-eae-slider=\"55908\" data-id=\"2ea8373\" data-element_type=\"column\" data-settings=\"{&quot;background_background&quot;:&quot;classic&quot;,&quot;animation&quot;:&quot;fadeInRight&quot;,&quot;animation_tablet&quot;:&quot;fadeIn&quot;}\">\n\t\t\t<div class=\"elementor-widget-wrap elementor-element-populated\">\n\t\t\t\t\t\t<div class=\"elementor-element elementor-element-c6800af elementor-widget elementor-widget-image\" data-id=\"c6800af\" data-element_type=\"widget\" data-widget_type=\"image.default\">\n\t\t\t\t<div class=\"elementor-widget-container\">\n\t\t\t\t\t\t\t\t\t\t\t\t\t\t\t<img fetchpriority=\"high\" decoding=\"async\" width=\"700\" height=\"700\" src=\"https:\/\/www.oafifoundation.com\/wp-content\/uploads\/2023\/02\/premio-arbol.jpg\" class=\"attachment-full size-full wp-image-28945\" alt=\"\u00c1rbol de la Vida\" srcset=\"https:\/\/www.oafifoundation.com\/wp-content\/uploads\/2023\/02\/premio-arbol.jpg 700w, https:\/\/www.oafifoundation.com\/wp-content\/uploads\/2023\/02\/premio-arbol-300x300.jpg 300w, https:\/\/www.oafifoundation.com\/wp-content\/uploads\/2023\/02\/premio-arbol-150x150.jpg 150w, https:\/\/www.oafifoundation.com\/wp-content\/uploads\/2023\/02\/premio-arbol-600x600.jpg 600w, https:\/\/www.oafifoundation.com\/wp-content\/uploads\/2023\/02\/premio-arbol-100x100.jpg 100w\" sizes=\"(max-width: 700px) 100vw, 700px\" \/>\t\t\t\t\t\t\t\t\t\t\t\t\t\t\t<\/div>\n\t\t\t\t<\/div>\n\t\t\t\t\t<\/div>\n\t\t<\/div>\n\t\t\t\t\t<\/div>\n\t\t<\/section>\n\t\t\t\t<section class=\"has_eae_slider elementor-section elementor-top-section elementor-element elementor-element-fd22d43 elementor-section-stretched elementor-section-boxed elementor-section-height-default elementor-section-height-default\" data-eae-slider=\"42808\" data-id=\"fd22d43\" data-element_type=\"section\" data-settings=\"{&quot;stretch_section&quot;:&quot;section-stretched&quot;}\">\n\t\t\t\t\t\t<div class=\"elementor-container elementor-column-gap-default\">\n\t\t\t\t\t<div class=\"has_eae_slider elementor-column elementor-col-100 elementor-top-column elementor-element elementor-element-406c85b elementor-invisible\" data-eae-slider=\"25306\" data-id=\"406c85b\" data-element_type=\"column\" data-settings=\"{&quot;animation&quot;:&quot;fadeInUp&quot;}\">\n\t\t\t<div class=\"elementor-widget-wrap elementor-element-populated\">\n\t\t\t\t\t\t<div class=\"elementor-element elementor-element-ce0cd8a elementor-arrows-position-inside elementor-pagination-position-outside elementor-widget elementor-widget-image-carousel\" data-id=\"ce0cd8a\" data-element_type=\"widget\" data-settings=\"{&quot;slides_to_show&quot;:&quot;1&quot;,&quot;navigation&quot;:&quot;both&quot;,&quot;autoplay&quot;:&quot;yes&quot;,&quot;pause_on_hover&quot;:&quot;yes&quot;,&quot;pause_on_interaction&quot;:&quot;yes&quot;,&quot;autoplay_speed&quot;:5000,&quot;infinite&quot;:&quot;yes&quot;,&quot;effect&quot;:&quot;slide&quot;,&quot;speed&quot;:500}\" data-widget_type=\"image-carousel.default\">\n\t\t\t\t<div class=\"elementor-widget-container\">\n\t\t\t\t\t\t\t<div class=\"elementor-image-carousel-wrapper swiper\" role=\"region\" aria-roledescription=\"carousel\" aria-label=\"Carrusel de im\u00e1genes\" dir=\"ltr\">\n\t\t\t<div class=\"elementor-image-carousel swiper-wrapper\" aria-live=\"off\">\n\t\t\t\t\t\t\t\t<div class=\"swiper-slide\" role=\"group\" aria-roledescription=\"slide\" aria-label=\"1 of 39\"><figure class=\"swiper-slide-inner\"><img decoding=\"async\" class=\"swiper-slide-image\" src=\"https:\/\/www.oafifoundation.com\/wp-content\/uploads\/2023\/02\/ramon-cugat-pedro-guillen-pedro-ripoll.jpg\" alt=\"\u2022\tDr. Ram\u00f3n Cugat, Dr. Pedro Guill\u00e9n y Dr. Pedro Ripoll \u2013 expertos y referentes en la Traumatolog\u00eda del Deporte\" \/><\/figure><\/div><div class=\"swiper-slide\" role=\"group\" aria-roledescription=\"slide\" aria-label=\"2 of 39\"><figure class=\"swiper-slide-inner\"><img decoding=\"async\" class=\"swiper-slide-image\" src=\"https:\/\/www.oafifoundation.com\/wp-content\/uploads\/2023\/02\/roser-ferriz-teresa-baldrich.jpg\" alt=\"Roser F\u00e9rriz y Teresa Baldrich \u2013 voluntarias OAFI\" \/><\/figure><\/div><div class=\"swiper-slide\" role=\"group\" aria-roledescription=\"slide\" aria-label=\"3 of 39\"><figure class=\"swiper-slide-inner\"><img decoding=\"async\" class=\"swiper-slide-image\" src=\"https:\/\/www.oafifoundation.com\/wp-content\/uploads\/2023\/02\/santiago-nino-becerra.jpg\" alt=\"Santiago Ni\u00f1o Becerra \u2013 catedr\u00e1tico de Estructura Econ\u00f3mica, IQS School of Management, Universidad Ram\u00f3n Llull\" \/><\/figure><\/div><div class=\"swiper-slide\" role=\"group\" aria-roledescription=\"slide\" aria-label=\"4 of 39\"><figure class=\"swiper-slide-inner\"><img decoding=\"async\" class=\"swiper-slide-image\" src=\"https:\/\/www.oafifoundation.com\/wp-content\/uploads\/2023\/02\/venerable-thubten-wangchen.jpg\" alt=\"Venerable Thubten Wangchen \u2013 monje budista, fundador Casa del T\u00edbet Barcelona\" \/><\/figure><\/div><div class=\"swiper-slide\" role=\"group\" aria-roledescription=\"slide\" aria-label=\"5 of 39\"><figure class=\"swiper-slide-inner\"><img decoding=\"async\" class=\"swiper-slide-image\" src=\"https:\/\/www.oafifoundation.com\/wp-content\/uploads\/2023\/02\/vicente-baixauli.jpg\" alt=\"Vicente Baixauli \u2013 doctor en farmacia, presidente de SEFAC\" \/><\/figure><\/div><div class=\"swiper-slide\" role=\"group\" aria-roledescription=\"slide\" aria-label=\"6 of 39\"><figure class=\"swiper-slide-inner\"><img decoding=\"async\" class=\"swiper-slide-image\" src=\"https:\/\/www.oafifoundation.com\/wp-content\/uploads\/2023\/02\/xavier-carne.jpg\" alt=\"Dr. Xavier Carn\u00e9 \u2013 farmac\u00f3logo cl\u00ednico\" \/><\/figure><\/div><div class=\"swiper-slide\" role=\"group\" aria-roledescription=\"slide\" aria-label=\"7 of 39\"><figure class=\"swiper-slide-inner\"><img decoding=\"async\" class=\"swiper-slide-image\" src=\"https:\/\/www.oafifoundation.com\/wp-content\/uploads\/2023\/02\/montse-serlavos.jpeg\" alt=\"Montse Serlav\u00f3s \u2013 profesora Tai Ch\u00ed OAFI\" \/><\/figure><\/div><div class=\"swiper-slide\" role=\"group\" aria-roledescription=\"slide\" aria-label=\"8 of 39\"><figure class=\"swiper-slide-inner\"><img decoding=\"async\" class=\"swiper-slide-image\" src=\"https:\/\/www.oafifoundation.com\/wp-content\/uploads\/2023\/02\/montse-mecho.jpg\" alt=\"Montse Mech\u00f3 \u2013 voluntaria OAFI\" \/><\/figure><\/div><div class=\"swiper-slide\" role=\"group\" aria-roledescription=\"slide\" aria-label=\"9 of 39\"><figure class=\"swiper-slide-inner\"><img decoding=\"async\" class=\"swiper-slide-image\" src=\"https:\/\/www.oafifoundation.com\/wp-content\/uploads\/2023\/02\/marisa-ybarra.jpg\" alt=\"Marisa Ybarra \u2013 paciente y voluntaria OAFI\" \/><\/figure><\/div><div class=\"swiper-slide\" role=\"group\" aria-roledescription=\"slide\" aria-label=\"10 of 39\"><figure class=\"swiper-slide-inner\"><img decoding=\"async\" class=\"swiper-slide-image\" src=\"https:\/\/www.oafifoundation.com\/wp-content\/uploads\/2023\/02\/maria-teresa-rivero-antonio-roman.jpg\" alt=\"Maria Teresa Rivero y Antonio Rom\u00e1n \u2013 senadores de Espa\u00f1a\" \/><\/figure><\/div><div class=\"swiper-slide\" role=\"group\" aria-roledescription=\"slide\" aria-label=\"11 of 39\"><figure class=\"swiper-slide-inner\"><img decoding=\"async\" class=\"swiper-slide-image\" src=\"https:\/\/www.oafifoundation.com\/wp-content\/uploads\/2023\/02\/maria-jose-rivas.jpg\" alt=\"Maria Jos\u00e9 Rivas \u2013 fisioterapeuta, Mad\u2019or\" \/><\/figure><\/div><div class=\"swiper-slide\" role=\"group\" aria-roledescription=\"slide\" aria-label=\"12 of 39\"><figure class=\"swiper-slide-inner\"><img decoding=\"async\" class=\"swiper-slide-image\" src=\"https:\/\/www.oafifoundation.com\/wp-content\/uploads\/2023\/02\/luis-miguel-torres.jpg\" alt=\"Dr. Luis Miguel Torres \u2013 presidente SEMDOR, Unidad del Dolor Hospital de C\u00e1diz\" \/><\/figure><\/div><div class=\"swiper-slide\" role=\"group\" aria-roledescription=\"slide\" aria-label=\"13 of 39\"><figure class=\"swiper-slide-inner\"><img decoding=\"async\" class=\"swiper-slide-image\" src=\"https:\/\/www.oafifoundation.com\/wp-content\/uploads\/2023\/02\/laura-arranz.jpg\" alt=\"Dra. Laura Arranz \u2013 dietista nutricionista especializada en dieta antinflamatoria y p\u00e9rdida de peso\" \/><\/figure><\/div><div class=\"swiper-slide\" role=\"group\" aria-roledescription=\"slide\" aria-label=\"14 of 39\"><figure class=\"swiper-slide-inner\"><img decoding=\"async\" class=\"swiper-slide-image\" src=\"https:\/\/www.oafifoundation.com\/wp-content\/uploads\/2023\/02\/julio-sanchez-fierro-recoge-raquel.jpg\" alt=\"Julio S\u00e1nchez Fierro \u2013 abogado y doctor en Ciencias de la Salud (recoge Ranquel S\u00e1nchez, abogada y representante AECOSAR)\" \/><\/figure><\/div><div class=\"swiper-slide\" role=\"group\" aria-roledescription=\"slide\" aria-label=\"15 of 39\"><figure class=\"swiper-slide-inner\"><img decoding=\"async\" class=\"swiper-slide-image\" src=\"https:\/\/www.oafifoundation.com\/wp-content\/uploads\/2023\/02\/jesus-gomez.jpg\" alt=\"Dr. Jes\u00fas G\u00f3mez \u2013 presidente de SOCFIC\" \/><\/figure><\/div><div class=\"swiper-slide\" role=\"group\" aria-roledescription=\"slide\" aria-label=\"16 of 39\"><figure class=\"swiper-slide-inner\"><img decoding=\"async\" class=\"swiper-slide-image\" src=\"https:\/\/www.oafifoundation.com\/wp-content\/uploads\/2023\/02\/ingrid-moller.jpg\" alt=\"Dra. Ingrid M\u00f6ller \u2013 directora Instituto Poal de Reumatolog\u00eda\" \/><\/figure><\/div><div class=\"swiper-slide\" role=\"group\" aria-roledescription=\"slide\" aria-label=\"17 of 39\"><figure class=\"swiper-slide-inner\"><img decoding=\"async\" class=\"swiper-slide-image\" src=\"https:\/\/www.oafifoundation.com\/wp-content\/uploads\/2023\/02\/gil-rodas.jpg\" alt=\"Dr. Gil Rodas \u2013 servicios m\u00e9dicos FC Barcelona\" \/><\/figure><\/div><div class=\"swiper-slide\" role=\"group\" aria-roledescription=\"slide\" aria-label=\"18 of 39\"><figure class=\"swiper-slide-inner\"><img decoding=\"async\" class=\"swiper-slide-image\" src=\"https:\/\/www.oafifoundation.com\/wp-content\/uploads\/2023\/02\/enrique-cerezo-alejandro-blanco.jpg\" alt=\"Enrique Cerezo (presidente Atl\u00e9tico de Madrid) y Alejandro Blanco (presidente Comit\u00e9 Ol\u00edmpico Espa\u00f1ol)\" \/><\/figure><\/div><div class=\"swiper-slide\" role=\"group\" aria-roledescription=\"slide\" aria-label=\"19 of 39\"><figure class=\"swiper-slide-inner\"><img decoding=\"async\" class=\"swiper-slide-image\" src=\"https:\/\/www.oafifoundation.com\/wp-content\/uploads\/2023\/02\/eduard-estivill.jpg\" alt=\"Dr. Eduard Estivill \u2013 especialista y pionero internacional en medicina del sue\u00f1o\" \/><\/figure><\/div><div class=\"swiper-slide\" role=\"group\" aria-roledescription=\"slide\" aria-label=\"20 of 39\"><figure class=\"swiper-slide-inner\"><img decoding=\"async\" class=\"swiper-slide-image\" src=\"https:\/\/www.oafifoundation.com\/wp-content\/uploads\/2023\/02\/dr-jose-maria-villalon.jpg\" alt=\"Dr. Jos\u00e9 Mar\u00eda Villal\u00f3n \u2013 jefe servicios m\u00e9dicos Atl\u00e9tico de Madrid\" \/><\/figure><\/div><div class=\"swiper-slide\" role=\"group\" aria-roledescription=\"slide\" aria-label=\"21 of 39\"><figure class=\"swiper-slide-inner\"><img decoding=\"async\" class=\"swiper-slide-image\" src=\"https:\/\/www.oafifoundation.com\/wp-content\/uploads\/2023\/02\/claudia-huertas.jpg\" alt=\"Cl\u00e0udia Huertas \u2013 bi\u00f3loga y ex deportista de esqu\u00ed en alta competici\u00f3n\" \/><\/figure><\/div><div class=\"swiper-slide\" role=\"group\" aria-roledescription=\"slide\" aria-label=\"22 of 39\"><figure class=\"swiper-slide-inner\"><img decoding=\"async\" class=\"swiper-slide-image\" src=\"https:\/\/www.oafifoundation.com\/wp-content\/uploads\/2023\/02\/chuso-garcia-bragado.jpg\" alt=\"Chuso Garc\u00eda Bragado \u2013 deportista de \u00e9lite en Marcha Atl\u00e9tica\" \/><\/figure><\/div><div class=\"swiper-slide\" role=\"group\" aria-roledescription=\"slide\" aria-label=\"23 of 39\"><figure class=\"swiper-slide-inner\"><img decoding=\"async\" class=\"swiper-slide-image\" src=\"https:\/\/www.oafifoundation.com\/wp-content\/uploads\/2023\/02\/cesar-hernandez-sol-ruiz.jpg\" alt=\"C\u00e9sar Hern\u00e1ndez y Sol Ruiz \u2013 director de la Cartera Com\u00fan de Servicios del SNS \/ Agencia Espa\u00f1ola de Medicamentos y Productos Sanitarios\" \/><\/figure><\/div><div class=\"swiper-slide\" role=\"group\" aria-roledescription=\"slide\" aria-label=\"24 of 39\"><figure class=\"swiper-slide-inner\"><img decoding=\"async\" class=\"swiper-slide-image\" src=\"https:\/\/www.oafifoundation.com\/wp-content\/uploads\/2023\/02\/carmen-sanchez.jpg\" alt=\"Carmen S\u00e1nchez \u2013 tesorera de AECOSAR\" \/><\/figure><\/div><div class=\"swiper-slide\" role=\"group\" aria-roledescription=\"slide\" aria-label=\"25 of 39\"><figure class=\"swiper-slide-inner\"><img decoding=\"async\" class=\"swiper-slide-image\" src=\"https:\/\/www.oafifoundation.com\/wp-content\/uploads\/2023\/02\/carlos-lens.jpg\" alt=\"Dr. Carlos Lens \u2013 exsubdirector general de la Cartera de Servicios del Ministerio de Sanidad\" \/><\/figure><\/div><div class=\"swiper-slide\" role=\"group\" aria-roledescription=\"slide\" aria-label=\"26 of 39\"><figure class=\"swiper-slide-inner\"><img decoding=\"async\" class=\"swiper-slide-image\" src=\"https:\/\/www.oafifoundation.com\/wp-content\/uploads\/2023\/02\/antonio-garcia.jpg\" alt=\"Prof. Antonio Garcia \u2013 presidente Instituto Te\u00f3filo Hernando\" \/><\/figure><\/div><div class=\"swiper-slide\" role=\"group\" aria-roledescription=\"slide\" aria-label=\"27 of 39\"><figure class=\"swiper-slide-inner\"><img decoding=\"async\" class=\"swiper-slide-image\" src=\"https:\/\/www.oafifoundation.com\/wp-content\/uploads\/2024\/08\/psanchez-especiales-oafi-1.jpg\" alt=\"Dr. Pedro S\u00e1nchez\" \/><\/figure><\/div><div class=\"swiper-slide\" role=\"group\" aria-roledescription=\"slide\" aria-label=\"28 of 39\"><figure class=\"swiper-slide-inner\"><img decoding=\"async\" class=\"swiper-slide-image\" src=\"https:\/\/www.oafifoundation.com\/wp-content\/uploads\/2024\/08\/rseijas-especiales-oafi-1.jpg\" alt=\"Dr. Roberto Seijas - Cirug\u00eda Ortop\u00e9dica y Traumatolog\u00eda\" \/><\/figure><\/div><div class=\"swiper-slide\" role=\"group\" aria-roledescription=\"slide\" aria-label=\"29 of 39\"><figure class=\"swiper-slide-inner\"><img decoding=\"async\" class=\"swiper-slide-image\" src=\"https:\/\/www.oafifoundation.com\/wp-content\/uploads\/2024\/08\/adelatorre-especiales-oafi-2.jpg\" alt=\"adelatorre-especiales-oafi\" \/><\/figure><\/div><div class=\"swiper-slide\" role=\"group\" aria-roledescription=\"slide\" aria-label=\"30 of 39\"><figure class=\"swiper-slide-inner\"><img decoding=\"async\" class=\"swiper-slide-image\" src=\"https:\/\/www.oafifoundation.com\/wp-content\/uploads\/2024\/08\/vilarrubias-especiales-oafi-scaled.jpg\" alt=\"Dr. Jose Mar\u00eda\" \/><\/figure><\/div><div class=\"swiper-slide\" role=\"group\" aria-roledescription=\"slide\" aria-label=\"31 of 39\"><figure class=\"swiper-slide-inner\"><img decoding=\"async\" class=\"swiper-slide-image\" src=\"https:\/\/www.oafifoundation.com\/wp-content\/uploads\/2024\/08\/qgarriga-especiales-oafi-scaled.jpg\" alt=\"Queralt Garriga - arquitecta y profesora asociada en ETSAB\/UPC\" \/><\/figure><\/div><div class=\"swiper-slide\" role=\"group\" aria-roledescription=\"slide\" aria-label=\"32 of 39\"><figure class=\"swiper-slide-inner\"><img decoding=\"async\" class=\"swiper-slide-image\" src=\"https:\/\/www.oafifoundation.com\/wp-content\/uploads\/2024\/08\/msans-especiales-oafi-scaled.jpg\" alt=\"Montse Sans - paciente y voluntaria OAFI\" \/><\/figure><\/div><div class=\"swiper-slide\" role=\"group\" aria-roledescription=\"slide\" aria-label=\"33 of 39\"><figure class=\"swiper-slide-inner\"><img decoding=\"async\" class=\"swiper-slide-image\" src=\"https:\/\/www.oafifoundation.com\/wp-content\/uploads\/2024\/08\/mquintero-especiales-oafi-scaled.jpg\" alt=\"Dra. Maritza Quintero - especialista en Reumatolog\u00eda y Medicina Regenerativa, Cl\u00ednica Exolife\" \/><\/figure><\/div><div class=\"swiper-slide\" role=\"group\" aria-roledescription=\"slide\" aria-label=\"34 of 39\"><figure class=\"swiper-slide-inner\"><img decoding=\"async\" class=\"swiper-slide-image\" src=\"https:\/\/www.oafifoundation.com\/wp-content\/uploads\/2024\/08\/mdesuso-especiales-oafi-scaled.jpg\" alt=\"Dra. Mar\u00eda Jos\u00e9 Gonz\u00e1lez de Suso - PNC Programa EU4Health, SG Programas Internacionales de Investigaci\u00f3n del Instituto de Salud Carlos III\" \/><\/figure><\/div><div class=\"swiper-slide\" role=\"group\" aria-roledescription=\"slide\" aria-label=\"35 of 39\"><figure class=\"swiper-slide-inner\"><img decoding=\"async\" class=\"swiper-slide-image\" src=\"https:\/\/www.oafifoundation.com\/wp-content\/uploads\/2024\/08\/jguillen-especiales-oafi-scaled.jpg\" alt=\"jguillen-especiales-oafi\" \/><\/figure><\/div><div class=\"swiper-slide\" role=\"group\" aria-roledescription=\"slide\" aria-label=\"36 of 39\"><figure class=\"swiper-slide-inner\"><img decoding=\"async\" class=\"swiper-slide-image\" src=\"https:\/\/www.oafifoundation.com\/wp-content\/uploads\/2024\/08\/fpons-especiales-oafi-scaled.jpg\" alt=\"Ferran Pons - paciente y voluntario OAFI\" \/><\/figure><\/div><div class=\"swiper-slide\" role=\"group\" aria-roledescription=\"slide\" aria-label=\"37 of 39\"><figure class=\"swiper-slide-inner\"><img decoding=\"async\" class=\"swiper-slide-image\" src=\"https:\/\/www.oafifoundation.com\/wp-content\/uploads\/2026\/03\/especiales-vicente-del-bosque.jpg\" alt=\"Vicente del Bosque - exentrenador y exfutbolista espa\u00f1ol\" \/><\/figure><\/div><div class=\"swiper-slide\" role=\"group\" aria-roledescription=\"slide\" aria-label=\"38 of 39\"><figure class=\"swiper-slide-inner\"><img decoding=\"async\" class=\"swiper-slide-image\" src=\"https:\/\/www.oafifoundation.com\/wp-content\/uploads\/2026\/03\/especiales-oafi-mikel-sanchez.jpg\" alt=\"Dr. Mikel S\u00e1nchez - especialista en Traumatolog\u00eda y Cirug\u00eda Ortop\u00e9dica - Director M\u00e9dico-Cient\u00edfico Hospital MiKS\" \/><\/figure><\/div><div class=\"swiper-slide\" role=\"group\" aria-roledescription=\"slide\" aria-label=\"39 of 39\"><figure class=\"swiper-slide-inner\"><img decoding=\"async\" class=\"swiper-slide-image\" src=\"https:\/\/www.oafifoundation.com\/wp-content\/uploads\/2026\/03\/especiales-oafi-gonzalo-allo.jpg\" alt=\"Dr. Gonzalo Allo Miguel - M\u00e9dico Especialista en Endocrinolog\u00eda, Hospital Universitario 12 de Octubre\" \/><\/figure><\/div>\t\t\t<\/div>\n\t\t\t\t\t\t\t\t\t\t\t\t<div class=\"elementor-swiper-button elementor-swiper-button-prev\" role=\"button\" tabindex=\"0\">\n\t\t\t\t\t\t<i aria-hidden=\"true\" class=\"eicon-chevron-left\"><\/i>\t\t\t\t\t<\/div>\n\t\t\t\t\t<div class=\"elementor-swiper-button elementor-swiper-button-next\" role=\"button\" tabindex=\"0\">\n\t\t\t\t\t\t<i aria-hidden=\"true\" class=\"eicon-chevron-right\"><\/i>\t\t\t\t\t<\/div>\n\t\t\t\t\n\t\t\t\t\t\t\t\t\t<div class=\"swiper-pagination\"><\/div>\n\t\t\t\t\t\t\t\t\t<\/div>\n\t\t\t\t\t\t<\/div>\n\t\t\t\t<\/div>\n\t\t\t\t\t<\/div>\n\t\t<\/div>\n\t\t\t\t\t<\/div>\n\t\t<\/section>\n\t\t\t\t<section class=\"has_eae_slider elementor-section elementor-top-section elementor-element elementor-element-4833cec0 elementor-section-stretched elementor-section-boxed elementor-section-height-default elementor-section-height-default\" data-eae-slider=\"84192\" data-id=\"4833cec0\" data-element_type=\"section\" data-settings=\"{&quot;stretch_section&quot;:&quot;section-stretched&quot;,&quot;background_background&quot;:&quot;classic&quot;}\">\n\t\t\t\t\t\t<div class=\"elementor-container elementor-column-gap-default\">\n\t\t\t\t\t<div class=\"has_eae_slider elementor-column elementor-col-100 elementor-top-column elementor-element elementor-element-71badfba elementor-invisible\" data-eae-slider=\"18637\" data-id=\"71badfba\" data-element_type=\"column\" data-settings=\"{&quot;animation&quot;:&quot;fadeIn&quot;}\">\n\t\t\t<div class=\"elementor-widget-wrap elementor-element-populated\">\n\t\t\t\t\t\t<div class=\"elementor-element elementor-element-49852ac0 elementor-view-default elementor-widget elementor-widget-icon\" data-id=\"49852ac0\" data-element_type=\"widget\" data-widget_type=\"icon.default\">\n\t\t\t\t<div class=\"elementor-widget-container\">\n\t\t\t\t\t\t\t<div class=\"elementor-icon-wrapper\">\n\t\t\t<div class=\"elementor-icon\">\n\t\t\t<i aria-hidden=\"true\" class=\"fas fa-quote-left\"><\/i>\t\t\t<\/div>\n\t\t<\/div>\n\t\t\t\t\t\t<\/div>\n\t\t\t\t<\/div>\n\t\t\t\t<div class=\"elementor-element elementor-element-32ff5431 elementor-widget elementor-widget-heading\" data-id=\"32ff5431\" data-element_type=\"widget\" data-widget_type=\"heading.default\">\n\t\t\t\t<div class=\"elementor-widget-container\">\n\t\t\t\t\t<span class=\"elementor-heading-title elementor-size-default\">\u00abIf I knew that the world would end tomorrow,<br>still today, I would plant a tree.\u00bb<br><b>Martin Luther King<\/b><\/span>\t\t\t\t<\/div>\n\t\t\t\t<\/div>\n\t\t\t\t<div class=\"elementor-element elementor-element-6dee2307 elementor-view-default elementor-widget elementor-widget-icon\" data-id=\"6dee2307\" data-element_type=\"widget\" data-widget_type=\"icon.default\">\n\t\t\t\t<div class=\"elementor-widget-container\">\n\t\t\t\t\t\t\t<div class=\"elementor-icon-wrapper\">\n\t\t\t<div class=\"elementor-icon\">\n\t\t\t<i aria-hidden=\"true\" class=\"fas fa-quote-right\"><\/i>\t\t\t<\/div>\n\t\t<\/div>\n\t\t\t\t\t\t<\/div>\n\t\t\t\t<\/div>\n\t\t\t\t\t<\/div>\n\t\t<\/div>\n\t\t\t\t\t<\/div>\n\t\t<\/section>\n\t\t\t\t<\/div>\n\t\t","protected":false},"excerpt":{"rendered":"<p>OAFI Specials There are many people who have joined OAFI&#8217;s fight to help us grow stronger. From the Foundation we wanted to recognize with the figure of the tree of life the work of all those special people who help us to help. Trees do not grow alone, and just like people, they come together [&hellip;]<\/p>\n","protected":false},"author":1,"featured_media":0,"parent":0,"menu_order":0,"comment_status":"closed","ping_status":"closed","template":"","meta":{"footnotes":""},"class_list":["post-31711","page","type-page","status-publish","hentry"],"_links":{"self":[{"href":"https:\/\/www.oafifoundation.com\/en\/wp-json\/wp\/v2\/pages\/31711","targetHints":{"allow":["GET"]}}],"collection":[{"href":"https:\/\/www.oafifoundation.com\/en\/wp-json\/wp\/v2\/pages"}],"about":[{"href":"https:\/\/www.oafifoundation.com\/en\/wp-json\/wp\/v2\/types\/page"}],"author":[{"embeddable":true,"href":"https:\/\/www.oafifoundation.com\/en\/wp-json\/wp\/v2\/users\/1"}],"replies":[{"embeddable":true,"href":"https:\/\/www.oafifoundation.com\/en\/wp-json\/wp\/v2\/comments?post=31711"}],"version-history":[{"count":10,"href":"https:\/\/www.oafifoundation.com\/en\/wp-json\/wp\/v2\/pages\/31711\/revisions"}],"predecessor-version":[{"id":43787,"href":"https:\/\/www.oafifoundation.com\/en\/wp-json\/wp\/v2\/pages\/31711\/revisions\/43787"}],"wp:attachment":[{"href":"https:\/\/www.oafifoundation.com\/en\/wp-json\/wp\/v2\/media?parent=31711"}],"curies":[{"name":"wp","href":"https:\/\/api.w.org\/{rel}","templated":true}]}}